{"id":78,"date":"2012-07-23T17:23:17","date_gmt":"2012-07-23T20:23:17","guid":{"rendered":"http:\/\/uenf.br\/cch\/biblioteca\/?page_id=78"},"modified":"2022-04-08T18:14:40","modified_gmt":"2022-04-08T21:14:40","slug":"normalizacao-bibliografica","status":"publish","type":"page","link":"https:\/\/uenf.br\/cch\/biblioteca\/servicos\/normalizacao-bibliografica\/","title":{"rendered":"Normas ABNT"},"content":{"rendered":"<p style=\"text-align: left\"><a href=\"https:\/\/uenf.br\/cch\/biblioteca\/files\/2022\/04\/image1-1-1-scaled.jpeg\"><img loading=\"lazy\" decoding=\"async\" class=\"size-medium wp-image-211 alignleft\" src=\"https:\/\/uenf.br\/cch\/biblioteca\/files\/2022\/04\/image1-1-1-225x300.jpeg\" alt=\"Monografias, Teses e disserta\u00e7\u00f5es\" width=\"225\" height=\"300\" srcset=\"https:\/\/uenf.br\/cch\/biblioteca\/files\/2022\/04\/image1-1-1-225x300.jpeg 225w, https:\/\/uenf.br\/cch\/biblioteca\/files\/2022\/04\/image1-1-1-768x1024.jpeg 768w, https:\/\/uenf.br\/cch\/biblioteca\/files\/2022\/04\/image1-1-1-1152x1536.jpeg 1152w, https:\/\/uenf.br\/cch\/biblioteca\/files\/2022\/04\/image1-1-1-1536x2048.jpeg 1536w, https:\/\/uenf.br\/cch\/biblioteca\/files\/2022\/04\/image1-1-1-scaled.jpeg 1920w\" sizes=\"auto, (max-width: 225px) 100vw, 225px\" \/><\/a>A Biblioteca do CCH disponibiliza o servi\u00e7o de orienta\u00e7\u00e3o quanto a aplica\u00e7\u00e3o das regras e padr\u00f5es da ABNT para disserta\u00e7\u00f5es, teses, artigos de peri\u00f3dicos, livros e trabalhos cient\u00edficos. Informe-se com o(a) bibliotec\u00e1rio(a).<\/p>\n","protected":false},"excerpt":{"rendered":"<p>A Biblioteca do CCH disponibiliza o servi\u00e7o de orienta\u00e7\u00e3o quanto a aplica\u00e7\u00e3o das regras e padr\u00f5es da ABNT para disserta\u00e7\u00f5es,&#8230;<\/p>\n","protected":false},"author":4,"featured_media":0,"parent":32,"menu_order":19,"comment_status":"closed","ping_status":"open","template":"","meta":{"footnotes":""},"class_list":["post-78","page","type-page","status-publish","hentry"],"_links":{"self":[{"href":"https:\/\/uenf.br\/cch\/biblioteca\/wp-json\/wp\/v2\/pages\/78","targetHints":{"allow":["GET"]}}],"collection":[{"href":"https:\/\/uenf.br\/cch\/biblioteca\/wp-json\/wp\/v2\/pages"}],"about":[{"href":"https:\/\/uenf.br\/cch\/biblioteca\/wp-json\/wp\/v2\/types\/page"}],"author":[{"embeddable":true,"href":"https:\/\/uenf.br\/cch\/biblioteca\/wp-json\/wp\/v2\/users\/4"}],"replies":[{"embeddable":true,"href":"https:\/\/uenf.br\/cch\/biblioteca\/wp-json\/wp\/v2\/comments?post=78"}],"version-history":[{"count":0,"href":"https:\/\/uenf.br\/cch\/biblioteca\/wp-json\/wp\/v2\/pages\/78\/revisions"}],"up":[{"embeddable":true,"href":"https:\/\/uenf.br\/cch\/biblioteca\/wp-json\/wp\/v2\/pages\/32"}],"wp:attachment":[{"href":"https:\/\/uenf.br\/cch\/biblioteca\/wp-json\/wp\/v2\/media?parent=78"}],"curies":[{"name":"wp","href":"https:\/\/api.w.org\/{rel}","templated":true}]}}