{"id":84,"date":"2012-07-23T17:37:25","date_gmt":"2012-07-23T20:37:25","guid":{"rendered":"http:\/\/uenf.br\/cch\/biblioteca\/?page_id=84"},"modified":"2026-03-30T17:06:24","modified_gmt":"2026-03-30T20:06:24","slug":"aquisicoes-bibliograficas","status":"publish","type":"page","link":"https:\/\/uenf.br\/cch\/biblioteca\/servicos\/aquisicoes-bibliograficas\/","title":{"rendered":"Aquisi\u00e7\u00f5es Bibliogr\u00e1ficas"},"content":{"rendered":"<div id=\"tituloPrincipal\"><a href=\"https:\/\/uenf.br\/cch\/biblioteca\/files\/2022\/04\/image2-1-scaled.jpeg\"><img loading=\"lazy\" decoding=\"async\" class=\"size-medium wp-image-212 alignleft\" src=\"https:\/\/uenf.br\/cch\/biblioteca\/files\/2022\/04\/image2-1-225x300.jpeg\" alt=\"Novas aqusi\u00e7\u00f5es\" width=\"225\" height=\"300\" srcset=\"https:\/\/uenf.br\/cch\/biblioteca\/files\/2022\/04\/image2-1-225x300.jpeg 225w, https:\/\/uenf.br\/cch\/biblioteca\/files\/2022\/04\/image2-1-768x1024.jpeg 768w, https:\/\/uenf.br\/cch\/biblioteca\/files\/2022\/04\/image2-1-1152x1536.jpeg 1152w, https:\/\/uenf.br\/cch\/biblioteca\/files\/2022\/04\/image2-1-1536x2048.jpeg 1536w, https:\/\/uenf.br\/cch\/biblioteca\/files\/2022\/04\/image2-1-scaled.jpeg 1920w\" sizes=\"auto, (max-width: 225px) 100vw, 225px\" \/><\/a>A Biblioteca do CCH recebe muitas doa\u00e7\u00f5es tanto de particulares, docentes e de outras institui\u00e7\u00f5es, editoras, etc. A compra de livro \u00e9 feita de acordo com a necessidade e atualmente est\u00e1 prevista uma compra de livros que ir\u00e1 atualizar o acervo impresso da Biblioteca. A UENF assina as plataformas de Ebooks Minha Biblioteca e Biblioteca Virtual (BVirtual) da Pearson. O acesso \u00e9 pelo cat\u00e1logo online ap\u00f3s login e senha usada nos empr\u00e9stimos no balc\u00e3o da Biblioteca.<\/div>\n","protected":false},"excerpt":{"rendered":"<p>A Biblioteca do CCH recebe muitas doa\u00e7\u00f5es tanto de particulares, docentes e de outras institui\u00e7\u00f5es, editoras, etc. A compra de&#8230;<\/p>\n","protected":false},"author":4,"featured_media":0,"parent":32,"menu_order":20,"comment_status":"closed","ping_status":"open","template":"","meta":{"footnotes":""},"class_list":["post-84","page","type-page","status-publish","hentry"],"_links":{"self":[{"href":"https:\/\/uenf.br\/cch\/biblioteca\/wp-json\/wp\/v2\/pages\/84","targetHints":{"allow":["GET"]}}],"collection":[{"href":"https:\/\/uenf.br\/cch\/biblioteca\/wp-json\/wp\/v2\/pages"}],"about":[{"href":"https:\/\/uenf.br\/cch\/biblioteca\/wp-json\/wp\/v2\/types\/page"}],"author":[{"embeddable":true,"href":"https:\/\/uenf.br\/cch\/biblioteca\/wp-json\/wp\/v2\/users\/4"}],"replies":[{"embeddable":true,"href":"https:\/\/uenf.br\/cch\/biblioteca\/wp-json\/wp\/v2\/comments?post=84"}],"version-history":[{"count":0,"href":"https:\/\/uenf.br\/cch\/biblioteca\/wp-json\/wp\/v2\/pages\/84\/revisions"}],"up":[{"embeddable":true,"href":"https:\/\/uenf.br\/cch\/biblioteca\/wp-json\/wp\/v2\/pages\/32"}],"wp:attachment":[{"href":"https:\/\/uenf.br\/cch\/biblioteca\/wp-json\/wp\/v2\/media?parent=84"}],"curies":[{"name":"wp","href":"https:\/\/api.w.org\/{rel}","templated":true}]}}