{"id":91,"date":"2012-07-23T17:45:44","date_gmt":"2012-07-23T20:45:44","guid":{"rendered":"http:\/\/uenf.br\/cch\/biblioteca\/?page_id=91"},"modified":"2022-04-07T18:59:39","modified_gmt":"2022-04-07T21:59:39","slug":"periodicos-online","status":"publish","type":"page","link":"https:\/\/uenf.br\/cch\/biblioteca\/links\/periodicos-online\/","title":{"rendered":"Peri\u00f3dicos on line"},"content":{"rendered":"<div id=\"tituloPrincipal\"><a href=\"https:\/\/www-periodicos-capes-gov-br.ez81.periodicos.capes.gov.br\/index.php?\"><img loading=\"lazy\" decoding=\"async\" class=\"size-full wp-image-249 alignleft\" src=\"https:\/\/uenf.br\/cch\/biblioteca\/files\/2022\/04\/logo_periodicos-simples2.jpg\" alt=\"Portal de Peri\u00f3dicos da Capes\" width=\"263\" height=\"33\" \/><\/a>Portal de Peri\u00f3dicos da Capes<\/div>\n<div id=\"materiaPrincipal\">\n<p>A Capes disponibiliza peri\u00f3dicos com textos completos ou resumos, bases de dados referenciais patentes, teses e disserta\u00e7\u00f5es, estat\u00edsticas e outras publica\u00e7\u00f5es de acesso gratuito na Internet. Os artigos de peri\u00f3dicos que n\u00e3o s\u00e3o encontrados em textos completos no Portal, podem ser pedidos atrav\u00e9s do <a href=\"http:\/\/comut.ibict.br\/comut\/do\/index?op=filtroForm\">Comut<\/a>.<\/p>\n<\/div>\n","protected":false},"excerpt":{"rendered":"<p>Portal de Peri\u00f3dicos da Capes A Capes disponibiliza peri\u00f3dicos com textos completos ou resumos, bases de dados referenciais patentes, teses&#8230;<\/p>\n","protected":false},"author":4,"featured_media":0,"parent":89,"menu_order":5,"comment_status":"closed","ping_status":"open","template":"","meta":{"footnotes":""},"class_list":["post-91","page","type-page","status-publish","hentry"],"_links":{"self":[{"href":"https:\/\/uenf.br\/cch\/biblioteca\/wp-json\/wp\/v2\/pages\/91","targetHints":{"allow":["GET"]}}],"collection":[{"href":"https:\/\/uenf.br\/cch\/biblioteca\/wp-json\/wp\/v2\/pages"}],"about":[{"href":"https:\/\/uenf.br\/cch\/biblioteca\/wp-json\/wp\/v2\/types\/page"}],"author":[{"embeddable":true,"href":"https:\/\/uenf.br\/cch\/biblioteca\/wp-json\/wp\/v2\/users\/4"}],"replies":[{"embeddable":true,"href":"https:\/\/uenf.br\/cch\/biblioteca\/wp-json\/wp\/v2\/comments?post=91"}],"version-history":[{"count":0,"href":"https:\/\/uenf.br\/cch\/biblioteca\/wp-json\/wp\/v2\/pages\/91\/revisions"}],"up":[{"embeddable":true,"href":"https:\/\/uenf.br\/cch\/biblioteca\/wp-json\/wp\/v2\/pages\/89"}],"wp:attachment":[{"href":"https:\/\/uenf.br\/cch\/biblioteca\/wp-json\/wp\/v2\/media?parent=91"}],"curies":[{"name":"wp","href":"https:\/\/api.w.org\/{rel}","templated":true}]}}