{"id":22,"date":"2010-07-06T20:51:06","date_gmt":"2010-07-06T20:51:06","guid":{"rendered":"http:\/\/www.uenf.br\/cch\/jornaluniversitario\/"},"modified":"2010-07-06T20:51:06","modified_gmt":"2010-07-06T20:51:06","slug":"codigo-de-etica","status":"publish","type":"page","link":"https:\/\/uenf.br\/cch\/jornaluniversitario\/codigo-de-etica\/","title":{"rendered":"C\u00f3digo de \u00c9tica"},"content":{"rendered":"<p>Considerando que os servi\u00e7os de telecomunica\u00e7\u00e3o visam a promover a cultura<br \/>\nnacional e internacional, a diversidade de fontes, a informa\u00e7\u00e3o, o lazer e o<br \/>\nentretenimento, estabelecendo-se para tal, a cria\u00e7\u00e3o de canais pagos e<br \/>\ngratuitos;<\/p>\n<p>Considerando que a Associa\u00e7\u00e3o Brasileira de Televis\u00e3o Universit\u00e1ria foi criada<br \/>\ncom a finalidade de representar as demandas das institui\u00e7\u00f5es de Ensino Superior<br \/>\nque detenham Servi\u00e7os de Telecomunica\u00e7\u00e3o;<\/p>\n<p>Considerando que a lei n\u00ba 8.9777, de 6 de janeiro de 1995, regulamentada pelo<br \/>\nDecreto de 2.206, de 14 de abril de 1997, estabeleceu a cria\u00e7\u00e3o de um &#8220;Canal<br \/>\nUniversit\u00e1rio&#8221;, enquadrado como Servi\u00e7o B\u00e1sico Gratuito e a ser disponibilizado<br \/>\ngratuitamente por operadoras de TV a cabo a fim de ser compartilhado entre as<br \/>\nuniversidades localizadas no munic\u00edpio da \u00e1rea de presta\u00e7\u00e3o do servi\u00e7o;<\/p>\n<p>Considerando que muitas das Institui\u00e7\u00f5es de Ensino Superior associadas a ABTU &#8211;<br \/>\nAssocia\u00e7\u00e3o Brasileira de Televis\u00e3o Universit\u00e1ria &#8211; s\u00e3o detentoras de outorga de<br \/>\ncanal de Radiodifus\u00e3o de sons e imagens;<\/p>\n<p>Considerando que as Universidades, Funda\u00e7\u00f5es e as Institui\u00e7\u00f5es de Ensino<br \/>\nSuperior, que mant\u00eam as emissoras universit\u00e1rias e educativas, t\u00eam papel<br \/>\nrelevante de responsabilidade social, educativa e cultural, reconhecido pela<br \/>\nConstitui\u00e7\u00e3o e referendado atrav\u00e9s de diversas legisla\u00e7\u00f5es de compensa\u00e7\u00e3o<br \/>\nfiscal e tribut\u00e1ria;<\/p>\n<p>Considerando que a ABTU e seus filiados atrav\u00e9s da sua Carta de Princ\u00edpios tem<br \/>\ncomo compromissos priorit\u00e1rios a socializa\u00e7\u00e3o dos bens culturais, a difus\u00e3o do<br \/>\nconhecimento, a democratiza\u00e7\u00e3o da informa\u00e7\u00e3o e a promo\u00e7\u00e3o do desenvolvimento<br \/>\nintegral das regi\u00f5es onde atuam;<\/p>\n<p>Considerando que a ABTU e seus filiados entendem que a aquisi\u00e7\u00e3o do conhecimento<br \/>\ncomo resultado de um processo constru\u00eddo a partir do di\u00e1logo com diferentes<br \/>\nsaberes e interlocutores e os canais de comunica\u00e7\u00e3o tem por obriga\u00e7\u00e3o social<br \/>\ncolocar-se como um destes interlocutores, na fun\u00e7\u00e3o de informar, problematizar<br \/>\ne estabelecer rela\u00e7\u00f5es num processo interativo;<\/p>\n<p>Considerando que a Carta de Princ\u00edpios da ABTU defende a diversidade cultural, a<br \/>\ninclus\u00e3o, a independ\u00eancia, o respeito ao outro e o bem comum visando um<br \/>\nincentivar a emancipa\u00e7\u00e3o do sujeito diante da sociedade num processo de<br \/>\ncomunica\u00e7\u00e3o que reconhece o receptor como protagonista;<\/p>\n<p>As institui\u00e7\u00f5es de Ensino Superior signat\u00e1rias se comprometem a observar os<br \/>\nprinc\u00edpios constitucionais da indissociabilidade de ensino, pesquisa e<br \/>\nextens\u00e3o, do respeito, dignidade e igualdade humana, bem como os padr\u00f5es \u00e9ticos<br \/>\nde conduta contemplados nas seguintes normas, norteadoras da utiliza\u00e7\u00e3o do<br \/>\n&#8220;Canal Universit\u00e1rio&#8221;, TVEs, R\u00e1dios, WEB e dos demais servi\u00e7os de radiodifus\u00e3o<br \/>\ndoravante chamados de sistemas de difus\u00e3o eletr\u00f4nica universit\u00e1rio ou<br \/>\neducativo:<\/p>\n<p>Artigo 1\u00ba: A utiliza\u00e7\u00e3o dos sistemas de difus\u00e3o eletr\u00f4nica universit\u00e1rio ou<br \/>\neducativo tem por objetivo promover a educa\u00e7\u00e3o, a pesquisa e a extens\u00e3o<br \/>\nuniversit\u00e1ria, observando os preceitos constitucionais e infra-constitucionais,<br \/>\nbem como visa ao desenvolvimento do indiv\u00edduo, seu preparo para o exerc\u00edcio da<br \/>\ncidadania, o f\u00e1cil acesso \u00e0s informa\u00e7\u00f5es e sua qualifica\u00e7\u00e3o para o trabalho.<\/p>\n<p>Artigo 2\u00ba : Os sistemas de difus\u00e3o eletr\u00f4nica universit\u00e1rio ou educativo<br \/>\nvinculados as institui\u00e7\u00f5es de Ensino Superior t\u00eam responsabilidade social<br \/>\nenquanto ag\u00eancia educativa e referendada pela Constitui\u00e7\u00e3o e benef\u00edcios fiscais<br \/>\ne tribut\u00e1rios. Portanto, todos os profissionais envolvidos no desenvolvimento,<br \/>\nna produ\u00e7\u00e3o e na apresenta\u00e7\u00e3o de produtos, assim como nas a\u00e7\u00f5es de mobiliza\u00e7\u00e3o,<br \/>\ndevem ter uma postura em conson\u00e2ncia com valores humanistas e p\u00fablicos,<br \/>\nretornando \u00e0 sociedade os investimentos por ela efetuado. Devem, assim:<\/p>\n<p>\u00b7 Respeitar e fazer respeitar a vida humana com dignidade e como valor<br \/>\nabsoluto.<\/p>\n<p>\u00b7 Empenhar-se pela universaliza\u00e7\u00e3o efetiva dos direitos sociais, civis e<br \/>\npol\u00edticos concorrendo para que todos tenham uma cidadania plena, cotidiana e<br \/>\nativa.<\/p>\n<p>\u00b7 Defender intransigentemente os direitos humanos e recusar toda a forma de<br \/>\narb\u00edtrio e autoritarismo.<\/p>\n<p>\u00b7 Agir em todas as circunst\u00e2ncias em favor da amplia\u00e7\u00e3o e consolida\u00e7\u00e3o da<br \/>\ncidadania.<\/p>\n<p>\u00b7 Defender a equidade e a justi\u00e7a social como acesso universal e irrestrito<br \/>\na todos os bens e servi\u00e7os dispon\u00edveis na sociedade.<\/p>\n<p>\u00b7 Respeitar e valorizar a diversidade cultural, defendendo o pluralismo de<br \/>\nid\u00e9ias, tradi\u00e7\u00f5es e de projetos de vida.<\/p>\n<p>\u00b7 Combater todas a formas de preconceito e viol\u00eancia e tratar com respeito,<br \/>\ncivilidade e disposi\u00e7\u00e3o para o di\u00e1logo todas as pessoas sem discrimina\u00e7\u00e3o de<br \/>\nqualquer natureza.<\/p>\n<p>\u00b7 Defender a utiliza\u00e7\u00e3o do seu potencial em benef\u00edcio do interesse p\u00fablico<br \/>\nsocial e na melhoria da qualidade de vida dos cidad\u00e3os, dentro dos preceitos<br \/>\nconstitucionais e legais do pa\u00eds.<\/p>\n<p>Artigo 3\u00ba: Os programas produzidos e divulgados nos sistemas de difus\u00e3o<br \/>\neletr\u00f4nica universit\u00e1rio ou educativo dever\u00e3o ser de car\u00e1ter exclusivamente<br \/>\ninformativo, educativo, cultural e destinados \u00e0s comunidades atingidas e de<br \/>\ninteresse social.<\/p>\n<p>Artigo 4\u00ba: Toda a produ\u00e7\u00e3o de conte\u00fado, programas, programetes e informes<br \/>\npublicit\u00e1rios veiculados pelas institui\u00e7\u00f5es de ensino usu\u00e1rias dos sistemas de<br \/>\ndifus\u00e3o eletr\u00f4nica Universit\u00e1rio ou Educativo dever\u00e3o seguir as normas e<br \/>\ncondi\u00e7\u00f5es aven\u00e7adas pelas institui\u00e7\u00f5es participantes como as de interesse<br \/>\np\u00fablico, bem como atender ao princ\u00edpio do respeito aos valores \u00e9ticos e sociais<br \/>\nda pessoa.<\/p>\n<p>Par\u00e1grafo Primeiro: \u00c9 vedada a divulga\u00e7\u00e3o de programas ou informes<br \/>\npublicit\u00e1rios atentat\u00f3rios contra a vida, igualdade, liberdade, seguran\u00e7a e<br \/>\npropriedade, sendo expressamente proibido:<\/p>\n<p>\u00b7 o est\u00edmulo direto ao consumo, sem, no entanto, descartar o<br \/>\nempreendorismo local e regional como instrumento de desenvolvimento social das<br \/>\ncomunidades atingidas, assim como importante instrumento estrat\u00e9gico de<br \/>\nsustentabilidade de projetos sociais das emissoras universit\u00e1rias e<br \/>\neducativas.<\/p>\n<p>\u00b7 mensagens com apelo er\u00f3tico ou que contenham cenas alusivas a racismo,<br \/>\nconstrangimento p\u00fablico e viol\u00eancia dom\u00e9stica e urbana.<\/p>\n<p>\u00b7 promo\u00e7\u00e3o de rem\u00e9dios, bebidas alc\u00f3olicas, cigarros, complementos<br \/>\nalimentares, agrot\u00f3xicos, armas.<\/p>\n<p>Par\u00e1grafo Segundo: Cada institui\u00e7\u00e3o de ensino se responsabilizar\u00e1<br \/>\nintegralmente pelo conte\u00fado do programa ou informe veiculado nos sistemas de<br \/>\ndifus\u00e3o eletr\u00f4nica universit\u00e1rio e educativo.<\/p>\n<p>Par\u00e1grafo Terceiro: Recomenda-se a diferencia\u00e7\u00e3o da utiliza\u00e7\u00e3o dos espa\u00e7os<br \/>\ncomercializados das emissoras universit\u00e1rias e educativas das emissoras<br \/>\ncomerciais tradicionais, priorizando as mensagens institucionais, educativas e<br \/>\nde informa\u00e7\u00e3o de interesse p\u00fablico, distribuindo-as majoritariamente pela<br \/>\nprograma\u00e7\u00e3o em rela\u00e7\u00e3o as com maior enfoque comercial.<\/p>\n<p>Par\u00e1grafo Quarto: \u00c9 fundamental a obedi\u00eancia a legisla\u00e7\u00e3o pertinente sobre o<br \/>\nuso comercial da programa\u00e7\u00e3o e seus espa\u00e7os de veicula\u00e7\u00e3o sem, no entanto,<br \/>\ndeixar de perseguir, exigir e lutar, perante \u00e0s institui\u00e7\u00f5es de direito e<br \/>\nf\u00f3runs de debate, por projetos de sustentabilidade das emissoras sem<br \/>\npreconceitos e que atendam ao interesse p\u00fablico.<\/p>\n<p>Artigo 5\u00ba: As institui\u00e7\u00f5es de ensino poder\u00e3o divulgar seus cursos, seja em n\u00edvel<br \/>\nde gradua\u00e7\u00e3o, p\u00f3s-gradua\u00e7\u00e3o ou extens\u00e3o, desde que regularmente credenciados,<br \/>\nbem como eventuais servi\u00e7os de atendimento \u00e0 comunidade.<\/p>\n<p>Par\u00e1grafo Primeiro: A divulga\u00e7\u00e3o dever\u00e1 destinar-se para a finalidade<br \/>\nexclusivamente informativa, inclusive valendo-se de meios de comunica\u00e7\u00e3o para<br \/>\nobten\u00e7\u00e3o de informa\u00e7\u00f5es complementares, guardando discri\u00e7\u00e3o quanto ao conte\u00fado,<br \/>\nforma e dimens\u00f5es.<\/p>\n<p>Artigo 6\u00ba : A postura institucional dos ve\u00edculos e equipes que operam os<br \/>\nsistemas de difus\u00e3o eletr\u00f4nica universit\u00e1rio e educativo dever\u00e1 ser<br \/>\napartid\u00e1ria, desatrelada de governos, grupos econ\u00f4micos, fac\u00e7\u00f5es pol\u00edticas e<br \/>\ncandidaturas. Seu compromisso \u00e9 com o telespectador e com a sua<br \/>\nmiss\u00e3o\/princ\u00edpios b\u00e1sicos que norteiam sua conduta e programa\u00e7\u00e3o. Assim,<br \/>\nrecomenda-se:<\/p>\n<p>\u00b7 respeito, preserva\u00e7\u00e3o e incentivo ao cuidado do patrim\u00f4nio material e<br \/>\nimaterial de sua cidade, valorizando sua hist\u00f3ria e cultura;<\/p>\n<p>\u00b7 a defesa do uso sustent\u00e1vel dos recursos naturais, sejam eles renov\u00e1veis<br \/>\nou n\u00e3o, reagindo atrav\u00e9s de seus meios a qualquer opera\u00e7\u00e3o que cause danos ao<br \/>\nmeio ambiente circundante deve ser suspensa.<\/p>\n<p>\u00b7 cumprimento de obriga\u00e7\u00f5es contratuais, em especial aquelas relativas \u00e0<br \/>\npagamentos, sinaliza o comportamento \u00e9tico da empresa.<\/p>\n<p>\u00b7 precau\u00e7\u00f5es contra pr\u00e1ticas como difama\u00e7\u00e3o, dissemina\u00e7\u00e3o de inverdades e<br \/>\nmaledic\u00eancias, uso indevido de informa\u00e7\u00f5es privilegiadas ou c\u00e2mera oculta ou<br \/>\ndepoimentos sem autoriza\u00e7\u00e3o, roubo de documentos e outros atos il\u00edcitos e<br \/>\nanti\u00e9ticos caracterizam crime e concorr\u00eancia desleal<\/p>\n<p>\u00b7 coibir atos ou atitudes de corrup\u00e7\u00e3o e o pagamento de propina ou<br \/>\natividades moralmente conden\u00e1veis.<\/p>\n<p>\u00b7 defender plenamente as defini\u00e7\u00f5es do Estatuto da Crian\u00e7a e do Adolescente<br \/>\n(ECA), Estatuto do Idoso, Estatuto do Torcedor e demais documentos de pol\u00edticas<br \/>\np\u00fablicas nacionais que prev\u00eaem a inclus\u00e3o e o respeito ao cidad\u00e3o, criando<br \/>\ncondi\u00e7\u00f5es para que estes se efetivem na comunidade e nas situa\u00e7\u00f5es cotidianas.<\/p>\n<p>Artigo 7\u00ba A n\u00e3o observ\u00e2ncia das normas contidas neste C\u00f3digo e legisla\u00e7\u00e3o<br \/>\nvigente resultar\u00e1 na aplica\u00e7\u00e3o das penalidades de advert\u00eancia, suspens\u00e3o ou<br \/>\ndesfilia\u00e7\u00e3o da Institui\u00e7\u00e3o infratora pelo Conselho de \u00c9tica da ABTU,<br \/>\nindependentemente do encaminhamento da den\u00fancia ao Minist\u00e9rio das<br \/>\nComunica\u00e7\u00f5es.<\/p>\n<p>Artigo 8\u00ba: As penas aplic\u00e1veis por infra\u00e7\u00e3o a este C\u00f3digo de \u00c9tica s\u00e3o:<\/p>\n<p>a) advert\u00eancia: aplicada no descumprimento dos artigos 3\u00ba e 4\u00ba deste<br \/>\nC\u00f3digo.<\/p>\n<p>b) suspens\u00e3o: ser\u00e1 graduada em at\u00e9 30 (trinta) dias consecutivos,<br \/>\nconsiderando-se a infra\u00e7\u00e3o cometida, sua gravidade, os antecedentes da<br \/>\ninstitui\u00e7\u00e3o infratora e a reincid\u00eancia espec\u00edfica.<\/p>\n<p>c) desfilia\u00e7\u00e3o: caso nenhuma das medidas anteriores obtenha os efeitos<br \/>\ndesejados caber\u00e1 ao Conselho de \u00c9tica recomendar a desfilia\u00e7\u00e3o da infratora a<br \/>\ndiretoria da ABTU que dever\u00e1 homologar por maioria de votos ou submeter a<br \/>\nassembl\u00e9ia geral da Associa\u00e7\u00e3o.<\/p>\n<p>Artigo 9\u00ba: Tratando-se de reclama\u00e7\u00f5es formuladas por institui\u00e7\u00f5es afiliadas \u00e0<br \/>\nABTU ou terceiros, o Conselho de \u00c9tica notificar\u00e1 o reclamado, para que em<br \/>\n20(vinte) dias, manifeste-se sobre os termos da reclama\u00e7\u00e3o, decidindo, a<br \/>\nseguir, sobre a aplica\u00e7\u00e3o ou n\u00e3o de penalidade.<\/p>\n<p>Artigo 10\u00ba: Os integrantes do Conselho Gestor nos caso dos Canais<br \/>\nUniversit\u00e1rios, representantes da institui\u00e7\u00e3o infratora e da institui\u00e7\u00e3o<br \/>\ndenunciada ser\u00e3o considerados suspeitos, n\u00e3o tendo direito a manifesta\u00e7\u00e3o e<br \/>\nvoto na decis\u00e3o da reclama\u00e7\u00e3o.<\/p>\n<p>Artigo 11\u00ba: O disposto neste C\u00f3digo dever\u00e1 ser observado pelos filiados a ABTU,<br \/>\nbem como aqueles que venham se filiar a associa\u00e7\u00e3o.<\/p>\n<p>Artigo 12\u00ba: Este c\u00f3digo entrar\u00e1 em vigor a partir de sua assinatura.<\/p>\n","protected":false},"excerpt":{"rendered":"<p>Considerando que os servi\u00e7os de telecomunica\u00e7\u00e3o visam a promover a cultura nacional e internacional, a diversidade de fontes, a informa\u00e7\u00e3o,&#8230;<\/p>\n","protected":false},"author":3,"featured_media":0,"parent":0,"menu_order":2,"comment_status":"open","ping_status":"open","template":"","meta":{"footnotes":""},"class_list":["post-22","page","type-page","status-publish","hentry"],"_links":{"self":[{"href":"https:\/\/uenf.br\/cch\/jornaluniversitario\/wp-json\/wp\/v2\/pages\/22","targetHints":{"allow":["GET"]}}],"collection":[{"href":"https:\/\/uenf.br\/cch\/jornaluniversitario\/wp-json\/wp\/v2\/pages"}],"about":[{"href":"https:\/\/uenf.br\/cch\/jornaluniversitario\/wp-json\/wp\/v2\/types\/page"}],"author":[{"embeddable":true,"href":"https:\/\/uenf.br\/cch\/jornaluniversitario\/wp-json\/wp\/v2\/users\/3"}],"replies":[{"embeddable":true,"href":"https:\/\/uenf.br\/cch\/jornaluniversitario\/wp-json\/wp\/v2\/comments?post=22"}],"version-history":[{"count":0,"href":"https:\/\/uenf.br\/cch\/jornaluniversitario\/wp-json\/wp\/v2\/pages\/22\/revisions"}],"wp:attachment":[{"href":"https:\/\/uenf.br\/cch\/jornaluniversitario\/wp-json\/wp\/v2\/media?parent=22"}],"curies":[{"name":"wp","href":"https:\/\/api.w.org\/{rel}","templated":true}]}}