{"id":108,"date":"2020-10-27T19:30:54","date_gmt":"2020-10-27T22:30:54","guid":{"rendered":"http:\/\/uenf.br\/cch\/lcl\/?page_id=108"},"modified":"2023-04-26T16:05:45","modified_gmt":"2023-04-26T19:05:45","slug":"julio-cesar-ramos-esteves","status":"publish","type":"page","link":"https:\/\/uenf.br\/cch\/lcl\/membros\/julio-cesar-ramos-esteves\/","title":{"rendered":"Julio Cesar Ramos Esteves"},"content":{"rendered":"<p><strong>Professor de \u00c9tica e Filosofia Pol\u00edtica<\/strong><\/p>\n<p>E-mail: jesteves (at) uenf.br<\/p>\n<p>Tel.: +55 22 2739-7171<\/p>\n<p><strong>Temas de Pesquisa:<\/strong><\/p>\n<ul>\n<li>Filosofia Pol\u00edtica<\/li>\n<li>\u00c9tica<\/li>\n<li>Liberdade,\u00a0Natureza, e Lei Moral<\/li>\n<li>Fundamenta\u00e7\u00e3o do Estado Moderno<\/li>\n<li>Filosofia Cr\u00edtica (Immanuel Kant)<\/li>\n<\/ul>\n<p><a href=\"http:\/\/lattes.cnpq.br\/8648383577507579\">CV Lattes<\/a><\/p>\n","protected":false},"excerpt":{"rendered":"<p>Professor de \u00c9tica e Filosofia Pol\u00edtica E-mail: jesteves (at) uenf.br Tel.: +55 22 2739-7171 Temas de Pesquisa: Filosofia Pol\u00edtica \u00c9tica&#8230;<\/p>\n","protected":false},"author":5,"featured_media":0,"parent":43,"menu_order":0,"comment_status":"closed","ping_status":"closed","template":"","meta":{"footnotes":""},"class_list":["post-108","page","type-page","status-publish","hentry"],"_links":{"self":[{"href":"https:\/\/uenf.br\/cch\/lcl\/wp-json\/wp\/v2\/pages\/108","targetHints":{"allow":["GET"]}}],"collection":[{"href":"https:\/\/uenf.br\/cch\/lcl\/wp-json\/wp\/v2\/pages"}],"about":[{"href":"https:\/\/uenf.br\/cch\/lcl\/wp-json\/wp\/v2\/types\/page"}],"author":[{"embeddable":true,"href":"https:\/\/uenf.br\/cch\/lcl\/wp-json\/wp\/v2\/users\/5"}],"replies":[{"embeddable":true,"href":"https:\/\/uenf.br\/cch\/lcl\/wp-json\/wp\/v2\/comments?post=108"}],"version-history":[{"count":0,"href":"https:\/\/uenf.br\/cch\/lcl\/wp-json\/wp\/v2\/pages\/108\/revisions"}],"up":[{"embeddable":true,"href":"https:\/\/uenf.br\/cch\/lcl\/wp-json\/wp\/v2\/pages\/43"}],"wp:attachment":[{"href":"https:\/\/uenf.br\/cch\/lcl\/wp-json\/wp\/v2\/media?parent=108"}],"curies":[{"name":"wp","href":"https:\/\/api.w.org\/{rel}","templated":true}]}}