{"id":110,"date":"2020-10-27T19:34:39","date_gmt":"2020-10-27T22:34:39","guid":{"rendered":"http:\/\/uenf.br\/cch\/lcl\/?page_id=110"},"modified":"2020-10-27T20:30:41","modified_gmt":"2020-10-27T23:30:41","slug":"leonardo-rogerio-miguel","status":"publish","type":"page","link":"https:\/\/uenf.br\/cch\/lcl\/membros\/leonardo-rogerio-miguel\/","title":{"rendered":"Leonardo Rog\u00e9rio Miguel"},"content":{"rendered":"<p><strong>Professor de\u00a0Epistemologia e Filosofia da Ci\u00eancia<\/strong><\/p>\n<p>E-mail: lrmiguel (at) uenf.br<\/p>\n<p>Tel.:<\/p>\n<p><strong>Temas de Pesquisa:<\/strong><\/p>\n<ul>\n<li>Science Studies<\/li>\n<li>Ci\u00eancia, Tecnologia e Sociedade<\/li>\n<li>Hist\u00f3ria e Historiografia da Ci\u00eancia<\/li>\n<li>Axiologia da Ci\u00eancia<\/li>\n<li>Rela\u00e7\u00f5es entre Ci\u00eancia e Sociedade<\/li>\n<li>Estudos sobre a Universidade<\/li>\n<\/ul>\n<p><a href=\"http:\/\/lattes.cnpq.br\/0181042082872438\">CV Lattes<\/a><\/p>\n","protected":false},"excerpt":{"rendered":"<p>Professor de\u00a0Epistemologia e Filosofia da Ci\u00eancia E-mail: lrmiguel (at) uenf.br Tel.: Temas de Pesquisa: Science Studies Ci\u00eancia, Tecnologia e Sociedade&#8230;<\/p>\n","protected":false},"author":5,"featured_media":0,"parent":43,"menu_order":0,"comment_status":"closed","ping_status":"closed","template":"","meta":{"footnotes":""},"class_list":["post-110","page","type-page","status-publish","hentry"],"_links":{"self":[{"href":"https:\/\/uenf.br\/cch\/lcl\/wp-json\/wp\/v2\/pages\/110","targetHints":{"allow":["GET"]}}],"collection":[{"href":"https:\/\/uenf.br\/cch\/lcl\/wp-json\/wp\/v2\/pages"}],"about":[{"href":"https:\/\/uenf.br\/cch\/lcl\/wp-json\/wp\/v2\/types\/page"}],"author":[{"embeddable":true,"href":"https:\/\/uenf.br\/cch\/lcl\/wp-json\/wp\/v2\/users\/5"}],"replies":[{"embeddable":true,"href":"https:\/\/uenf.br\/cch\/lcl\/wp-json\/wp\/v2\/comments?post=110"}],"version-history":[{"count":0,"href":"https:\/\/uenf.br\/cch\/lcl\/wp-json\/wp\/v2\/pages\/110\/revisions"}],"up":[{"embeddable":true,"href":"https:\/\/uenf.br\/cch\/lcl\/wp-json\/wp\/v2\/pages\/43"}],"wp:attachment":[{"href":"https:\/\/uenf.br\/cch\/lcl\/wp-json\/wp\/v2\/media?parent=110"}],"curies":[{"name":"wp","href":"https:\/\/api.w.org\/{rel}","templated":true}]}}