{"id":116,"date":"2020-10-27T19:47:53","date_gmt":"2020-10-27T22:47:53","guid":{"rendered":"http:\/\/uenf.br\/cch\/lcl\/?page_id=116"},"modified":"2020-10-28T15:17:34","modified_gmt":"2020-10-28T18:17:34","slug":"verusca-moss-simoes-dos-reis","status":"publish","type":"page","link":"https:\/\/uenf.br\/cch\/lcl\/membros\/verusca-moss-simoes-dos-reis\/","title":{"rendered":"Verusca Moss Sim\u00f5es dos Reis"},"content":{"rendered":"<p><strong>Professora de Filosofia da Ci\u00eancia<\/strong><\/p>\n<p>E-mail: verusca.reis (at) uenf.br<\/p>\n<p>Tel.: +55 22 2748-6415<\/p>\n<p><strong>Temas de pesquisa:<\/strong><\/p>\n<ul>\n<li>Estudos Sociais de Ci\u00eancia<\/li>\n<li>Tecnologia e Sociedade (CTS)<\/li>\n<li>Science Studies<\/li>\n<li>Novo Modo de Produ\u00e7\u00e3o na Ci\u00eancia Contempor\u00e2nea<\/li>\n<li>Mercantiliza\u00e7\u00e3o da Ci\u00eancia<\/li>\n<li>John Michael Ziman<\/li>\n<\/ul>\n<p><a href=\"http:\/\/buscatextual.cnpq.br\/buscatextual\/visualizacv.do?id=K4768463U6\">CV Lattes<\/a><\/p>\n","protected":false},"excerpt":{"rendered":"<p>Professora de Filosofia da Ci\u00eancia E-mail: verusca.reis (at) uenf.br Tel.: +55 22 2748-6415 Temas de pesquisa: Estudos Sociais de Ci\u00eancia&#8230;<\/p>\n","protected":false},"author":5,"featured_media":0,"parent":43,"menu_order":0,"comment_status":"closed","ping_status":"closed","template":"","meta":{"footnotes":""},"class_list":["post-116","page","type-page","status-publish","hentry"],"_links":{"self":[{"href":"https:\/\/uenf.br\/cch\/lcl\/wp-json\/wp\/v2\/pages\/116","targetHints":{"allow":["GET"]}}],"collection":[{"href":"https:\/\/uenf.br\/cch\/lcl\/wp-json\/wp\/v2\/pages"}],"about":[{"href":"https:\/\/uenf.br\/cch\/lcl\/wp-json\/wp\/v2\/types\/page"}],"author":[{"embeddable":true,"href":"https:\/\/uenf.br\/cch\/lcl\/wp-json\/wp\/v2\/users\/5"}],"replies":[{"embeddable":true,"href":"https:\/\/uenf.br\/cch\/lcl\/wp-json\/wp\/v2\/comments?post=116"}],"version-history":[{"count":0,"href":"https:\/\/uenf.br\/cch\/lcl\/wp-json\/wp\/v2\/pages\/116\/revisions"}],"up":[{"embeddable":true,"href":"https:\/\/uenf.br\/cch\/lcl\/wp-json\/wp\/v2\/pages\/43"}],"wp:attachment":[{"href":"https:\/\/uenf.br\/cch\/lcl\/wp-json\/wp\/v2\/media?parent=116"}],"curies":[{"name":"wp","href":"https:\/\/api.w.org\/{rel}","templated":true}]}}