{"id":43,"date":"2013-02-01T11:39:02","date_gmt":"2013-02-01T13:39:02","guid":{"rendered":"http:\/\/uenf.br\/cch\/lcl\/?page_id=43"},"modified":"2025-02-25T10:02:44","modified_gmt":"2025-02-25T13:02:44","slug":"membros","status":"publish","type":"page","link":"https:\/\/uenf.br\/cch\/lcl\/membros\/","title":{"rendered":"Corpo Docente"},"content":{"rendered":"<p>O LCL possui corpo docente com doutorado e p\u00f3s-doutorado com experi\u00eancia em ensino, pesquisa e extens\u00e3o.<\/p>\n<p>Mais informa\u00e7\u00f5es sobre os professores e suas pesquisas se encontram nas p\u00e1ginas institucionais dos professores do LCL.<\/p>\n<p>&nbsp;<\/p>\n","protected":false},"excerpt":{"rendered":"<p>O LCL possui corpo docente com doutorado e p\u00f3s-doutorado com experi\u00eancia em ensino, pesquisa e extens\u00e3o. Mais informa\u00e7\u00f5es sobre os&#8230;<\/p>\n","protected":false},"author":5,"featured_media":0,"parent":0,"menu_order":0,"comment_status":"closed","ping_status":"open","template":"","meta":{"footnotes":""},"class_list":["post-43","page","type-page","status-publish","hentry"],"_links":{"self":[{"href":"https:\/\/uenf.br\/cch\/lcl\/wp-json\/wp\/v2\/pages\/43","targetHints":{"allow":["GET"]}}],"collection":[{"href":"https:\/\/uenf.br\/cch\/lcl\/wp-json\/wp\/v2\/pages"}],"about":[{"href":"https:\/\/uenf.br\/cch\/lcl\/wp-json\/wp\/v2\/types\/page"}],"author":[{"embeddable":true,"href":"https:\/\/uenf.br\/cch\/lcl\/wp-json\/wp\/v2\/users\/5"}],"replies":[{"embeddable":true,"href":"https:\/\/uenf.br\/cch\/lcl\/wp-json\/wp\/v2\/comments?post=43"}],"version-history":[{"count":0,"href":"https:\/\/uenf.br\/cch\/lcl\/wp-json\/wp\/v2\/pages\/43\/revisions"}],"wp:attachment":[{"href":"https:\/\/uenf.br\/cch\/lcl\/wp-json\/wp\/v2\/media?parent=43"}],"curies":[{"name":"wp","href":"https:\/\/api.w.org\/{rel}","templated":true}]}}