{"id":66,"date":"2015-12-18T10:53:40","date_gmt":"2015-12-18T12:53:40","guid":{"rendered":"http:\/\/uenf.br\/cch\/lcl\/?page_id=66"},"modified":"2020-10-27T20:32:38","modified_gmt":"2020-10-27T23:32:38","slug":"nehec","status":"publish","type":"page","link":"https:\/\/uenf.br\/cch\/lcl\/nehec\/","title":{"rendered":"Grupos de Pesquisa"},"content":{"rendered":"<h3><strong>NEHEC, N\u00facleo de Epistemologia, Hist\u00f3ria e Ensino de Ci\u00eancias.<\/strong><\/h3>\n<p>Mais informa\u00e7\u00f5es sobre as atividades do grupo dispon\u00edvel no <a href=\"https:\/\/sites.google.com\/site\/uenfnflch\/home\" target=\"_blank\" rel=\"noopener noreferrer\">site do NEHEC.<\/a><\/p>\n<p>&nbsp;<\/p>\n<h3><strong><a href=\"https:\/\/sites.google.com\/site\/fineurofi\/\">Filosofia + Neuroci\u00eancia = Neurofilosofia<\/a>\u00a0<\/strong>(grupo CNPQ e GT da ANPOF)<\/h3>\n","protected":false},"excerpt":{"rendered":"<p>NEHEC, N\u00facleo de Epistemologia, Hist\u00f3ria e Ensino de Ci\u00eancias. Mais informa\u00e7\u00f5es sobre as atividades do grupo dispon\u00edvel no site do&#8230;<\/p>\n","protected":false},"author":5,"featured_media":0,"parent":0,"menu_order":0,"comment_status":"closed","ping_status":"closed","template":"","meta":{"footnotes":""},"class_list":["post-66","page","type-page","status-publish","hentry"],"_links":{"self":[{"href":"https:\/\/uenf.br\/cch\/lcl\/wp-json\/wp\/v2\/pages\/66","targetHints":{"allow":["GET"]}}],"collection":[{"href":"https:\/\/uenf.br\/cch\/lcl\/wp-json\/wp\/v2\/pages"}],"about":[{"href":"https:\/\/uenf.br\/cch\/lcl\/wp-json\/wp\/v2\/types\/page"}],"author":[{"embeddable":true,"href":"https:\/\/uenf.br\/cch\/lcl\/wp-json\/wp\/v2\/users\/5"}],"replies":[{"embeddable":true,"href":"https:\/\/uenf.br\/cch\/lcl\/wp-json\/wp\/v2\/comments?post=66"}],"version-history":[{"count":0,"href":"https:\/\/uenf.br\/cch\/lcl\/wp-json\/wp\/v2\/pages\/66\/revisions"}],"wp:attachment":[{"href":"https:\/\/uenf.br\/cch\/lcl\/wp-json\/wp\/v2\/media?parent=66"}],"curies":[{"name":"wp","href":"https:\/\/api.w.org\/{rel}","templated":true}]}}