{"id":68,"date":"2015-12-18T10:55:52","date_gmt":"2015-12-18T12:55:52","guid":{"rendered":"http:\/\/uenf.br\/cch\/lcl\/?page_id=68"},"modified":"2015-12-18T10:55:52","modified_gmt":"2015-12-18T12:55:52","slug":"eventos-e-noticias","status":"publish","type":"page","link":"https:\/\/uenf.br\/cch\/lcl\/eventos-e-noticias\/","title":{"rendered":"Eventos e Not\u00edcias"},"content":{"rendered":"<p><strong><a href=\"https:\/\/sites.google.com\/site\/minicursoexperimento\/\" target=\"_blank\">Minicurso Experimento e Filosofia da Ci\u00eancia<\/a><\/strong><\/p>\n<p>O N\u00facleo de Epistemologia, Hist\u00f3ria, e Ensino de Ci\u00eancias (NEHEC) da Universidade Estadual do Norte Fluminense Darcy Ribeiro (UENF) realiza o Minicurso sobre a Natureza do Experimento nas Ci\u00eancias e na Filosofia da Ci\u00eancia.<\/p>\n<p>O Minicurso contar\u00e1 com a participa\u00e7\u00e3o de professores da UENF, UERJ, UFRJ, UFF, Fiocruz.<\/p>\n<p>Temas:<br \/>\nA Hist\u00f3ria do Experimento<br \/>\nOs Aspectos e Epistemol\u00f3gicos do Experimento<br \/>\nExperimenta\u00e7\u00e3o com Animais: Aspectos Bio\u00e9ticos<br \/>\nExperimenta\u00e7\u00e3o com Humanos: Aspectos Bio\u00e9ticos<\/p>\n<p><strong>Data: 16 a 18 de novembro de 2015.<\/strong><\/p>\n<p>Sala Multimidia do Centro de Ci\u00eancias do Homem da Uenf (CCH-UENF), Campos dos Goytacazes.<\/p>\n<p>Inscri\u00e7\u00f5es pelo endere\u00e7o nehec.uenf(arroba)gmail.com<\/p>\n","protected":false},"excerpt":{"rendered":"<p>Minicurso Experimento e Filosofia da Ci\u00eancia O N\u00facleo de Epistemologia, Hist\u00f3ria, e Ensino de Ci\u00eancias (NEHEC) da Universidade Estadual do&#8230;<\/p>\n","protected":false},"author":5,"featured_media":0,"parent":0,"menu_order":0,"comment_status":"closed","ping_status":"closed","template":"","meta":{"footnotes":""},"class_list":["post-68","page","type-page","status-publish","hentry"],"_links":{"self":[{"href":"https:\/\/uenf.br\/cch\/lcl\/wp-json\/wp\/v2\/pages\/68","targetHints":{"allow":["GET"]}}],"collection":[{"href":"https:\/\/uenf.br\/cch\/lcl\/wp-json\/wp\/v2\/pages"}],"about":[{"href":"https:\/\/uenf.br\/cch\/lcl\/wp-json\/wp\/v2\/types\/page"}],"author":[{"embeddable":true,"href":"https:\/\/uenf.br\/cch\/lcl\/wp-json\/wp\/v2\/users\/5"}],"replies":[{"embeddable":true,"href":"https:\/\/uenf.br\/cch\/lcl\/wp-json\/wp\/v2\/comments?post=68"}],"version-history":[{"count":0,"href":"https:\/\/uenf.br\/cch\/lcl\/wp-json\/wp\/v2\/pages\/68\/revisions"}],"wp:attachment":[{"href":"https:\/\/uenf.br\/cch\/lcl\/wp-json\/wp\/v2\/media?parent=68"}],"curies":[{"name":"wp","href":"https:\/\/api.w.org\/{rel}","templated":true}]}}