{"id":70,"date":"2015-12-18T10:58:29","date_gmt":"2015-12-18T12:58:29","guid":{"rendered":"http:\/\/uenf.br\/cch\/lcl\/?page_id=70"},"modified":"2020-10-27T20:08:13","modified_gmt":"2020-10-27T23:08:13","slug":"disciplinas-oferecidas","status":"publish","type":"page","link":"https:\/\/uenf.br\/cch\/lcl\/disciplinas-oferecidas\/","title":{"rendered":"Ensino"},"content":{"rendered":"<p>O LCL oferece, semestralmente, disciplinas em\u00a0n\u00edvel de\u00a0gradua\u00e7\u00e3o e\u00a0p\u00f3s-gradua\u00e7\u00e3o.<\/p>\n","protected":false},"excerpt":{"rendered":"<p>O LCL oferece, semestralmente, disciplinas em\u00a0n\u00edvel de\u00a0gradua\u00e7\u00e3o e\u00a0p\u00f3s-gradua\u00e7\u00e3o.<\/p>\n","protected":false},"author":5,"featured_media":0,"parent":0,"menu_order":0,"comment_status":"closed","ping_status":"closed","template":"","meta":{"footnotes":""},"class_list":["post-70","page","type-page","status-publish","hentry"],"_links":{"self":[{"href":"https:\/\/uenf.br\/cch\/lcl\/wp-json\/wp\/v2\/pages\/70","targetHints":{"allow":["GET"]}}],"collection":[{"href":"https:\/\/uenf.br\/cch\/lcl\/wp-json\/wp\/v2\/pages"}],"about":[{"href":"https:\/\/uenf.br\/cch\/lcl\/wp-json\/wp\/v2\/types\/page"}],"author":[{"embeddable":true,"href":"https:\/\/uenf.br\/cch\/lcl\/wp-json\/wp\/v2\/users\/5"}],"replies":[{"embeddable":true,"href":"https:\/\/uenf.br\/cch\/lcl\/wp-json\/wp\/v2\/comments?post=70"}],"version-history":[{"count":0,"href":"https:\/\/uenf.br\/cch\/lcl\/wp-json\/wp\/v2\/pages\/70\/revisions"}],"wp:attachment":[{"href":"https:\/\/uenf.br\/cch\/lcl\/wp-json\/wp\/v2\/media?parent=70"}],"curies":[{"name":"wp","href":"https:\/\/api.w.org\/{rel}","templated":true}]}}