{"id":78,"date":"2015-12-18T11:17:07","date_gmt":"2015-12-18T13:17:07","guid":{"rendered":"http:\/\/uenf.br\/cch\/lcl\/?page_id=78"},"modified":"2025-02-25T10:15:42","modified_gmt":"2025-02-25T13:15:42","slug":"graduacao","status":"publish","type":"page","link":"https:\/\/uenf.br\/cch\/lcl\/disciplinas-oferecidas\/graduacao\/","title":{"rendered":"Gradua\u00e7\u00e3o"},"content":{"rendered":"<p><strong>Disciplinas obrigat\u00f3rias para as gradua\u00e7\u00f5es:<\/strong><\/p>\n<p>Fundamentos do Conhecimento (CCTA): Medicina Veterin\u00e1ria e Zootecnia<\/p>\n<p>Filosofia (CCH): Pedagogia, Ci\u00eancias Naturais e Administra\u00e7\u00e3o P\u00fablica<\/p>\n<p>Psicologia (CCH): Ci\u00eancias Sociais e Administra\u00e7\u00e3o P\u00fablica<\/p>\n<p><strong>Optativas\/Eletivas e Instrumentais para todas as\u00a0gradua\u00e7\u00f5es da UENF:<\/strong><\/p>\n<p>Antropologia Filos\u00f3fica<\/p>\n<p>Filosofia<\/p>\n<p>Introdu\u00e7\u00e3o \u00e0 Filosofia<\/p>\n<p>\u00c9tica e Filosofia Pol\u00edtica<\/p>\n<p>Educa\u00e7\u00e3o e Linguagem no S\u00e9culo XXI<\/p>\n<p>Filosofia da Ci\u00eancia<\/p>\n<p>Filosofia da Mente<\/p>\n<p>Filosofia da Economia<\/p>\n<p>Filosofia da Linguagem<\/p>\n<p>Filosofia da Cultura<\/p>\n<p>Filosofia da Neuroci\u00eancia<\/p>\n<p>Filosofia Pol\u00edtica<\/p>\n<p>Fundamentos da Neuroci\u00eancia Cognitiva<\/p>\n<p>Teoria da Ci\u00eancia<\/p>\n<p>Teoria da Decis\u00e3o<\/p>\n<p>L\u00f3gica<\/p>\n<p>Ci\u00eancia Cognitiva<\/p>\n<p>Psicologia Cognitiva<\/p>\n<p>Psicologia Social<\/p>\n<p>T\u00f3picos Especiais em Filosofia: Quest\u00f5es de \u00c9tica Ambiental<\/p>\n<p>T\u00f3picos Especiais em Filosofia: Filosofia das Ci\u00eancias Sociais<\/p>\n<p>T\u00f3picos Especiais em Filosofia: Constru\u00e7\u00e3o do Argumento e L\u00f3gica Informal<\/p>\n<p>T\u00f3picos\u00a0Especiais em Filosofia: Dial\u00e9tica: Teoria e Pr\u00e1xis<\/p>\n<p>T\u00f3picos Especiais em Produ\u00e7\u00e3o Textual: a L\u00edngua e a Linguagem no Texto Acad\u00eamico<\/p>\n<p>T\u00f3picos Especiais em Filosofia: Leitura e Interpreta\u00e7\u00e3o de Textos I<\/p>\n<p>T\u00f3picos Especiais em Filosofia: Leituras sobre Universidade I<\/p>\n<p>T\u00f3picos Especiais em Filosofia: Leituras sobre Universidade II<\/p>\n<p>T\u00f3picos Especiais em Filosofia: o Estudo na Universidade<\/p>\n<p>T\u00f3picos Especiais em Filosofia da Ci\u00eancia I<\/p>\n<p>T\u00f3picos Especiais em Filosofia da Ci\u00eancia II<\/p>\n<p>T\u00f3picos Especiais em Filosofia: Teoria da Ci\u00eancia<\/p>\n<p>T\u00f3picos Especiais: Leituras em Filosofia e Epistemologia<\/p>\n<p>T\u00f3picos em Ci\u00eancias Cognitivas: Consci\u00eancia Animal<\/p>\n<p>&#8230;<\/p>\n","protected":false},"excerpt":{"rendered":"<p>Disciplinas obrigat\u00f3rias para as gradua\u00e7\u00f5es: Fundamentos do Conhecimento (CCTA): Medicina Veterin\u00e1ria e Zootecnia Filosofia (CCH): Pedagogia, Ci\u00eancias Naturais e Administra\u00e7\u00e3o&#8230;<\/p>\n","protected":false},"author":5,"featured_media":0,"parent":70,"menu_order":0,"comment_status":"closed","ping_status":"closed","template":"","meta":{"footnotes":""},"class_list":["post-78","page","type-page","status-publish","hentry"],"_links":{"self":[{"href":"https:\/\/uenf.br\/cch\/lcl\/wp-json\/wp\/v2\/pages\/78","targetHints":{"allow":["GET"]}}],"collection":[{"href":"https:\/\/uenf.br\/cch\/lcl\/wp-json\/wp\/v2\/pages"}],"about":[{"href":"https:\/\/uenf.br\/cch\/lcl\/wp-json\/wp\/v2\/types\/page"}],"author":[{"embeddable":true,"href":"https:\/\/uenf.br\/cch\/lcl\/wp-json\/wp\/v2\/users\/5"}],"replies":[{"embeddable":true,"href":"https:\/\/uenf.br\/cch\/lcl\/wp-json\/wp\/v2\/comments?post=78"}],"version-history":[{"count":0,"href":"https:\/\/uenf.br\/cch\/lcl\/wp-json\/wp\/v2\/pages\/78\/revisions"}],"up":[{"embeddable":true,"href":"https:\/\/uenf.br\/cch\/lcl\/wp-json\/wp\/v2\/pages\/70"}],"wp:attachment":[{"href":"https:\/\/uenf.br\/cch\/lcl\/wp-json\/wp\/v2\/media?parent=78"}],"curies":[{"name":"wp","href":"https:\/\/api.w.org\/{rel}","templated":true}]}}