{"id":183,"date":"2013-04-18T15:28:50","date_gmt":"2013-04-18T18:28:50","guid":{"rendered":"http:\/\/uenf.br\/cch\/leea\/?page_id=183"},"modified":"2021-04-09T11:29:17","modified_gmt":"2021-04-09T14:29:17","slug":"suporte-2","status":"publish","type":"page","link":"https:\/\/uenf.br\/cch\/leea\/suporte-2\/","title":{"rendered":"Suporte"},"content":{"rendered":"<p>Para ter acesso ao servi\u00e7o de suporte computacional, todos os associados ao <strong>Laborat\u00f3rio de Estudo do Espa\u00e7o Antr\u00f3pico (LEEA)<\/strong> devem solicitar o servi\u00e7o enviando um e-mail para <a href=\"mailto:nicole.manhaes@gmail.com\">nicole@uenf.br\u00a0<\/a>e aguardar contato.<\/p>\n<p>Favor inserir no corpo da mensagem os seguintes campos:<\/p>\n<p>Nome:<\/p>\n<p>Patrim\u00f4nio:<\/p>\n<p>Descri\u00e7\u00e3o do problema:<\/p>\n<p>Ramal:<\/p>\n<p>Andar\/Sala:<\/p>\n<p>Melhor hor\u00e1rio para atendimento:<\/p>\n<p>Observa\u00e7\u00f5es:<\/p>\n<p><!-- \/ layout --><\/p>\n<p><!-- \/ layout --><\/p>\n<p><!-- \/ container --><\/p>\n<p><!-- \/ wrapper --><\/p>\n<div id=\"assinatura\"><\/div>\n","protected":false},"excerpt":{"rendered":"<p>Para ter acesso ao servi\u00e7o de suporte computacional, todos os associados ao Laborat\u00f3rio de Estudo do Espa\u00e7o Antr\u00f3pico (LEEA) devem&#8230;<\/p>\n","protected":false},"author":19,"featured_media":0,"parent":0,"menu_order":12,"comment_status":"closed","ping_status":"closed","template":"","meta":{"footnotes":""},"class_list":["post-183","page","type-page","status-publish","hentry"],"_links":{"self":[{"href":"https:\/\/uenf.br\/cch\/leea\/wp-json\/wp\/v2\/pages\/183","targetHints":{"allow":["GET"]}}],"collection":[{"href":"https:\/\/uenf.br\/cch\/leea\/wp-json\/wp\/v2\/pages"}],"about":[{"href":"https:\/\/uenf.br\/cch\/leea\/wp-json\/wp\/v2\/types\/page"}],"author":[{"embeddable":true,"href":"https:\/\/uenf.br\/cch\/leea\/wp-json\/wp\/v2\/users\/19"}],"replies":[{"embeddable":true,"href":"https:\/\/uenf.br\/cch\/leea\/wp-json\/wp\/v2\/comments?post=183"}],"version-history":[{"count":0,"href":"https:\/\/uenf.br\/cch\/leea\/wp-json\/wp\/v2\/pages\/183\/revisions"}],"wp:attachment":[{"href":"https:\/\/uenf.br\/cch\/leea\/wp-json\/wp\/v2\/media?parent=183"}],"curies":[{"name":"wp","href":"https:\/\/api.w.org\/{rel}","templated":true}]}}