{"id":23,"date":"2012-07-05T14:22:05","date_gmt":"2012-07-05T17:22:05","guid":{"rendered":"http:\/\/uenf.br\/cch\/leea\/?page_id=23"},"modified":"2025-03-11T13:49:36","modified_gmt":"2025-03-11T16:49:36","slug":"corpo-docente","status":"publish","type":"page","link":"https:\/\/uenf.br\/cch\/leea\/corpo-docente\/","title":{"rendered":"Corpo Docente"},"content":{"rendered":"<h3>Professores Associados<\/h3>\n<p>Nome: Geraldo Marcio Tim\u00f3teo<br \/>\nForma\u00e7\u00e3o Acad\u00eamica: Doutor em Sociologia<br \/>\nLinha de Pesquisa: Sociologia do Trabalho, Sociedade, Pobreza<br \/>\nLattes: <a href=\"http:\/\/lattes.cnpq.br\/8720264659381887\">http:\/\/lattes.cnpq.br\/8720264659381887<\/a><br \/>\nE-mail: geraldotimoteo@gmail.com<br \/>\nORCID:<\/p>\n<p>Nome: Lilian Sagio Cezar<br \/>\nForma\u00e7\u00e3o Acad\u00eamica: Doutora em Antropologia Social<br \/>\nLinha de Pesquisa: Antropologia Visual, Antropologia das Popula\u00e7\u00f5es Afro-Brasileiras, Mem\u00f3ria, Popula\u00e7\u00f5es Tradicionais e Pol\u00edticas Culturais<br \/>\nLattes: <a href=\"http:\/\/lattes.cnpq.br\/3579465183157792\">http:\/\/lattes.cnpq.br\/3579465183157792<\/a><br \/>\nE-mail: lsagio@uenf.br<br \/>\nORCID: <a href=\"https:\/\/orcid.org\/0000-0001-8737-9946\">https:\/\/orcid.org\/0000-0001-8737-9946<\/a><\/p>\n<p>Nome: Marcelo Carlos Gantos<br \/>\nForma\u00e7\u00e3o Acad\u00eamica: Doutor em Hist\u00f3ria Social<br \/>\nLinha de Pesquisa: Ci\u00eancia, Cultura, Conhecimento, Tecnologia<br \/>\nLattes: <a href=\"http:\/\/lattes.cnpq.br\/6823520027124695\">http:\/\/lattes.cnpq.br\/6823520027124695<\/a><br \/>\nE-mail: mgantos@uenf.br<br \/>\nORCID: <a href=\"https:\/\/orcid.org\/0000-0002-1944-0431\">https:\/\/orcid.org\/0000-0002-1944-0431<\/a><\/p>\n<p>Nome: Marcos Ant\u00f4nio Pedlowski<br \/>\nForma\u00e7\u00e3o Acad\u00eamica: PhD em Planejamento Regional<br \/>\nLinha de Pesquisa: Estudos Ambientais, Rurais, Urbanos e Regionais<br \/>\nLattes: <a href=\"http:\/\/lattes.cnpq.br\/7764577113401685\">http:\/\/lattes.cnpq.br\/7764577113401685<\/a><br \/>\nE-mail: pedlowma@uenf.br<br \/>\nORCID: <a href=\"https:\/\/orcid.org\/0000-0003-3949-8240\">https:\/\/orcid.org\/0000-0003-3949-8240<\/a><\/p>\n<p>Nome: Marlon Gomes Ney<br \/>\nForma\u00e7\u00e3o Acad\u00eamica: Doutor em Economia Aplicada<br \/>\nLinha de Pesquisa: Economia Agr\u00e1ria, Economia dos Recursos Humanos, Economia Regional, M\u00e9todos Quantitativos em Economia<br \/>\nLattes: <a href=\"http:\/\/lattes.cnpq.br\/9939301710980597\">http:\/\/lattes.cnpq.br\/9939301710980597<\/a><br \/>\nE-mail: marlonney@uenf.br<br \/>\nORCID: <a href=\"https:\/\/orcid.org\/0000-0002-0302-6818\">https:\/\/orcid.org\/0000-0002-0302-6818<\/a><\/p>\n<p>Nome: Rodrigo da Costa Caetano<br \/>\nForma\u00e7\u00e3o Acad\u00eamica: Doutor em Geografia<br \/>\nLinha de Pesquisa: Estado, Ordenamento territorial, Patrimonialismo, Geografia da Popula\u00e7\u00e3o, Agr\u00e1ria e Urbana, Cartografia e Educa\u00e7\u00e3o<br \/>\nLattes: <a href=\"http:\/\/lattes.cnpq.br\/3574363885377539\">http:\/\/lattes.cnpq.br\/3574363885377539<\/a><br \/>\nE-mail: profrodrigo@uenf.br<br \/>\nORCID:<\/p>\n<p>Nome: Ricardo Andr\u00e9 Avelar de N\u00f3brega<br \/>\nForma\u00e7\u00e3o Acad\u00eamica: Doutor em Sociologia<br \/>\nLinha de Pesquisa: Teoria Social, Sociologia do Trabalho, Sociologia Econ\u00f4mica e Desenvolvimento Regional<br \/>\nLattes: <a href=\"http:\/\/lattes.cnpq.br\/6780658175126332\">http:\/\/lattes.cnpq.br\/6780658175126332<\/a><br \/>\nE-mail: ravelarnobrega@gmail.com<br \/>\nORCID:<\/p>\n<p>Nome: Simonne Teixeira<br \/>\nForma\u00e7\u00e3o Acad\u00eamica: PhD em Filosofia e Letras (Hist\u00f3ria)<br \/>\nLinha de Pesquisa: Ci\u00eancia, Cultura, Conhecimento, Tecnologia<br \/>\nLattes: <a href=\"http:\/\/lattes.cnpq.br\/7938119508337389\">http:\/\/lattes.cnpq.br\/7938119508337389<\/a><br \/>\nE-mail: simonne@uenf.br<br \/>\nORCID: <a href=\"https:\/\/orcid.org\/0000-0002-2476-8247\">https:\/\/orcid.org\/0000-0002-2476-8247<\/a><\/p>\n<p>Nome: Teresa de Jesus Peixoto Faria<br \/>\nForma\u00e7\u00e3o Acad\u00eamica: Doutora em Estudos Urbanos<br \/>\nLinha de Pesquisa: Estudos Ambientais, Rurais, Urbanos e Regionais<br \/>\nLattes: <a href=\"http:\/\/lattes.cnpq.br\/8995445345006754\">http:\/\/lattes.cnpq.br\/8995445345006754<\/a><br \/>\nE-mail: teresapf@uenf.br<br \/>\nORCID:<\/p>\n","protected":false},"excerpt":{"rendered":"<p>Professores Associados Nome: Geraldo Marcio Tim\u00f3teo Forma\u00e7\u00e3o Acad\u00eamica: Doutor em Sociologia Linha de Pesquisa: Sociologia do Trabalho, Sociedade, Pobreza Lattes:&#8230;<\/p>\n","protected":false},"author":9,"featured_media":0,"parent":0,"menu_order":3,"comment_status":"open","ping_status":"closed","template":"","meta":{"footnotes":""},"class_list":["post-23","page","type-page","status-publish","hentry"],"_links":{"self":[{"href":"https:\/\/uenf.br\/cch\/leea\/wp-json\/wp\/v2\/pages\/23","targetHints":{"allow":["GET"]}}],"collection":[{"href":"https:\/\/uenf.br\/cch\/leea\/wp-json\/wp\/v2\/pages"}],"about":[{"href":"https:\/\/uenf.br\/cch\/leea\/wp-json\/wp\/v2\/types\/page"}],"author":[{"embeddable":true,"href":"https:\/\/uenf.br\/cch\/leea\/wp-json\/wp\/v2\/users\/9"}],"replies":[{"embeddable":true,"href":"https:\/\/uenf.br\/cch\/leea\/wp-json\/wp\/v2\/comments?post=23"}],"version-history":[{"count":0,"href":"https:\/\/uenf.br\/cch\/leea\/wp-json\/wp\/v2\/pages\/23\/revisions"}],"wp:attachment":[{"href":"https:\/\/uenf.br\/cch\/leea\/wp-json\/wp\/v2\/media?parent=23"}],"curies":[{"name":"wp","href":"https:\/\/api.w.org\/{rel}","templated":true}]}}