{"id":250,"date":"2019-12-18T14:11:59","date_gmt":"2019-12-18T17:11:59","guid":{"rendered":"http:\/\/uenf.br\/cch\/leea\/?page_id=250"},"modified":"2023-09-06T16:52:34","modified_gmt":"2023-09-06T19:52:34","slug":"chefe-de-laboratorio","status":"publish","type":"page","link":"https:\/\/uenf.br\/cch\/leea\/chefe-de-laboratorio\/","title":{"rendered":"Chefe de Laborat\u00f3rio"},"content":{"rendered":"<p>Nome: Marcos Ant\u00f4nio Pedlowski<br \/>\nForma\u00e7\u00e3o Acad\u00eamica: PhD em Planejamento Regional<br \/>\nLinha de Pesquisa: Estudos Ambientais, Rurais, Urbanos e Regionais<br \/>\nLattes: <a href=\"http:\/\/lattes.cnpq.br\/7764577113401685\">http:\/\/lattes.cnpq.br\/7764577113401685<\/a><br \/>\nE-mail: pedlowma@uenf.br<br \/>\nORCID: https:\/\/orcid.org\/0000-0003-3949-8240<\/p>\n<p><!-- \/ layout --><\/p>\n<p><!-- \/ layout --><\/p>\n<p><!-- \/ container --><\/p>\n<p><!-- \/ wrapper --><\/p>\n<div id=\"assinatura\"><\/div>\n<div id=\"container_assinatura\">\n<div class=\"assinatura_texto\">\n<p>&nbsp;<\/p>\n<div class=\"content_assinatura\">\n<div style=\"font-weight: normal;font-size: 12px;text-transform: uppercase\"><\/div>\n<\/div>\n<\/div>\n<\/div>\n<p>&nbsp;<\/p>\n","protected":false},"excerpt":{"rendered":"<p>Nome: Marcos Ant\u00f4nio Pedlowski Forma\u00e7\u00e3o Acad\u00eamica: PhD em Planejamento Regional Linha de Pesquisa: Estudos Ambientais, Rurais, Urbanos e Regionais Lattes:&#8230;<\/p>\n","protected":false},"author":19,"featured_media":0,"parent":0,"menu_order":2,"comment_status":"open","ping_status":"closed","template":"","meta":{"footnotes":""},"class_list":["post-250","page","type-page","status-publish","hentry"],"_links":{"self":[{"href":"https:\/\/uenf.br\/cch\/leea\/wp-json\/wp\/v2\/pages\/250","targetHints":{"allow":["GET"]}}],"collection":[{"href":"https:\/\/uenf.br\/cch\/leea\/wp-json\/wp\/v2\/pages"}],"about":[{"href":"https:\/\/uenf.br\/cch\/leea\/wp-json\/wp\/v2\/types\/page"}],"author":[{"embeddable":true,"href":"https:\/\/uenf.br\/cch\/leea\/wp-json\/wp\/v2\/users\/19"}],"replies":[{"embeddable":true,"href":"https:\/\/uenf.br\/cch\/leea\/wp-json\/wp\/v2\/comments?post=250"}],"version-history":[{"count":0,"href":"https:\/\/uenf.br\/cch\/leea\/wp-json\/wp\/v2\/pages\/250\/revisions"}],"wp:attachment":[{"href":"https:\/\/uenf.br\/cch\/leea\/wp-json\/wp\/v2\/media?parent=250"}],"curies":[{"name":"wp","href":"https:\/\/api.w.org\/{rel}","templated":true}]}}