{"id":302,"date":"2020-11-19T16:56:24","date_gmt":"2020-11-19T19:56:24","guid":{"rendered":"http:\/\/uenf.br\/cch\/leea\/?page_id=302"},"modified":"2021-04-09T11:29:03","modified_gmt":"2021-04-09T14:29:03","slug":"pos-graduacao","status":"publish","type":"page","link":"https:\/\/uenf.br\/cch\/leea\/pos-graduacao\/","title":{"rendered":"P\u00f3s-gradua\u00e7\u00e3o"},"content":{"rendered":"<p><a href=\"http:\/\/uenf.br\/posgraduacao\/politicas-sociais\/\"><img loading=\"lazy\" decoding=\"async\" class=\"aligncenter size-small wp-image-336\" src=\"http:\/\/uenf.br\/cch\/leea\/files\/2020\/11\/Logo-PPGPS-300x141.jpg\" alt=\"\" width=\"150\" height=\"70\" srcset=\"https:\/\/uenf.br\/cch\/leea\/files\/2020\/11\/Logo-PPGPS-300x141.jpg 300w, https:\/\/uenf.br\/cch\/leea\/files\/2020\/11\/Logo-PPGPS-150x70.jpg 150w, https:\/\/uenf.br\/cch\/leea\/files\/2020\/11\/Logo-PPGPS-400x188.jpg 400w, https:\/\/uenf.br\/cch\/leea\/files\/2020\/11\/Logo-PPGPS.jpg 448w\" sizes=\"auto, (max-width: 150px) 100vw, 150px\" \/><\/a><\/p>\n<p style=\"text-align: center\"><a href=\"http:\/\/uenf.br\/posgraduacao\/politicas-sociais\/\">P\u00f3s-gradua\u00e7\u00e3o em Pol\u00edticas Sociais (PPGPS) &#8211; CCH<\/a><\/p>\n<p><a href=\"http:\/\/uenf.br\/posgraduacao\/sociologia-politica\/\"><img loading=\"lazy\" decoding=\"async\" class=\"aligncenter size-small wp-image-339\" src=\"http:\/\/uenf.br\/cch\/leea\/files\/2020\/11\/PPGSP-269x300.jpg\" alt=\"\" width=\"134\" height=\"150\" srcset=\"https:\/\/uenf.br\/cch\/leea\/files\/2020\/11\/PPGSP-269x300.jpg 269w, https:\/\/uenf.br\/cch\/leea\/files\/2020\/11\/PPGSP-918x1024.jpg 918w, https:\/\/uenf.br\/cch\/leea\/files\/2020\/11\/PPGSP-768x857.jpg 768w, https:\/\/uenf.br\/cch\/leea\/files\/2020\/11\/PPGSP-1376x1536.jpg 1376w, https:\/\/uenf.br\/cch\/leea\/files\/2020\/11\/PPGSP-1835x2048.jpg 1835w, https:\/\/uenf.br\/cch\/leea\/files\/2020\/11\/PPGSP-134x150.jpg 134w, https:\/\/uenf.br\/cch\/leea\/files\/2020\/11\/PPGSP-400x446.jpg 400w\" sizes=\"auto, (max-width: 134px) 100vw, 134px\" \/><\/a><\/p>\n<p style=\"text-align: center\"><a href=\"http:\/\/uenf.br\/posgraduacao\/sociologia-politica\/\">P\u00f3s-gradua\u00e7\u00e3o em Sociologia Pol\u00edtica (PPGSP) &#8211; CCH<\/a><\/p>\n<p><!-- \/ layout --><\/p>\n<p><!-- \/ layout --><\/p>\n<p><!-- \/ container --><\/p>\n<p><!-- \/ wrapper --><\/p>\n<div id=\"assinatura\"><\/div>\n<div id=\"container_assinatura\">\n<div class=\"assinatura_texto\">\n<p>&nbsp;<\/p>\n<\/div>\n<\/div>\n","protected":false},"excerpt":{"rendered":"<p>P\u00f3s-gradua\u00e7\u00e3o em Pol\u00edticas Sociais (PPGPS) &#8211; CCH P\u00f3s-gradua\u00e7\u00e3o em Sociologia Pol\u00edtica (PPGSP) &#8211; CCH &nbsp;<\/p>\n","protected":false},"author":19,"featured_media":0,"parent":0,"menu_order":11,"comment_status":"closed","ping_status":"closed","template":"","meta":{"footnotes":""},"class_list":["post-302","page","type-page","status-publish","hentry"],"_links":{"self":[{"href":"https:\/\/uenf.br\/cch\/leea\/wp-json\/wp\/v2\/pages\/302","targetHints":{"allow":["GET"]}}],"collection":[{"href":"https:\/\/uenf.br\/cch\/leea\/wp-json\/wp\/v2\/pages"}],"about":[{"href":"https:\/\/uenf.br\/cch\/leea\/wp-json\/wp\/v2\/types\/page"}],"author":[{"embeddable":true,"href":"https:\/\/uenf.br\/cch\/leea\/wp-json\/wp\/v2\/users\/19"}],"replies":[{"embeddable":true,"href":"https:\/\/uenf.br\/cch\/leea\/wp-json\/wp\/v2\/comments?post=302"}],"version-history":[{"count":0,"href":"https:\/\/uenf.br\/cch\/leea\/wp-json\/wp\/v2\/pages\/302\/revisions"}],"wp:attachment":[{"href":"https:\/\/uenf.br\/cch\/leea\/wp-json\/wp\/v2\/media?parent=302"}],"curies":[{"name":"wp","href":"https:\/\/api.w.org\/{rel}","templated":true}]}}