{"id":39,"date":"2012-07-05T14:45:09","date_gmt":"2012-07-05T17:45:09","guid":{"rendered":"http:\/\/uenf.br\/cch\/leea\/?page_id=39"},"modified":"2024-09-17T16:33:07","modified_gmt":"2024-09-17T19:33:07","slug":"projetos","status":"publish","type":"page","link":"https:\/\/uenf.br\/cch\/leea\/pesquisas\/projetos\/","title":{"rendered":"Projetos"},"content":{"rendered":"<p><strong>Projeto<\/strong><\/p>\n<p style=\"padding-left: 30px\">Universidade e \u201cMiss\u00e3o\u201d em Campos dos Goytacazes \u2013 FAPERJ 171.604\/2002.<br \/>\n<em>Coordena\u00e7\u00e3o: Prof\u00aa. Adelia Miglievich<\/em><\/p>\n<p style=\"padding-left: 30px\"><strong>Sub Projetos<\/strong><\/p>\n<ul>\n<li>Darcy Ribeiro, Intelectuais e Sociologia do Desenvolvimento;<\/li>\n<li>Intelectuais em Campos dos Goytacazes e Estado: as origens da UENF;<\/li>\n<li>Darcy Ribeiro, Educa\u00e7\u00e3o e Ci\u00eancias Sociais: pragmatismo e filosofia norte-americana;<\/li>\n<li>Universidade, \u201cinterven\u00e7\u00e3o modernizante\u201d e cultura local: mudan\u00e7as e obst\u00e1culos \u00e0s mudan\u00e7as<\/li>\n<\/ul>\n<p>&nbsp;<\/p>\n<p><strong>Projeto<\/strong><\/p>\n<p style=\"padding-left: 30px\">Teoria Social, Modernidade e Democracia<br \/>\n<em>Coordena\u00e7\u00e3o: Prof\u00aa. Adelia Miglievich<\/em><\/p>\n<p style=\"padding-left: 30px\"><strong>Sub Projetos<\/strong><\/p>\n<ul>\n<li>A crise da modernidade na teoria social alem\u00e3 e a teoria cr\u00edtica hoje;<\/li>\n<li>Reflexividade, modernidade e utopias: o debate da brasilidade<br \/>\nPol\u00edticas P\u00fablicas, Democracia e Direito.<\/li>\n<\/ul>\n<p><strong>Projeto<\/strong><\/p>\n<p style=\"padding-left: 30px\">Estudando os Fatores que Controlam os Processos de Perman\u00eancia e Desist\u00eancia no Processo de Reforma Agr\u00e1ria no Municipicio de Campos dos Goytacazes, RJ<br \/>\n<em>Coordena\u00e7\u00e3o: Marcos A. Pedlowski<\/em><\/p>\n<p style=\"padding-left: 30px\"><strong>Sub Projetos<\/strong><\/p>\n<ul>\n<li>O Papel das cadeias de comercializa\u00e7\u00e3o na viabliidade econ\u00f4mica de assentamentos e reforma agr\u00e1ria.<\/li>\n<li>Impactos socioambientais da ado\u00e7\u00e3o de tecnologias da Revolu\u00e7\u00e3o Verde.<\/li>\n<li>Persist\u00eancia e Abandono como fatores fundamentais na sustentabilidade pol\u00edtico-econ\u00f4mica de assentamentos de reforma agr\u00e1ria.<\/li>\n<li>Entre o Acampamento e o Assentamento: Trajet\u00f3rias de Afirma\u00e7\u00e3o s\u00f3cio-pol\u00edtica do trabalhador rural sem terra<\/li>\n<\/ul>\n<p>&nbsp;<\/p>\n<p><strong>Projeto<\/strong><\/p>\n<p style=\"padding-left: 30px\">Patrim\u00f4nio Cultural do Norte Fluminense: Invent\u00e1rio e Pesquisa<br \/>\n<em>Coordena\u00e7\u00e3o: Simonne Teixeira<\/em><\/p>\n<p style=\"padding-left: 30px\"><strong>Sub Projetos<\/strong><\/p>\n<ul>\n<li>Projeto Gest\u00e3o Documental \u2013 Acervo Museu Campos dos Goytacazes;<\/li>\n<li>Projeto Mem\u00f3ria Viva;<\/li>\n<li>Projeto Cole\u00e7\u00f5es: reunindo novos objetos de estudo;<\/li>\n<li>Projeto Mapa Hist\u00f3rico \u2013 Arqueol\u00f3gico;<\/li>\n<li>Patrim\u00f4nio dos cinco sentidos: Arte e Cultura e Popular<\/li>\n<\/ul>\n<p>&nbsp;<\/p>\n<p><strong>Projeto<\/strong><\/p>\n<p style=\"padding-left: 30px\">Reformas Urbanas e Quest\u00e3o Social em Campos dos Goytacazes<br \/>\n<em>Coordena\u00e7\u00e3o: Teresa Peixoto Faria<\/em><\/p>\n<p style=\"padding-left: 30px\"><strong>Sub Projetos<\/strong><\/p>\n<ul>\n<li>Hist\u00f3ria da cidade de Campos e do seu<br \/>\nProcesso de Urbaniza\u00e7\u00e3o;<\/li>\n<li>Cidade e Cultura Urbana: a constru\u00e7\u00e3o da Campos Moderna;<\/li>\n<li>An\u00e1lise dos Processos S\u00f3cio-espaciais em Campos dos Goytacazes: Segrega\u00e7\u00e3o,<br \/>\nVerticaliza\u00e7\u00e3o, Faveliza\u00e7\u00e3o, Condom\u00ednios Residenciais Fechados;<\/li>\n<li>Segrega\u00e7\u00e3o S\u00f3cio-espacial e Qualidade Ambiental;<\/li>\n<li>Forma\u00e7\u00e3o e Desenvolvimento da rede urbana das regi\u00f5es Norte e Noroeste Fluminense;<\/li>\n<\/ul>\n<p>&nbsp;<\/p>\n<p><strong>Projeto<\/strong><\/p>\n<p style=\"padding-left: 30px\">Povos Ind\u00edgenas no espa\u00e7o ambiental da bacia inferior do rio Para\u00edba do Sul:Estudos de Hist\u00f3ria e Arqueologia;<br \/>\n<em>Coordena\u00e7\u00e3o: Simonne Teixeira<\/em><\/p>\n<p>&nbsp;<\/p>\n<p><strong>Projeto<\/strong><\/p>\n<p style=\"padding-left: 30px\">Paisagens Culturais em bacias hidrogr\u00e1ficas afetadas por corre\u00e7\u00f5es de engenharia no s\u00e9culo XIX, vistos pela Hist\u00f3ria e pela Arqueologia. Bacia Inferior do rio Para\u00edba do Sul<br \/>\n<em>Coordena\u00e7\u00e3o: Simonne Teixeira<\/em><\/p>\n<p>&nbsp;<\/p>\n<p><strong>Projeto<\/strong><\/p>\n<p style=\"padding-left: 30px\">Educa\u00e7\u00e3o e desigualdade de renda no Brasil;<br \/>\n<em>Coordena\u00e7\u00e3o: Marlon Gomes Ney<\/em><\/p>\n<p>&nbsp;<\/p>\n<p><strong>Projeto<\/strong><\/p>\n<p style=\"padding-left: 30px\">Educa\u00e7\u00e3o e desigualdade de renda no Estado do Rio de Janeiro<br \/>\n<em>Coordena\u00e7\u00e3o: Marlon Gomes Ney<\/em><\/p>\n<p>&nbsp;<\/p>\n<p><strong>Projeto<\/strong><\/p>\n<p style=\"padding-left: 30px\">Evolu\u00e7\u00e3o recente da desigualdade de rendimentos no setor agr\u00edcola<br \/>\n<em>Coordena\u00e7\u00e3o: Marlon Gomes Ney<\/em><\/p>\n<p>&nbsp;<\/p>\n<p><!-- \/ layout --><\/p>\n<p><!-- \/ layout --><\/p>\n<p><!-- \/ container --><\/p>\n<p><!-- \/ wrapper --><\/p>\n<div id=\"assinatura\"><\/div>\n<div id=\"container_assinatura\">\n<div class=\"assinatura_texto\">\n<p>&nbsp;<\/p>\n<\/div>\n<\/div>\n","protected":false},"excerpt":{"rendered":"<p>Projeto Universidade e \u201cMiss\u00e3o\u201d em Campos dos Goytacazes \u2013 FAPERJ 171.604\/2002. Coordena\u00e7\u00e3o: Prof\u00aa. Adelia Miglievich Sub Projetos Darcy Ribeiro, Intelectuais&#8230;<\/p>\n","protected":false},"author":9,"featured_media":0,"parent":33,"menu_order":2,"comment_status":"closed","ping_status":"closed","template":"","meta":{"footnotes":""},"class_list":["post-39","page","type-page","status-publish","hentry"],"_links":{"self":[{"href":"https:\/\/uenf.br\/cch\/leea\/wp-json\/wp\/v2\/pages\/39","targetHints":{"allow":["GET"]}}],"collection":[{"href":"https:\/\/uenf.br\/cch\/leea\/wp-json\/wp\/v2\/pages"}],"about":[{"href":"https:\/\/uenf.br\/cch\/leea\/wp-json\/wp\/v2\/types\/page"}],"author":[{"embeddable":true,"href":"https:\/\/uenf.br\/cch\/leea\/wp-json\/wp\/v2\/users\/9"}],"replies":[{"embeddable":true,"href":"https:\/\/uenf.br\/cch\/leea\/wp-json\/wp\/v2\/comments?post=39"}],"version-history":[{"count":0,"href":"https:\/\/uenf.br\/cch\/leea\/wp-json\/wp\/v2\/pages\/39\/revisions"}],"up":[{"embeddable":true,"href":"https:\/\/uenf.br\/cch\/leea\/wp-json\/wp\/v2\/pages\/33"}],"wp:attachment":[{"href":"https:\/\/uenf.br\/cch\/leea\/wp-json\/wp\/v2\/media?parent=39"}],"curies":[{"name":"wp","href":"https:\/\/api.w.org\/{rel}","templated":true}]}}