{"id":447,"date":"2021-11-25T11:12:30","date_gmt":"2021-11-25T14:12:30","guid":{"rendered":"https:\/\/uenf.br\/cch\/leea\/?page_id=447"},"modified":"2024-08-20T16:48:17","modified_gmt":"2024-08-20T19:48:17","slug":"banco-de-imagem-e-som","status":"publish","type":"page","link":"https:\/\/uenf.br\/cch\/leea\/uesi\/banco-de-imagem-e-som\/","title":{"rendered":"Banco de Imagem e Som"},"content":{"rendered":"<p>PESCARTE<br \/>\nPEECLA<\/p>\n<p><a href=\"https:\/\/uenf.academia.edu\/LilianSagioCezar\">Conhe\u00e7a nossas outras publica\u00e7\u00f5es<\/a><\/p>\n","protected":false},"excerpt":{"rendered":"<p>PESCARTE PEECLA Conhe\u00e7a nossas outras publica\u00e7\u00f5es<\/p>\n","protected":false},"author":19,"featured_media":0,"parent":62,"menu_order":18,"comment_status":"closed","ping_status":"closed","template":"","meta":{"footnotes":""},"class_list":["post-447","page","type-page","status-publish","hentry"],"_links":{"self":[{"href":"https:\/\/uenf.br\/cch\/leea\/wp-json\/wp\/v2\/pages\/447","targetHints":{"allow":["GET"]}}],"collection":[{"href":"https:\/\/uenf.br\/cch\/leea\/wp-json\/wp\/v2\/pages"}],"about":[{"href":"https:\/\/uenf.br\/cch\/leea\/wp-json\/wp\/v2\/types\/page"}],"author":[{"embeddable":true,"href":"https:\/\/uenf.br\/cch\/leea\/wp-json\/wp\/v2\/users\/19"}],"replies":[{"embeddable":true,"href":"https:\/\/uenf.br\/cch\/leea\/wp-json\/wp\/v2\/comments?post=447"}],"version-history":[{"count":0,"href":"https:\/\/uenf.br\/cch\/leea\/wp-json\/wp\/v2\/pages\/447\/revisions"}],"up":[{"embeddable":true,"href":"https:\/\/uenf.br\/cch\/leea\/wp-json\/wp\/v2\/pages\/62"}],"wp:attachment":[{"href":"https:\/\/uenf.br\/cch\/leea\/wp-json\/wp\/v2\/media?parent=447"}],"curies":[{"name":"wp","href":"https:\/\/api.w.org\/{rel}","templated":true}]}}