{"id":453,"date":"2021-11-25T11:42:52","date_gmt":"2021-11-25T14:42:52","guid":{"rendered":"https:\/\/uenf.br\/cch\/leea\/?page_id=453"},"modified":"2024-08-20T16:12:02","modified_gmt":"2024-08-20T19:12:02","slug":"contatos","status":"publish","type":"page","link":"https:\/\/uenf.br\/cch\/leea\/uesi\/contatos\/","title":{"rendered":"Contatos"},"content":{"rendered":"<p>Nome: UESI<br \/>\nUnidade: LABORAT\u00d3RIO DE ESTUDOS DO ESPA\u00c7O ANTR\u00d3PICO &#8211; LEEA<br \/>\nUnid. Adm.: CENTRO DE CI\u00caNCIAS DO HOMEM (CCH)<br \/>\nLocaliza\u00e7\u00e3o: E2 &#8211; SALA 105<\/p>\n<p>Telefones:<br \/>\n+55 (22) 2739-7284<br \/>\n+55 (22) 2739-7398<br \/>\n+55 (22) 2739-7210<\/p>\n<p>E-mail: uesi@uenf.br<\/p>\n<p>&nbsp;<\/p>\n<p>&nbsp;<\/p>\n","protected":false},"excerpt":{"rendered":"<p>Nome: UESI Unidade: LABORAT\u00d3RIO DE ESTUDOS DO ESPA\u00c7O ANTR\u00d3PICO &#8211; LEEA Unid. Adm.: CENTRO DE CI\u00caNCIAS DO HOMEM (CCH) Localiza\u00e7\u00e3o:&#8230;<\/p>\n","protected":false},"author":19,"featured_media":0,"parent":62,"menu_order":20,"comment_status":"closed","ping_status":"closed","template":"","meta":{"footnotes":""},"class_list":["post-453","page","type-page","status-publish","hentry"],"_links":{"self":[{"href":"https:\/\/uenf.br\/cch\/leea\/wp-json\/wp\/v2\/pages\/453","targetHints":{"allow":["GET"]}}],"collection":[{"href":"https:\/\/uenf.br\/cch\/leea\/wp-json\/wp\/v2\/pages"}],"about":[{"href":"https:\/\/uenf.br\/cch\/leea\/wp-json\/wp\/v2\/types\/page"}],"author":[{"embeddable":true,"href":"https:\/\/uenf.br\/cch\/leea\/wp-json\/wp\/v2\/users\/19"}],"replies":[{"embeddable":true,"href":"https:\/\/uenf.br\/cch\/leea\/wp-json\/wp\/v2\/comments?post=453"}],"version-history":[{"count":0,"href":"https:\/\/uenf.br\/cch\/leea\/wp-json\/wp\/v2\/pages\/453\/revisions"}],"up":[{"embeddable":true,"href":"https:\/\/uenf.br\/cch\/leea\/wp-json\/wp\/v2\/pages\/62"}],"wp:attachment":[{"href":"https:\/\/uenf.br\/cch\/leea\/wp-json\/wp\/v2\/media?parent=453"}],"curies":[{"name":"wp","href":"https:\/\/api.w.org\/{rel}","templated":true}]}}