{"id":46,"date":"2012-07-05T15:12:31","date_gmt":"2012-07-05T18:12:31","guid":{"rendered":"http:\/\/uenf.br\/cch\/leea\/?page_id=46"},"modified":"2021-04-09T11:27:37","modified_gmt":"2021-04-09T14:27:37","slug":"extensao","status":"publish","type":"page","link":"https:\/\/uenf.br\/cch\/leea\/extensao\/","title":{"rendered":"Extens\u00e3o"},"content":{"rendered":"<p><span style=\"color: #000000\"><strong>Projeto integrado de desenvolvimento econ\u00f4mico e social rural para implanta\u00e7\u00e3o e opera\u00e7\u00e3o da unidade escola de produtividade<br \/>\nrural \u2013 UEPR<br \/>\n<\/strong><\/span>Coordenador<em><br \/>\nProf. Geraldo M\u00e1rcio Timoteo<br \/>\n<\/em><\/p>\n<p>&nbsp;<\/p>\n<p><span style=\"color: #000000\"><strong>Projeto de pesquisa: paredes centen\u00e1rias que guardam a mem\u00f3ria &#8211; document\u00e1rio sobre o Arquivo P\u00fablico Municipal Waldir Pinto de<br \/>\nCarvalho<br \/>\n<\/strong><\/span>Coordenadora<br \/>\n<em>Prof\u00aa. Lilian Sagio Cezar<br \/>\n<\/em><\/p>\n<p>&nbsp;<\/p>\n<p><span style=\"color: #000000\"><strong>Tom da Ci\u00eancia<br \/>\n<\/strong><\/span>Coordenador<br \/>\n<em>Prof. Marcelo Carlos Gantos<br \/>\n<\/em><\/p>\n<p>&nbsp;<\/p>\n<p><span style=\"color: #000000\"><strong>Educa\u00e7\u00e3o do Campo: limites e possibilidades da forma\u00e7\u00e3o continuada para educadores na Baixada Campista<br \/>\n<\/strong><\/span>Coordenador<br \/>\n<em>Prof. Ricardo Andr\u00e9 Avelar Nobrega<br \/>\n<\/em><\/p>\n<p>&nbsp;<\/p>\n<p><span style=\"color: #000000\"><strong>Mem\u00f3ria e patrim\u00f4nio escolar: divulga\u00e7\u00e3o do conhecimento e preserva\u00e7\u00e3o do patrim\u00f4nio hist\u00f3rico educativo.<br \/>\n<\/strong><\/span>Coordenador<em><br \/>\nProf\u00aa. Silvia Alicia Martinez<br \/>\n<\/em><\/p>\n<p>&nbsp;<\/p>\n<p><span style=\"color: #000000\"><strong>Polo Regional Arte na Escola &#8211; UENF<br \/>\n<\/strong><\/span>Coordenador<br \/>\n<em>Prof\u00aa. Simonne Teixeira<br \/>\n<\/em><\/p>\n<p><!-- PROGRAMAS INDIVIDUAIS AQUI --><\/p>\n<h3><span style=\"color: #a82a68\"><br \/>\nProgramas Individuais<br \/>\n<\/span><\/h3>\n<p><!--Tabela 1--><\/p>\n<table border=\"1\">\n<tbody>\n<tr>\n<td style=\"text-align: center\" colspan=\"3\"><strong>PROGRAMA:<\/strong> INF\u00c2NCIA E JUVENTUDE: TRABALHANDO IDENTIDADE,<br \/>\nPERTENCIMENTO E MEM\u00d3RIA NO CONJUNTO HABITACIONAL PORTELINHA E ADJAC\u00caNCIAS A PARTIR DA PROBLEM\u00c1TICA URBANA DO<br \/>\nDESENVOLVIMENTO<br \/>\nHUMANO E O DIREITO \u00c0 CIDADE.<br \/>\n<strong>COORDENADOR: GERALDO M\u00c1RCIO TIM\u00d3TEO<\/strong><\/td>\n<\/tr>\n<tr>\n<td style=\"text-align: center\"><strong> COORDENADOR <\/strong><\/td>\n<td style=\"text-align: center\"><strong> PROJETO <\/strong><\/td>\n<\/tr>\n<tr>\n<td>GERALDO M\u00c1RCIO TIM\u00d3TEO<\/td>\n<td>Juventude em Movimento: trabalhando identidade, pertencimento e mem\u00f3ria no conjunto habitacional Portelinha em Campos dos<br \/>\nGoytacazes<\/td>\n<\/tr>\n<tr>\n<td>TERESA DE JESUS PEIXOTO FARIA<\/td>\n<td>Integra\u00e7\u00e3o socioespacial, quest\u00e3o ambiental e cidadania.<\/td>\n<\/tr>\n<\/tbody>\n<\/table>\n<p>&nbsp;<\/p>\n<p><!-- Tabela 2 --><\/p>\n<table border=\"1\">\n<tbody>\n<tr>\n<td style=\"text-align: center\" colspan=\"3\"><strong>PROGRAMA:<\/strong> Direito \u00e0 cidade de moradores de conjuntos<br \/>\nhabitacionais e favelas de Campos dos Goytacazes<br \/>\n<strong>COORDENADOR:<\/strong> TERESA DE JESUS PEIXOTO FARIA<\/td>\n<\/tr>\n<tr>\n<td style=\"text-align: center\"><strong> COORDENADOR <\/strong><\/td>\n<td style=\"text-align: center\"><strong> PROJETO <\/strong><\/td>\n<\/tr>\n<tr>\n<td>TERESA PEIXOTO FARIA<\/td>\n<td>Pol\u00edticas p\u00fablicas e espera: a\u00e7\u00f5es para garantia e preserva\u00e7\u00e3o de direitos<\/td>\n<\/tr>\n<tr>\n<td>WANIA AM\u00c9LIA BELCHIOR MESQUITA<\/td>\n<td>Sociabilidades e direitos no Programa morar feliz de Campos dos Goytacazes<\/td>\n<\/tr>\n<\/tbody>\n<\/table>\n<p><!-- SESS\u00c3O COMENTADA (CONFERIR SE CONTE\u00daDO PERMANECE NO SITE) **************************************************************** --><br \/>\n<span style=\"color: #000000\"><br \/>\n<\/span><br \/>\n<!--Coordenadora--><em><!--Prof\u00aa Teresa Peixoto Faria--><\/em><\/p>\n<p><!-- \/ layout --><\/p>\n<p><!-- \/ layout --><\/p>\n<p><!-- \/ container --><\/p>\n<p><!-- \/ wrapper --><\/p>\n","protected":false},"excerpt":{"rendered":"<p>Projeto integrado de desenvolvimento econ\u00f4mico e social rural para implanta\u00e7\u00e3o e opera\u00e7\u00e3o da unidade escola de produtividade rural \u2013 UEPR&#8230;<\/p>\n","protected":false},"author":9,"featured_media":0,"parent":0,"menu_order":5,"comment_status":"closed","ping_status":"closed","template":"","meta":{"footnotes":""},"class_list":["post-46","page","type-page","status-publish","hentry"],"_links":{"self":[{"href":"https:\/\/uenf.br\/cch\/leea\/wp-json\/wp\/v2\/pages\/46","targetHints":{"allow":["GET"]}}],"collection":[{"href":"https:\/\/uenf.br\/cch\/leea\/wp-json\/wp\/v2\/pages"}],"about":[{"href":"https:\/\/uenf.br\/cch\/leea\/wp-json\/wp\/v2\/types\/page"}],"author":[{"embeddable":true,"href":"https:\/\/uenf.br\/cch\/leea\/wp-json\/wp\/v2\/users\/9"}],"replies":[{"embeddable":true,"href":"https:\/\/uenf.br\/cch\/leea\/wp-json\/wp\/v2\/comments?post=46"}],"version-history":[{"count":0,"href":"https:\/\/uenf.br\/cch\/leea\/wp-json\/wp\/v2\/pages\/46\/revisions"}],"wp:attachment":[{"href":"https:\/\/uenf.br\/cch\/leea\/wp-json\/wp\/v2\/media?parent=46"}],"curies":[{"name":"wp","href":"https:\/\/api.w.org\/{rel}","templated":true}]}}