{"id":5,"date":"2010-09-23T09:40:27","date_gmt":"2010-09-23T12:40:27","guid":{"rendered":"http:\/\/uenf.br\/cch\/leea\/"},"modified":"2021-04-09T10:41:48","modified_gmt":"2021-04-09T13:41:48","slug":"linhas-de-pesquisas","status":"publish","type":"page","link":"https:\/\/uenf.br\/cch\/leea\/pesquisas\/linhas-de-pesquisas\/","title":{"rendered":"Linhas de Pesquisas"},"content":{"rendered":"<p><strong>LINHAS DE PESQUISA<\/strong><\/p>\n<p style=\"padding-left: 30px\">Ci\u00eancia,\u00a0 Cultura, Conhecimento, Tecnologia<\/p>\n<p><strong>\u00c1REAS DE INTERESSE<\/strong><\/p>\n<p style=\"padding-left: 30px\">Teorias sociol\u00f3gicas<br \/>\nTeorias Pol\u00edticas<br \/>\nSociologia da Ci\u00eancia<br \/>\nCi\u00eancia Tecnologia e Sociedade<br \/>\nPol\u00edtica, Cultura e Conhecimento<br \/>\nTecnologias Sociais e Estudos Sobre Comunidade,<br \/>\nHist\u00f3ria, Mem\u00f3ria e Regi\u00e3o<\/p>\n<p>&nbsp;<\/p>\n<p><strong>LINHAS DE PESQUISA<\/strong><\/p>\n<p style=\"padding-left: 30px\">Estudos Ambientais, Rurais, Urbanos e Regionais<\/p>\n<p><strong>\u00c1REAS DE INTERESSE<\/strong><\/p>\n<p style=\"padding-left: 30px\">Hist\u00f3ria da Cidade e da Urbaniza\u00e7\u00e3o<br \/>\nCidade, Cultura e Sociabilidades<br \/>\nEspa\u00e7o Urbano: pr\u00e1ticas, representa\u00e7\u00f5es e planejamento<br \/>\nProcesso de Urbaniza\u00e7\u00e3o e Meio Ambiente<br \/>\nHist\u00f3ria Regional e da Tecnologia Agr\u00e1ria<br \/>\nMovimentos Sociais e Reforma Agr\u00e1ria<br \/>\nPlanejamento Urbano e regional<\/p>\n<p>&nbsp;<\/p>\n<p><strong>LINHAS DE PESQUISA<\/strong><\/p>\n<p style=\"padding-left: 30px\">Trabalho, Tecnologia e Organiza\u00e7\u00f5es<\/p>\n<p><strong>\u00c1REAS DE INTERESSE<\/strong><\/p>\n<p style=\"padding-left: 30px\">Sociologia doTrabalho e das Organiza\u00e7\u00f5es<br \/>\nEstado e Pol\u00edticas Sociais no P\u00f3s-Fordismo<br \/>\nTransforma\u00e7\u00f5es Econ\u00f4micas e Novas Tecnologias<br \/>\nProcessos de Trabalho e Sociedade.<\/p>\n<p><!-- \/ layout --><\/p>\n<p><!-- \/ layout --><\/p>\n<p><!-- \/ container --><\/p>\n<p><!-- \/ wrapper --><\/p>\n<div id=\"assinatura\"><\/div>\n<div id=\"container_assinatura\">\n<div class=\"assinatura_texto\"><\/div>\n<\/div>\n<p>&nbsp;<\/p>\n","protected":false},"excerpt":{"rendered":"<p>LINHAS DE PESQUISA Ci\u00eancia,\u00a0 Cultura, Conhecimento, Tecnologia \u00c1REAS DE INTERESSE Teorias sociol\u00f3gicas Teorias Pol\u00edticas Sociologia da Ci\u00eancia Ci\u00eancia Tecnologia e&#8230;<\/p>\n","protected":false},"author":5,"featured_media":0,"parent":33,"menu_order":1,"comment_status":"closed","ping_status":"closed","template":"","meta":{"footnotes":""},"class_list":["post-5","page","type-page","status-publish","hentry"],"_links":{"self":[{"href":"https:\/\/uenf.br\/cch\/leea\/wp-json\/wp\/v2\/pages\/5","targetHints":{"allow":["GET"]}}],"collection":[{"href":"https:\/\/uenf.br\/cch\/leea\/wp-json\/wp\/v2\/pages"}],"about":[{"href":"https:\/\/uenf.br\/cch\/leea\/wp-json\/wp\/v2\/types\/page"}],"author":[{"embeddable":true,"href":"https:\/\/uenf.br\/cch\/leea\/wp-json\/wp\/v2\/users\/5"}],"replies":[{"embeddable":true,"href":"https:\/\/uenf.br\/cch\/leea\/wp-json\/wp\/v2\/comments?post=5"}],"version-history":[{"count":0,"href":"https:\/\/uenf.br\/cch\/leea\/wp-json\/wp\/v2\/pages\/5\/revisions"}],"up":[{"embeddable":true,"href":"https:\/\/uenf.br\/cch\/leea\/wp-json\/wp\/v2\/pages\/33"}],"wp:attachment":[{"href":"https:\/\/uenf.br\/cch\/leea\/wp-json\/wp\/v2\/media?parent=5"}],"curies":[{"name":"wp","href":"https:\/\/api.w.org\/{rel}","templated":true}]}}