{"id":504,"date":"2024-08-20T16:28:14","date_gmt":"2024-08-20T19:28:14","guid":{"rendered":"https:\/\/uenf.br\/cch\/leea\/?page_id=504"},"modified":"2024-08-23T17:20:17","modified_gmt":"2024-08-23T20:20:17","slug":"exposicoes","status":"publish","type":"page","link":"https:\/\/uenf.br\/cch\/leea\/uesi\/exposicoes\/","title":{"rendered":"Exposi\u00e7\u00f5es"},"content":{"rendered":"<h2 class=\"zfr3Q CDt4Ke \" dir=\"ltr\"><a class=\"XqQF9c\" href=\"https:\/\/academico.uenf.br\/disciplinas\/11550\" target=\"_blank\" rel=\"noopener\"><span class=\"C9DxTc aw5Odc \">LEA24003 &#8211; T.E.Metodologia: M\u00e9todos de Pesquisa e Imagem em Ci\u00eancias Humanas<\/span><\/a><\/h2>\n<p class=\"zfr3Q CDt4Ke \" dir=\"ltr\"><span class=\"C9DxTc \"><\/p>\n<p style=\"text-align:justify\">A partir das discuss\u00f5es em aula e dos v\u00eddeos assistidos, pedimos que desenvolvam um olhar diferente em rela\u00e7\u00e3o a um fato ou situa\u00e7\u00e3o que lhe era &#8220;normal&#8221; e voc\u00ea nunca havia atentado para outras formas de interpret\u00e1-lo. Voc\u00eas poder\u00e3o usar imagens, v\u00eddeos, \u00e1udios&#8230; Para a entrega, al\u00e9m da produ\u00e7\u00e3o da(s) imagem(ns), descreva o fato ou situa\u00e7\u00e3o escolhida e relacione com a sua produ\u00e7\u00e3o imag\u00e9tica.<\/span><span class=\"C9DxTc \">\u00a0<\/span><\/p>\n<\/p>\n<p class=\"zfr3Q CDt4Ke \" dir=\"ltr\"><span class=\"C9DxTc \">Sejam criativos, o c\u00e9u \u00e9 o limite!\u00a0<\/span><\/p>\n<div class=\"video-container\"><iframe loading=\"lazy\" title=\"Sem t\u00edtulo _ Paulo W\u00edctor\" width=\"500\" height=\"281\" src=\"https:\/\/www.youtube.com\/embed\/dgO21Q64uRw?feature=oembed\" frameborder=\"0\" allow=\"accelerometer; autoplay; clipboard-write; encrypted-media; gyroscope; picture-in-picture; web-share\" referrerpolicy=\"strict-origin-when-cross-origin\" allowfullscreen><\/iframe><\/div>\n<p>&nbsp;<\/p>\n<div class=\"video-container\"><iframe loading=\"lazy\" title=\"Territ\u00f3rios de Afeto_ de Julia Gordiano Martins\" width=\"500\" height=\"281\" src=\"https:\/\/www.youtube.com\/embed\/pm0dO-0G4Hg?feature=oembed\" frameborder=\"0\" allow=\"accelerometer; autoplay; clipboard-write; encrypted-media; gyroscope; picture-in-picture; web-share\" referrerpolicy=\"strict-origin-when-cross-origin\" allowfullscreen><\/iframe><\/div>\n<div class=\"video-container\"><iframe loading=\"lazy\" title=\"FOGO SEM CHAMA Vitor Hugo\" width=\"500\" height=\"281\" src=\"https:\/\/www.youtube.com\/embed\/CM_Kx1TMjgI?feature=oembed\" frameborder=\"0\" allow=\"accelerometer; autoplay; clipboard-write; encrypted-media; gyroscope; picture-in-picture; web-share\" referrerpolicy=\"strict-origin-when-cross-origin\" allowfullscreen><\/iframe><\/div>\n<div class=\"video-container\"><iframe loading=\"lazy\" title=\"Dos primeiros sabores ao infinito e al\u00e9m  de Esther Barreto\" width=\"500\" height=\"281\" src=\"https:\/\/www.youtube.com\/embed\/hzlCIpJ4MS4?feature=oembed\" frameborder=\"0\" allow=\"accelerometer; autoplay; clipboard-write; encrypted-media; gyroscope; picture-in-picture; web-share\" referrerpolicy=\"strict-origin-when-cross-origin\" allowfullscreen><\/iframe><\/div>\n<div class=\"video-container\"><iframe loading=\"lazy\" title=\"Caminhadas pelo Bairro Goytacazes, Jockey Club e Jardim Flamboyant - Polyana Barbosa Pereira\" width=\"500\" height=\"281\" src=\"https:\/\/www.youtube.com\/embed\/wKcLZ5z2bR4?feature=oembed\" frameborder=\"0\" allow=\"accelerometer; autoplay; clipboard-write; encrypted-media; gyroscope; picture-in-picture; web-share\" referrerpolicy=\"strict-origin-when-cross-origin\" allowfullscreen><\/iframe><\/div>\n<div class=\"video-container\"><iframe loading=\"lazy\" title=\"Civicidade e Lixo: uma breve an\u00e1lise sobre a sociedade campista  de  Eduardo Mussi Dias\" width=\"500\" height=\"281\" src=\"https:\/\/www.youtube.com\/embed\/J7PzOnSsqjE?feature=oembed\" frameborder=\"0\" allow=\"accelerometer; autoplay; clipboard-write; encrypted-media; gyroscope; picture-in-picture; web-share\" referrerpolicy=\"strict-origin-when-cross-origin\" allowfullscreen><\/iframe><\/div>\n<div class=\"video-container\"><iframe loading=\"lazy\" title=\"\u00c1gua: Do canal ao val\u00e3o - Jasmine Antunes Lima\" width=\"500\" height=\"375\" src=\"https:\/\/www.youtube.com\/embed\/WURbXC8NQ30?feature=oembed\" frameborder=\"0\" allow=\"accelerometer; autoplay; clipboard-write; encrypted-media; gyroscope; picture-in-picture; web-share\" referrerpolicy=\"strict-origin-when-cross-origin\" allowfullscreen><\/iframe><\/div>\n<div class=\"video-container\"><iframe loading=\"lazy\" title=\"Aprendizados -  Larissa de Carvalho Ferreira\" width=\"500\" height=\"281\" src=\"https:\/\/www.youtube.com\/embed\/HPc4moOq8OY?feature=oembed\" frameborder=\"0\" allow=\"accelerometer; autoplay; clipboard-write; encrypted-media; gyroscope; picture-in-picture; web-share\" referrerpolicy=\"strict-origin-when-cross-origin\" allowfullscreen><\/iframe><\/div>\n<div class=\"video-container\"><iframe loading=\"lazy\" title=\"S\u00e1bado na Feira - Raphaella Rodrigues dos Santos\" width=\"500\" height=\"281\" src=\"https:\/\/www.youtube.com\/embed\/LyeKnQwUwqU?feature=oembed\" frameborder=\"0\" allow=\"accelerometer; autoplay; clipboard-write; encrypted-media; gyroscope; picture-in-picture; web-share\" referrerpolicy=\"strict-origin-when-cross-origin\" allowfullscreen><\/iframe><\/div>\n<div class=\"video-container\"><iframe loading=\"lazy\" title=\"Um lugar em mim - Eduard Bizzo Monteiro\" width=\"500\" height=\"281\" src=\"https:\/\/www.youtube.com\/embed\/95wSWL1Lpt4?feature=oembed\" frameborder=\"0\" allow=\"accelerometer; autoplay; clipboard-write; encrypted-media; gyroscope; picture-in-picture; web-share\" referrerpolicy=\"strict-origin-when-cross-origin\" allowfullscreen><\/iframe><\/div>\n<div class=\"video-container\"><iframe loading=\"lazy\" title=\"Andar e Ver - Wesley Valentim\" width=\"500\" height=\"375\" src=\"https:\/\/www.youtube.com\/embed\/70K9qwEg5bQ?feature=oembed\" frameborder=\"0\" allow=\"accelerometer; autoplay; clipboard-write; encrypted-media; gyroscope; picture-in-picture; web-share\" referrerpolicy=\"strict-origin-when-cross-origin\" allowfullscreen><\/iframe><\/div>\n<p dir=\"ltr\"><a href=\"https:\/\/uenf.academia.edu\/LilianSagioCezar\">Conhe\u00e7a nossas outras publica\u00e7\u00f5es<\/a><\/p>\n","protected":false},"excerpt":{"rendered":"<p>LEA24003 &#8211; T.E.Metodologia: M\u00e9todos de Pesquisa e Imagem em Ci\u00eancias Humanas A partir das discuss\u00f5es em aula e dos v\u00eddeos&#8230;<\/p>\n","protected":false},"author":19,"featured_media":0,"parent":62,"menu_order":2,"comment_status":"closed","ping_status":"closed","template":"","meta":{"footnotes":""},"class_list":["post-504","page","type-page","status-publish","hentry"],"_links":{"self":[{"href":"https:\/\/uenf.br\/cch\/leea\/wp-json\/wp\/v2\/pages\/504","targetHints":{"allow":["GET"]}}],"collection":[{"href":"https:\/\/uenf.br\/cch\/leea\/wp-json\/wp\/v2\/pages"}],"about":[{"href":"https:\/\/uenf.br\/cch\/leea\/wp-json\/wp\/v2\/types\/page"}],"author":[{"embeddable":true,"href":"https:\/\/uenf.br\/cch\/leea\/wp-json\/wp\/v2\/users\/19"}],"replies":[{"embeddable":true,"href":"https:\/\/uenf.br\/cch\/leea\/wp-json\/wp\/v2\/comments?post=504"}],"version-history":[{"count":0,"href":"https:\/\/uenf.br\/cch\/leea\/wp-json\/wp\/v2\/pages\/504\/revisions"}],"up":[{"embeddable":true,"href":"https:\/\/uenf.br\/cch\/leea\/wp-json\/wp\/v2\/pages\/62"}],"wp:attachment":[{"href":"https:\/\/uenf.br\/cch\/leea\/wp-json\/wp\/v2\/media?parent=504"}],"curies":[{"name":"wp","href":"https:\/\/api.w.org\/{rel}","templated":true}]}}