{"id":511,"date":"2024-08-20T16:45:08","date_gmt":"2024-08-20T19:45:08","guid":{"rendered":"https:\/\/uenf.br\/cch\/leea\/?page_id=511"},"modified":"2024-08-23T17:23:32","modified_gmt":"2024-08-23T20:23:32","slug":"historico","status":"publish","type":"page","link":"https:\/\/uenf.br\/cch\/leea\/uesi\/historico\/","title":{"rendered":"Hist\u00f3rico"},"content":{"rendered":"<p><span class=\"C9DxTc \"><\/p>\n<p style=\"text-align:justify\">A Unidade Experimental de Som e Imagem \u00e9 remanescente do antigo Laborat\u00f3rio de Pesquisa e Tecnologia do Ensino (LPTE) e do Laborat\u00f3rio de Pesquisa e Tecnologia da Imagem (LPTI) considerada a unidade inicial do projeto audiovisual idealizado por Darcy Ribeiro para a UENF, para resgatar o projeto da Escola Brasileira de Cinema e Televis\u00e3o que seria instalada no Solar dos Jesu\u00edtas, no distrito de T\u00f3cos, na cidade de Campos dos Goytacazes. Escola que previa a cria\u00e7\u00e3o de turmas, em regime de internato, no modelo praticado na\u00a0<\/span><span class=\"C9DxTc \">Escuela de Cyne y Television<\/span><span class=\"C9DxTc \">, sediada na cidade de San Antonio de Los Ban\u00f5s, em Cuba, dirigida pelo cineasta brasileiro, Orlando Senna. Na atualidade a UESI est\u00e1 sediada no LEEA e funciona como o espa\u00e7o de pesquisa, produ\u00e7\u00e3o audiovisual e\u00a0<\/span><span class=\"C9DxTc \">divulga\u00e7\u00e3o\u00a0<\/span><span class=\"C9DxTc \">cient\u00edfica d<\/span><span class=\"C9DxTc \">o CCH\u00a0<\/span><span class=\"C9DxTc \">em parceria com\u00a0<\/span><span class=\"C9DxTc \">o NEABI, o GEPMU &#8211; UENF e em colabora\u00e7\u00e3o com os Projetos de Educa\u00e7\u00e3o Ambiental (PEA) Pescarte e Territ\u00f3rios do Petr\u00f3leo.<\/span><\/p>\n<p><a href=\"https:\/\/uenf.academia.edu\/LilianSagioCezar\">Conhe\u00e7a nossas outras publica\u00e7\u00f5es<\/a><\/p>\n","protected":false},"excerpt":{"rendered":"<p>A Unidade Experimental de Som e Imagem \u00e9 remanescente do antigo Laborat\u00f3rio de Pesquisa e Tecnologia do Ensino (LPTE) e&#8230;<\/p>\n","protected":false},"author":19,"featured_media":0,"parent":62,"menu_order":4,"comment_status":"closed","ping_status":"closed","template":"","meta":{"footnotes":""},"class_list":["post-511","page","type-page","status-publish","hentry"],"_links":{"self":[{"href":"https:\/\/uenf.br\/cch\/leea\/wp-json\/wp\/v2\/pages\/511","targetHints":{"allow":["GET"]}}],"collection":[{"href":"https:\/\/uenf.br\/cch\/leea\/wp-json\/wp\/v2\/pages"}],"about":[{"href":"https:\/\/uenf.br\/cch\/leea\/wp-json\/wp\/v2\/types\/page"}],"author":[{"embeddable":true,"href":"https:\/\/uenf.br\/cch\/leea\/wp-json\/wp\/v2\/users\/19"}],"replies":[{"embeddable":true,"href":"https:\/\/uenf.br\/cch\/leea\/wp-json\/wp\/v2\/comments?post=511"}],"version-history":[{"count":0,"href":"https:\/\/uenf.br\/cch\/leea\/wp-json\/wp\/v2\/pages\/511\/revisions"}],"up":[{"embeddable":true,"href":"https:\/\/uenf.br\/cch\/leea\/wp-json\/wp\/v2\/pages\/62"}],"wp:attachment":[{"href":"https:\/\/uenf.br\/cch\/leea\/wp-json\/wp\/v2\/media?parent=511"}],"curies":[{"name":"wp","href":"https:\/\/api.w.org\/{rel}","templated":true}]}}