{"id":519,"date":"2024-08-20T17:29:00","date_gmt":"2024-08-20T20:29:00","guid":{"rendered":"https:\/\/uenf.br\/cch\/leea\/?page_id=519"},"modified":"2024-08-23T16:50:45","modified_gmt":"2024-08-23T19:50:45","slug":"parceiros","status":"publish","type":"page","link":"https:\/\/uenf.br\/cch\/leea\/uesi\/parceiros\/","title":{"rendered":"Parceiros"},"content":{"rendered":"<div id=\"attachment_525\" style=\"width: 358px\" class=\"wp-caption alignleft\"><a href=\"https:\/\/www.youtube.com\/channel\/UCfjeMzSeJ1OMaE4MjT0hKSA\"><img loading=\"lazy\" decoding=\"async\" aria-describedby=\"caption-attachment-525\" class=\"wp-image-525\" src=\"https:\/\/uenf.br\/cch\/leea\/files\/2024\/08\/UENF-TV.jpg\" alt=\"\" width=\"348\" height=\"348\" srcset=\"https:\/\/uenf.br\/cch\/leea\/files\/2024\/08\/UENF-TV.jpg 512w, https:\/\/uenf.br\/cch\/leea\/files\/2024\/08\/UENF-TV-300x300.jpg 300w, https:\/\/uenf.br\/cch\/leea\/files\/2024\/08\/UENF-TV-150x150.jpg 150w\" sizes=\"auto, (max-width: 348px) 100vw, 348px\" \/><\/a><p id=\"caption-attachment-525\" class=\"wp-caption-text\">UENFTV<\/p><\/div>\n<div id=\"attachment_524\" style=\"width: 358px\" class=\"wp-caption alignright\"><a href=\"https:\/\/www.youtube.com\/@tomdaciencia6542\/featured\"><img loading=\"lazy\" decoding=\"async\" aria-describedby=\"caption-attachment-524\" class=\"wp-image-524\" src=\"https:\/\/uenf.br\/cch\/leea\/files\/2024\/08\/Tom-da-Ciencia.jpg\" alt=\"\" width=\"348\" height=\"348\" srcset=\"https:\/\/uenf.br\/cch\/leea\/files\/2024\/08\/Tom-da-Ciencia.jpg 512w, https:\/\/uenf.br\/cch\/leea\/files\/2024\/08\/Tom-da-Ciencia-300x300.jpg 300w, https:\/\/uenf.br\/cch\/leea\/files\/2024\/08\/Tom-da-Ciencia-150x150.jpg 150w\" sizes=\"auto, (max-width: 348px) 100vw, 348px\" \/><\/a><p id=\"caption-attachment-524\" class=\"wp-caption-text\">Tom da Ci\u00eancia<\/p><\/div>\n<p>&nbsp;<\/p>\n<p>&nbsp;<\/p>\n<p>&nbsp;<\/p>\n<p>&nbsp;<\/p>\n<p>&nbsp;<\/p>\n<p>&nbsp;<\/p>\n<p>&nbsp;<\/p>\n<p>&nbsp;<\/p>\n<p>&nbsp;<\/p>\n<div id=\"attachment_522\" style=\"width: 323px\" class=\"wp-caption alignright\"><a href=\"https:\/\/www.youtube.com\/channel\/UCJyeiSRK1amlAJAgrkXJjNA?view_as=subscriber\"><img loading=\"lazy\" decoding=\"async\" aria-describedby=\"caption-attachment-522\" class=\"wp-image-522\" src=\"https:\/\/uenf.br\/cch\/leea\/files\/2024\/08\/GEPMU-UENF.jpg\" alt=\"\" width=\"313\" height=\"313\" srcset=\"https:\/\/uenf.br\/cch\/leea\/files\/2024\/08\/GEPMU-UENF.jpg 512w, https:\/\/uenf.br\/cch\/leea\/files\/2024\/08\/GEPMU-UENF-300x300.jpg 300w, https:\/\/uenf.br\/cch\/leea\/files\/2024\/08\/GEPMU-UENF-150x150.jpg 150w\" sizes=\"auto, (max-width: 313px) 100vw, 313px\" \/><\/a><p id=\"caption-attachment-522\" class=\"wp-caption-text\">GEPMU UENF<\/p><\/div>\n<div id=\"attachment_523\" style=\"width: 335px\" class=\"wp-caption alignleft\"><a href=\"https:\/\/www.youtube.com\/c\/NEABIUENF\"><img loading=\"lazy\" decoding=\"async\" aria-describedby=\"caption-attachment-523\" class=\"wp-image-523\" src=\"https:\/\/uenf.br\/cch\/leea\/files\/2024\/08\/NEABI-UENF.jpg\" alt=\"\" width=\"325\" height=\"325\" srcset=\"https:\/\/uenf.br\/cch\/leea\/files\/2024\/08\/NEABI-UENF.jpg 512w, https:\/\/uenf.br\/cch\/leea\/files\/2024\/08\/NEABI-UENF-300x300.jpg 300w, https:\/\/uenf.br\/cch\/leea\/files\/2024\/08\/NEABI-UENF-150x150.jpg 150w\" sizes=\"auto, (max-width: 325px) 100vw, 325px\" \/><\/a><p id=\"caption-attachment-523\" class=\"wp-caption-text\">NEABI UENF<\/p><\/div>\n<p>&nbsp;<\/p>\n<p>&nbsp;<\/p>\n<p>&nbsp;<\/p>\n<p>&nbsp;<\/p>\n<p>&nbsp;<\/p>\n<p>&nbsp;<\/p>\n<p>&nbsp;<\/p>\n<p>&nbsp;<\/p>\n<div id=\"attachment_557\" style=\"width: 414px\" class=\"wp-caption alignleft\"><a href=\"https:\/\/www.youtube.com\/channel\/UCupD3U-d3M0UL3RYFgZoxvw\"><img loading=\"lazy\" decoding=\"async\" aria-describedby=\"caption-attachment-557\" class=\"wp-image-557\" src=\"https:\/\/uenf.br\/cch\/leea\/files\/2024\/08\/Captura-de-tela-2024-08-22-163152.png\" alt=\"\" width=\"404\" height=\"406\" srcset=\"https:\/\/uenf.br\/cch\/leea\/files\/2024\/08\/Captura-de-tela-2024-08-22-163152.png 545w, https:\/\/uenf.br\/cch\/leea\/files\/2024\/08\/Captura-de-tela-2024-08-22-163152-298x300.png 298w, https:\/\/uenf.br\/cch\/leea\/files\/2024\/08\/Captura-de-tela-2024-08-22-163152-150x150.png 150w\" sizes=\"auto, (max-width: 404px) 100vw, 404px\" \/><\/a><p id=\"caption-attachment-557\" class=\"wp-caption-text\">Territ\u00f3rios do Petr\u00f3leo O Projeto Territ\u00f3rios do Petr\u00f3leo tem como um de seus objetivos a promo\u00e7\u00e3o da discuss\u00e3o p\u00fablica dos processos de distribui\u00e7\u00e3o e aloca\u00e7\u00e3o dos recursos financeiros provenientes das participa\u00e7\u00f5es governamentais (royalties e participa\u00e7\u00f5es especiais) atendendo \u00e0s condicionantes espec\u00edficas estabelecidas pela ent\u00e3o chamada Coordena\u00e7\u00e3o Geral de Petr\u00f3leo e G\u00e1s (CGPEG) do IBAMA. Os munic\u00edpios contemplados pelo PEA Territ\u00f3rios do Petr\u00f3leo s\u00e3o Arma\u00e7\u00f5es dos B\u00fazios, Arraial do Cabo, Cabo Frio, Campos dos Goytacazes, Carapebus, Casemiro de Abreu, Maca\u00e9, Quissam\u00e3, Rio das Ostras e S\u00e3o Jo\u00e3o da Barra.<\/p><\/div>\n<p>&nbsp;<\/p>\n<div id=\"attachment_558\" style=\"width: 283px\" class=\"wp-caption alignright\"><a href=\"https:\/\/www.youtube.com\/c\/PEAPescarte\"><img loading=\"lazy\" decoding=\"async\" aria-describedby=\"caption-attachment-558\" class=\"wp-image-558\" src=\"https:\/\/uenf.br\/cch\/leea\/files\/2024\/08\/Captura-de-tela-2024-08-22-163202.png\" alt=\"\" width=\"273\" height=\"271\" srcset=\"https:\/\/uenf.br\/cch\/leea\/files\/2024\/08\/Captura-de-tela-2024-08-22-163202.png 557w, https:\/\/uenf.br\/cch\/leea\/files\/2024\/08\/Captura-de-tela-2024-08-22-163202-300x298.png 300w, https:\/\/uenf.br\/cch\/leea\/files\/2024\/08\/Captura-de-tela-2024-08-22-163202-150x150.png 150w\" sizes=\"auto, (max-width: 273px) 100vw, 273px\" \/><\/a><p id=\"caption-attachment-558\" class=\"wp-caption-text\">PEA Pescarte<\/p><\/div>\n<h2><\/h2>\n<h2><\/h2>\n<h2><\/h2>\n<h2><\/h2>\n<h2><\/h2>\n<h2><\/h2>\n<h2><\/h2>\n<p>&nbsp;<\/p>\n<h2><\/h2>\n<h2><\/h2>\n<h2><\/h2>\n<h2><\/h2>\n<div id=\"attachment_521\" style=\"width: 1034px\" class=\"wp-caption aligncenter\"><a href=\"https:\/\/www.imagensecidades.com\/\" target=\"_blank\" rel=\"noopener\"><img loading=\"lazy\" decoding=\"async\" aria-describedby=\"caption-attachment-521\" class=\"wp-image-521 size-large\" src=\"https:\/\/uenf.br\/cch\/leea\/files\/2024\/08\/Campos-Lisboa-1024x309.png\" alt=\"\" width=\"1024\" height=\"309\" srcset=\"https:\/\/uenf.br\/cch\/leea\/files\/2024\/08\/Campos-Lisboa-1024x309.png 1024w, https:\/\/uenf.br\/cch\/leea\/files\/2024\/08\/Campos-Lisboa-300x90.png 300w, https:\/\/uenf.br\/cch\/leea\/files\/2024\/08\/Campos-Lisboa-768x232.png 768w, https:\/\/uenf.br\/cch\/leea\/files\/2024\/08\/Campos-Lisboa.png 1443w\" sizes=\"auto, (max-width: 1024px) 100vw, 1024px\" \/><\/a><p id=\"caption-attachment-521\" class=\"wp-caption-text\">Imagens e Cidades em Di\u00e1logos Visuais: Campos dos Goytacazes e Lisboa<\/p><\/div>\n<p>&nbsp;<\/p>\n","protected":false},"excerpt":{"rendered":"<p>&nbsp; &nbsp; &nbsp; &nbsp; &nbsp; &nbsp; &nbsp; &nbsp; &nbsp; &nbsp; &nbsp; &nbsp; &nbsp; &nbsp; &nbsp; &nbsp; &nbsp; &nbsp; &nbsp; &nbsp;<\/p>\n","protected":false},"author":19,"featured_media":0,"parent":62,"menu_order":5,"comment_status":"closed","ping_status":"closed","template":"","meta":{"footnotes":""},"class_list":["post-519","page","type-page","status-publish","hentry"],"_links":{"self":[{"href":"https:\/\/uenf.br\/cch\/leea\/wp-json\/wp\/v2\/pages\/519","targetHints":{"allow":["GET"]}}],"collection":[{"href":"https:\/\/uenf.br\/cch\/leea\/wp-json\/wp\/v2\/pages"}],"about":[{"href":"https:\/\/uenf.br\/cch\/leea\/wp-json\/wp\/v2\/types\/page"}],"author":[{"embeddable":true,"href":"https:\/\/uenf.br\/cch\/leea\/wp-json\/wp\/v2\/users\/19"}],"replies":[{"embeddable":true,"href":"https:\/\/uenf.br\/cch\/leea\/wp-json\/wp\/v2\/comments?post=519"}],"version-history":[{"count":0,"href":"https:\/\/uenf.br\/cch\/leea\/wp-json\/wp\/v2\/pages\/519\/revisions"}],"up":[{"embeddable":true,"href":"https:\/\/uenf.br\/cch\/leea\/wp-json\/wp\/v2\/pages\/62"}],"wp:attachment":[{"href":"https:\/\/uenf.br\/cch\/leea\/wp-json\/wp\/v2\/media?parent=519"}],"curies":[{"name":"wp","href":"https:\/\/api.w.org\/{rel}","templated":true}]}}