{"id":62,"date":"2012-07-05T15:23:41","date_gmt":"2012-07-05T18:23:41","guid":{"rendered":"http:\/\/uenf.br\/cch\/leea\/?page_id=62"},"modified":"2024-09-18T16:36:24","modified_gmt":"2024-09-18T19:36:24","slug":"uesi","status":"publish","type":"page","link":"https:\/\/uenf.br\/cch\/leea\/uesi\/","title":{"rendered":"UESI"},"content":{"rendered":"<p><a href=\"https:\/\/uenf.br\/cch\/leea\/files\/2021\/11\/uesi.jpg\"><img loading=\"lazy\" decoding=\"async\" class=\"size-large wp-image-470 alignnone\" src=\"https:\/\/uenf.br\/cch\/leea\/files\/2021\/11\/uesi-1024x168.jpg\" alt=\"\" width=\"1024\" height=\"168\" srcset=\"https:\/\/uenf.br\/cch\/leea\/files\/2021\/11\/uesi-1024x168.jpg 1024w, https:\/\/uenf.br\/cch\/leea\/files\/2021\/11\/uesi-300x49.jpg 300w, https:\/\/uenf.br\/cch\/leea\/files\/2021\/11\/uesi-768x126.jpg 768w, https:\/\/uenf.br\/cch\/leea\/files\/2021\/11\/uesi-1536x251.jpg 1536w, https:\/\/uenf.br\/cch\/leea\/files\/2021\/11\/uesi.jpg 1582w\" sizes=\"auto, (max-width: 1024px) 100vw, 1024px\" \/><\/a><\/p>\n<p style=\"text-align: justify\">A UESI-UENF \u00e9 um espa\u00e7o dedicado \u00e0s pesquisas cient\u00edficas interdisciplinares e divulga\u00e7\u00e3o de conhecimentos a partir de metodologias dial\u00f3gicas ancoradas na produ\u00e7\u00e3o e circula\u00e7\u00e3o de imagem e som.<\/p>\n<p><a href=\"https:\/\/uenf.br\/cch\/leea\/files\/2024\/08\/WhatsApp-Image-2024-06-21-at-13.25.12-1.jpeg\"><img loading=\"lazy\" decoding=\"async\" class=\"aligncenter size-large wp-image-495\" src=\"https:\/\/uenf.br\/cch\/leea\/files\/2024\/08\/WhatsApp-Image-2024-06-21-at-13.25.12-1-1024x702.jpeg\" alt=\"\" width=\"1024\" height=\"702\" srcset=\"https:\/\/uenf.br\/cch\/leea\/files\/2024\/08\/WhatsApp-Image-2024-06-21-at-13.25.12-1-1024x702.jpeg 1024w, https:\/\/uenf.br\/cch\/leea\/files\/2024\/08\/WhatsApp-Image-2024-06-21-at-13.25.12-1-300x206.jpeg 300w, https:\/\/uenf.br\/cch\/leea\/files\/2024\/08\/WhatsApp-Image-2024-06-21-at-13.25.12-1-768x526.jpeg 768w, https:\/\/uenf.br\/cch\/leea\/files\/2024\/08\/WhatsApp-Image-2024-06-21-at-13.25.12-1.jpeg 1280w\" sizes=\"auto, (max-width: 1024px) 100vw, 1024px\" \/><\/a><\/p>\n<h2>Nossa Equipe<\/h2>\n<p style=\"text-align: justify\">Nossa equipe \u00e9 composta por professoras\/es, t\u00e9cnicas\/os, alunas\/os e bolsistas de Universidade Aberta que vem desenvolvendo pesquisas, mostras e divulga\u00e7\u00e3o de eventos no CCH a partir da UESI, do NEABI, do GEPMU &#8211; UENF em colabora\u00e7\u00e3o com os Projetos de Educa\u00e7\u00e3o Ambiental (PEA) Pescarte e Territ\u00f3rios do Petr\u00f3leo.<\/p>\n<p><a href=\"https:\/\/uenf.br\/cch\/leea\/files\/2024\/08\/IMG_8843.jpg\"><img loading=\"lazy\" decoding=\"async\" class=\"aligncenter size-large wp-image-494\" src=\"https:\/\/uenf.br\/cch\/leea\/files\/2024\/08\/IMG_8843-1024x698.jpg\" alt=\"\" width=\"1024\" height=\"698\" srcset=\"https:\/\/uenf.br\/cch\/leea\/files\/2024\/08\/IMG_8843-1024x698.jpg 1024w, https:\/\/uenf.br\/cch\/leea\/files\/2024\/08\/IMG_8843-300x204.jpg 300w, https:\/\/uenf.br\/cch\/leea\/files\/2024\/08\/IMG_8843-768x523.jpg 768w, https:\/\/uenf.br\/cch\/leea\/files\/2024\/08\/IMG_8843.jpg 1280w\" sizes=\"auto, (max-width: 1024px) 100vw, 1024px\" \/><\/a><\/p>\n<p style=\"text-align: justify\">Nossa equipe t\u00e9cnica \u00e9 respons\u00e1vel pela din\u00e2mica de atividades acad\u00eamicas que envolvem a atua\u00e7\u00e3o no suporte \u00e0s atividades de ensino, pesquisa e extens\u00e3o universit\u00e1ria desenvolvidas no \u00e2mbito do LEEA e do CCH-UENF.<\/p>\n<p style=\"text-align: justify\"><strong>Fellipe Luna<\/strong> &#8211; T\u00e9cnico em inform\u00e1tica. Respons\u00e1vel pela manuten\u00e7\u00e3o de equipamentos e acervos. Atua no suporte ao desenvolvimento da produ\u00e7\u00e3o audiovisual.<\/p>\n<p style=\"text-align: justify\"><strong>Nicole Manh\u00e3es<\/strong> &#8211; T\u00e9cnica em inform\u00e1tica. Respons\u00e1vel pela manuten\u00e7\u00e3o de equipamentos e atualiza\u00e7\u00e3o de sofwares.<\/p>\n<p style=\"text-align: justify\"><strong>Lilian Sagio Cezar<\/strong> &#8211; Professora Associada. Coordenadora e Pesquisadora que atua no campo da Antropologia Visual, Comunica\u00e7\u00e3o Comunit\u00e1ria e Ecologias Comunicativas.<\/p>\n<h2>Venha aprender conosco um pouco mais da produ\u00e7\u00e3o de fotografias e v\u00eddeos:<\/h2>\n<p><a href=\"https:\/\/uenf.br\/cch\/leea\/files\/2024\/08\/Apostila-Producao-Audiovisual-Pescarte.pdf\">Apostila Produ\u00e7\u00e3o Audiovisual Pescarte<\/a><\/p>\n<p style=\"text-align: justify\"><a href=\"https:\/\/uenf.academia.edu\/LilianSagioCezar\">Conhe\u00e7a nossas outras publica\u00e7\u00f5es:<\/a><\/p>\n<p><a href=\"https:\/\/www.youtube.com\/channel\/UCUELpKh4G-KfmPjJqG7vUJQ\"><img loading=\"lazy\" decoding=\"async\" class=\"alignbotton wp-image-441 \" src=\"https:\/\/uenf.br\/cch\/leea\/files\/2021\/09\/youtube-logo-150x150.png\" alt=\"\" width=\"55\" height=\"55\" \/><\/a><a href=\"https:\/\/www.instagram.com\/uesi.uenf\/\"><img loading=\"lazy\" decoding=\"async\" class=\"alignbotton wp-image-498 \" src=\"https:\/\/uenf.br\/cch\/leea\/files\/2024\/08\/instagram-150x150.png\" alt=\"\" width=\"55\" height=\"55\" \/><\/a><\/p>\n<div id=\"container_assinatura\">\n<div class=\"assinatura_texto\">\n<p>&nbsp;<\/p>\n<\/div>\n<\/div>\n","protected":false},"excerpt":{"rendered":"<p>A UESI-UENF \u00e9 um espa\u00e7o dedicado \u00e0s pesquisas cient\u00edficas interdisciplinares e divulga\u00e7\u00e3o de conhecimentos a partir de metodologias dial\u00f3gicas ancoradas&#8230;<\/p>\n","protected":false},"author":9,"featured_media":0,"parent":0,"menu_order":9,"comment_status":"closed","ping_status":"closed","template":"","meta":{"footnotes":""},"class_list":["post-62","page","type-page","status-publish","hentry"],"_links":{"self":[{"href":"https:\/\/uenf.br\/cch\/leea\/wp-json\/wp\/v2\/pages\/62","targetHints":{"allow":["GET"]}}],"collection":[{"href":"https:\/\/uenf.br\/cch\/leea\/wp-json\/wp\/v2\/pages"}],"about":[{"href":"https:\/\/uenf.br\/cch\/leea\/wp-json\/wp\/v2\/types\/page"}],"author":[{"embeddable":true,"href":"https:\/\/uenf.br\/cch\/leea\/wp-json\/wp\/v2\/users\/9"}],"replies":[{"embeddable":true,"href":"https:\/\/uenf.br\/cch\/leea\/wp-json\/wp\/v2\/comments?post=62"}],"version-history":[{"count":0,"href":"https:\/\/uenf.br\/cch\/leea\/wp-json\/wp\/v2\/pages\/62\/revisions"}],"wp:attachment":[{"href":"https:\/\/uenf.br\/cch\/leea\/wp-json\/wp\/v2\/media?parent=62"}],"curies":[{"name":"wp","href":"https:\/\/api.w.org\/{rel}","templated":true}]}}