{"id":79,"date":"2012-07-05T15:38:57","date_gmt":"2012-07-05T18:38:57","guid":{"rendered":"http:\/\/uenf.br\/cch\/leea\/?page_id=79"},"modified":"2021-04-09T10:43:34","modified_gmt":"2021-04-09T13:43:34","slug":"oficinas-de-estudo-do-patrimonio-cultural","status":"publish","type":"page","link":"https:\/\/uenf.br\/cch\/leea\/grupos-de-pesquisa\/oficinas-de-estudo-do-patrimonio-cultural\/","title":{"rendered":"Oficinas de Estudo do Patrim\u00f4nio Cultural (CNPq)"},"content":{"rendered":"<p>Coordenadora Prof\u00aa: <em>Simonne Teixera<\/em><br \/>\nsimonne@uenf.br<\/p>\n<p>A Officina de Estudos do Patrim\u00f4nio Cultural se prop\u00f5e, com base numa perspectiva essencialmente hist\u00f3rica, realizar um Invent\u00e1rio do patrim\u00f4nio cultural no Norte Fluminense, concentrando sua a\u00e7\u00e3o inicial no munic\u00edpio de Campos dos Goytacazes. A regi\u00e3o Norte Fluminense em raz\u00e3o de suas particularidades hist\u00f3ricas possui um expressivo acervo cultural \u2013 arquitet\u00f4nico, documental, bibliogr\u00e1fico, iconogr\u00e1fico e imaterial \u2013 que n\u00e3o tem sido objeto de pesquisa e t\u00e3o pouco tem recebido prote\u00e7\u00e3o para sua preserva\u00e7\u00e3o.<\/p>\n<p>A finalidade deste projeto \u00e9 contribuir para a constru\u00e7\u00e3o de um novo olhar sobre o Patrim\u00f4nio Cultural local, procedendo a um amplo invent\u00e1rio de conhecimento do Norte Fluminense, visando criar uma base de dados sobre o nosso Estado, capaz de alimentar outras bases, assim como incentivar a cria\u00e7\u00e3o de outras na regi\u00e3o. O resultado de um Invent\u00e1rio de Identifica\u00e7\u00e3o dos Bens Culturais com tais caracter\u00edsticas, abarcando todos os campos do Patrim\u00f4nio \u2013 material e imaterial, servir\u00e1 de ponto de partida para o aprofundamento de pesquisas no \u00e2mbito da Hist\u00f3ria, da Mem\u00f3ria Social e das Pol\u00edticas Culturais na regi\u00e3o.<\/p>\n<p>Para a execu\u00e7\u00e3o deste projeto maior, alguns projetos pontuais v\u00eam sendo desenvolvidos, pela Officina. S\u00e3o estes projetos que pretendemos apresentar \u00e0 comunidade para compartilhar interesses e saberes.<\/p>\n<p><!-- \/ layout --><\/p>\n<p><!-- \/ layout --><\/p>\n<p><!-- \/ container --><\/p>\n<p><!-- \/ wrapper --><\/p>\n<div id=\"assinatura\"><\/div>\n","protected":false},"excerpt":{"rendered":"<p>Coordenadora Prof\u00aa: Simonne Teixera simonne@uenf.br A Officina de Estudos do Patrim\u00f4nio Cultural se prop\u00f5e, com base numa perspectiva essencialmente hist\u00f3rica,&#8230;<\/p>\n","protected":false},"author":9,"featured_media":0,"parent":66,"menu_order":40,"comment_status":"closed","ping_status":"open","template":"","meta":{"footnotes":""},"class_list":["post-79","page","type-page","status-publish","hentry"],"_links":{"self":[{"href":"https:\/\/uenf.br\/cch\/leea\/wp-json\/wp\/v2\/pages\/79","targetHints":{"allow":["GET"]}}],"collection":[{"href":"https:\/\/uenf.br\/cch\/leea\/wp-json\/wp\/v2\/pages"}],"about":[{"href":"https:\/\/uenf.br\/cch\/leea\/wp-json\/wp\/v2\/types\/page"}],"author":[{"embeddable":true,"href":"https:\/\/uenf.br\/cch\/leea\/wp-json\/wp\/v2\/users\/9"}],"replies":[{"embeddable":true,"href":"https:\/\/uenf.br\/cch\/leea\/wp-json\/wp\/v2\/comments?post=79"}],"version-history":[{"count":0,"href":"https:\/\/uenf.br\/cch\/leea\/wp-json\/wp\/v2\/pages\/79\/revisions"}],"up":[{"embeddable":true,"href":"https:\/\/uenf.br\/cch\/leea\/wp-json\/wp\/v2\/pages\/66"}],"wp:attachment":[{"href":"https:\/\/uenf.br\/cch\/leea\/wp-json\/wp\/v2\/media?parent=79"}],"curies":[{"name":"wp","href":"https:\/\/api.w.org\/{rel}","templated":true}]}}