{"id":108,"date":"2013-02-27T23:55:18","date_gmt":"2013-02-27T23:55:18","guid":{"rendered":"http:\/\/uenf.br\/cch\/leel\/?page_id=108"},"modified":"2014-07-11T20:59:43","modified_gmt":"2014-07-11T20:59:43","slug":"profa-maria-eugenia-ferreira-totti","status":"publish","type":"page","link":"https:\/\/uenf.br\/cch\/leel\/docentes-efetivos\/profa-maria-eugenia-ferreira-totti\/","title":{"rendered":"Prof\u00aa Maria Eug\u00eania Ferreira Totti"},"content":{"rendered":"<p><img loading=\"lazy\" decoding=\"async\" class=\"alignnone size-thumbnail wp-image-214\" alt=\"LEEL M Eug\u00eania\" src=\"https:\/\/uenf.br\/cch\/leel\/files\/2013\/02\/LEEL-M-Eug\u00eania-150x150.jpg\" width=\"150\" height=\"150\" \/>Prof\u00aa Associada IV<\/p>\n<p>Doutora em Ecologia e Recursos Naturais \/ UENF (2008)<\/p>\n<p><a href=\"http:\/\/buscatextual.cnpq.br\/buscatextual\/visualizacv.do?id=K4798067T0\">CV Lattes<\/a><\/p>\n<p>Resumo do Curriculum vitae:<br \/>\nDoutorado em Ecologia e Recursos Naturais pela Universidade Estadual do Norte Fluminense Darcy Ribeiro (UENF\/2008) &#8211; UENF. Atualmente \u00e9 professor associado na UENF. Especializa\u00e7\u00e3o em: Restaura\u00e7\u00e3o Ambiental para um Manejo Sustent\u00e1vel de Bacias Hidrogr\u00e1ficas (JICA\/CONAF, Santiago do Chile); Gest\u00e3o Integrada das \u00c1guas e dos Res\u00edduos das Cidades (Coopera\u00e7\u00e3o Brasil\/It\u00e1lia, Bras\u00edlia); Sa\u00fade e Meio Ambiente (FIOCRUZ, Rio de Janeiro).<\/p>\n<p><strong>e-mail<\/strong>:<a href=\"mailto:e-maitotti@uenf.br\"><span style=\"color: #000000\"><strong>\u00a0<\/strong><\/span>totti@uenf.br<\/a>; <a href=\"mailto:meftotti@gmail.com\">meftotti@gmail.com<\/a><\/p>\n<p><strong>\u00c1reas de interesse<\/strong>:<\/p>\n<p><strong>Projetos\/ Linha de pesquisa<\/strong>:Gest\u00e3o compartilhada de recursos h\u00eddricos \u2013 aspectos institucionais, sociais e territoriais; educa\u00e7\u00e3o ambiental, cidadania e participa\u00e7\u00e3o social.<\/p>\n<p><strong>Disciplinas ministradas<\/strong>:<\/p>\n<p>Gradua\u00e7\u00e3o em <strong>Pedagogia<\/strong>:\u00a0Educa\u00e7\u00e3o Ambiental; Metodologia e Did\u00e1tica do Ensino de Ci\u00eancias<\/p>\n<p>Programa de P\u00f3s-gradua\u00e7\u00e3o em <strong>Sociologia Pol\u00edtica<\/strong>:<\/p>\n<p><strong>Sala <\/strong>204<\/p>\n<p><strong>Tel<\/strong> <strong>de contato<\/strong>: 2739 7828<\/p>\n","protected":false},"excerpt":{"rendered":"<p>Prof\u00aa Associada IV Doutora em Ecologia e Recursos Naturais \/ UENF (2008) CV Lattes Resumo do Curriculum vitae: Doutorado em&#8230;<\/p>\n","protected":false},"author":13,"featured_media":0,"parent":53,"menu_order":9,"comment_status":"closed","ping_status":"open","template":"","meta":{"footnotes":""},"class_list":["post-108","page","type-page","status-publish","hentry"],"_links":{"self":[{"href":"https:\/\/uenf.br\/cch\/leel\/wp-json\/wp\/v2\/pages\/108","targetHints":{"allow":["GET"]}}],"collection":[{"href":"https:\/\/uenf.br\/cch\/leel\/wp-json\/wp\/v2\/pages"}],"about":[{"href":"https:\/\/uenf.br\/cch\/leel\/wp-json\/wp\/v2\/types\/page"}],"author":[{"embeddable":true,"href":"https:\/\/uenf.br\/cch\/leel\/wp-json\/wp\/v2\/users\/13"}],"replies":[{"embeddable":true,"href":"https:\/\/uenf.br\/cch\/leel\/wp-json\/wp\/v2\/comments?post=108"}],"version-history":[{"count":0,"href":"https:\/\/uenf.br\/cch\/leel\/wp-json\/wp\/v2\/pages\/108\/revisions"}],"up":[{"embeddable":true,"href":"https:\/\/uenf.br\/cch\/leel\/wp-json\/wp\/v2\/pages\/53"}],"wp:attachment":[{"href":"https:\/\/uenf.br\/cch\/leel\/wp-json\/wp\/v2\/media?parent=108"}],"curies":[{"name":"wp","href":"https:\/\/api.w.org\/{rel}","templated":true}]}}