{"id":112,"date":"2013-02-27T23:58:28","date_gmt":"2013-02-27T23:58:28","guid":{"rendered":"http:\/\/uenf.br\/cch\/leel\/?page_id=112"},"modified":"2014-07-17T18:27:43","modified_gmt":"2014-07-17T18:27:43","slug":"profa-mylene-nogueira-teixeira","status":"publish","type":"page","link":"https:\/\/uenf.br\/cch\/leel\/docentes-efetivos\/profa-mylene-nogueira-teixeira\/","title":{"rendered":"Prof\u00aa Mylene Nogueira Teixeira"},"content":{"rendered":"<p><a href=\"https:\/\/uenf.br\/cch\/leel\/files\/2013\/02\/Mylene-Teixeira.jpg\"><img loading=\"lazy\" decoding=\"async\" class=\"alignnone size-thumbnail wp-image-338\" alt=\"Mylene Teixeira\" src=\"https:\/\/uenf.br\/cch\/leel\/files\/2013\/02\/Mylene-Teixeira-150x150.jpg\" width=\"150\" height=\"150\" \/><\/a>Professora Associada IV<\/p>\n<p>Doutora em Sociologia Pol\u00edtica pela Westf\u00e4llischen Wilhelms-Universit\u00e4t zu M\u00fcnster- Alemanha (2010)<\/p>\n<p><!--[if gte mso 9]&gt;--><\/p>\n<p style=\"text-align: justify\"><span style=\"font-size: 11.0pt;line-height: 115%;font-family: 'Calibri','sans-serif'\">&#8220;Entre 1992 e 2009 vivi na Alemanha. Em Julho de 2010 conclui o doutorado em sociologia pol\u00edtica e na tese tomei como objeto de estudo o conflito social pela solu\u00e7\u00e3o do problema da fome. Na Alemanha conclui, tamb\u00e9m, em 1998 o mestrado em sociologia rural na Universidade Humboldt de Berlim. Nesse trabalho meu objeto de estudo foi a hist\u00f3ria da organiza\u00e7\u00e3o territorial da metr\u00f3pole do Rio de Janeiro estudada a partir da produ\u00e7\u00e3o agr\u00edcola no territ\u00f3rio urbano para fins de consumo e para comercializa\u00e7\u00e3o.No Brasil\u00a0<\/span><span style=\"font-size: 11.0pt;line-height: 115%;font-family: 'Calibri','sans-serif'\">de 1990 \u00e0 1992 cursei a gradua\u00e7\u00e3o em Ci\u00eancias Sociais na Universidade Federal Fluminense. C<\/span><span style=\"font-size: 11.0pt;line-height: 115%;font-family: 'Calibri','sans-serif'\"><span style=\"font-size: 11.0pt;line-height: 115%;font-family: 'Calibri','sans-serif'\">onclu\u00ed<\/span> <\/span><span style=\"font-size: 11.0pt;line-height: 115%;font-family: 'Calibri','sans-serif'\"><span style=\"font-size: 11.0pt;line-height: 115%;font-family: 'Calibri','sans-serif'\">em 1985 a gradua\u00e7\u00e3o em Nutri\u00e7\u00e3o na Universidade Federal do Rio de Janeiro. <\/span><\/span><span style=\"font-size: 11.0pt;line-height: 115%;font-family: 'Calibri','sans-serif'\">Ao longo desses anos de pesquisa acad\u00eamica questionei a produ\u00e7\u00e3o do conhecimento. Com isso direciono esse foco de interesse para minha atua\u00e7\u00e3o profissional hoje na UENF como coordenadora da disciplina Sociologia da Educa\u00e7\u00e3o. Tenho experi\u00eancia na teoria, cr\u00edtica, de Estado, Sociologia Cl\u00e1ssica e suas respectivas metodologias de an\u00e1lise. Al\u00e9m disso, conhe\u00e7o o atual debate sobre os novos arcabou\u00e7os te\u00f3ricos que envolvem a teoria de regula\u00e7\u00e3o.&#8221;<span class=\"apple-converted-space\"><b><span style=\"border: none windowtext 1.0pt;padding: 0cm\"><br \/>\n<\/span><\/b><\/span><\/span><\/p>\n<p><a href=\"http:\/\/buscatextual.cnpq.br\/buscatextual\/visualizacv.do?id=K4569968Y9\">CV Lattes<\/a><\/p>\n<p><strong>e-mail<\/strong>: mylene.n.teixeira@uenf.br; myltextos@hotmail.com<\/p>\n<p><strong>\u00c1reas de Interesse<\/strong>: Cr\u00edtica a Produ\u00e7\u00e3o do Conhecimento- Rela\u00e7\u00e3o Sociedade e Natureza; e Desigualdade Social e Acesso a Educa\u00e7\u00e3o formal no Brasil<\/p>\n<p><strong>Disciplinas ministradas<\/strong>:<\/p>\n<p>Curso de Pedagogia: Sociologia da Educa\u00e7\u00e3o I e II<\/p>\n<p><!--[if gte mso 9]&gt;--><\/p>\n<p><!--[if gte mso 10]&gt;--><\/p>\n<p class=\"MsoNormal\" style=\"line-height: 150%\"><span class=\"texto\"><b><span style=\"font-size: 12.0pt;line-height: 150%;font-family: 'Times New Roman','serif';border: none windowtext 1.0pt;padding: 0cm\">Projeto de Extens\u00e3o 2013: <\/span><\/b><\/span><\/p>\n<p class=\"MsoNormal\" style=\"margin-bottom: .0001pt;text-align: justify;line-height: 150%\"><em><span style=\"font-size: 8pt;line-height: 150%;font-family: 'Tahoma','sans-serif'\">\u201c<\/span><span style=\"font-size: 12pt;line-height: 150%;font-family: 'Times New Roman','serif'\">Capacita\u00e7\u00e3o de Peritos para atua\u00e7\u00e3o em conselhos, f\u00f3runs e audi\u00eancias p\u00fablicas<\/span><span style=\"font-size: 12pt;line-height: 150%;font-family: 'Times New Roman','serif'\">\u201d<\/span><span style=\"font-size: 12pt;line-height: 150%;font-family: 'Times New Roman','serif'\">.<\/span><\/em><b><\/b><\/p>\n<p class=\"MsoNormal\" style=\"margin-bottom: .0001pt;text-align: justify;line-height: normal\"><span style=\"font-size: 12.0pt;font-family: 'Times New Roman','serif'\">A capacita\u00e7\u00e3o de peritos \u00e9 um projeto piloto que visa desenvolver uma rela\u00e7\u00e3o de ensino e aprendizagem em espa\u00e7os n\u00e3o formais de educa\u00e7\u00e3o. No presente projeto formamos um grupo multidisciplinar para repassar conhecimentos para os pescadores do Parque Prazeres e de S\u00e3o Jo\u00e3o da Barra, que os auxiliem na representa\u00e7\u00e3o pol\u00edtica em arenas pol\u00edticas p\u00fablicas municipais. O objetivo desse projeto \u00e9 contribuir com uma maior autonomia pol\u00edtica de grupos sociais em \u00e1reas amea\u00e7adas por invas\u00e3o ou destrui\u00e7\u00e3o ambiental. Al\u00e9m disso, o presente projeto ir\u00e1 desenvolver uma metodologia pedag\u00f3gica de rela\u00e7\u00e3o ensino e aprendizagem em espa\u00e7os n\u00e3o formais de educa\u00e7\u00e3o. Com um conte\u00fado multidisciplinar, os espa\u00e7os n\u00e3o formais de educa\u00e7\u00e3o s\u00e3o arenas de atua\u00e7\u00e3o pol\u00edtica local e os atores sociais envolvidos t\u00eam um baixo n\u00edvel de escolaridade.<\/span><\/p>\n<p class=\"MsoNormal\" style=\"margin-bottom: .0001pt;text-align: justify;line-height: normal\"><!--[if gte mso 9]&gt;--><\/p>\n<p class=\"MsoNormal\" style=\"margin-bottom: .0001pt;text-align: justify;line-height: normal\"><!--[if gte mso 9]&gt;--><\/p>\n<p><!--[if gte mso 10]&gt;--><\/p>\n<p class=\"MsoNormal\" style=\"line-height: 150%\"><span style=\"font-size: 12.0pt;line-height: 150%;font-family: 'Times New Roman','serif'\"><strong>Publica\u00e7\u00f5es<\/strong> <strong>online<\/strong><\/span><\/p>\n<p class=\"MsoNormal\" style=\"margin-bottom: .0001pt;line-height: normal\"><span style=\"font-size: 8.0pt;font-family: 'Tahoma','sans-serif'\">TESE DE DOUTORADO- <b>Conflito Social pela Seguran\u00e7a Alimentar. Entre o mercado mundial e as rela\u00e7\u00f5es locais. Um estudo de caso no sert\u00e3o de Pernambuco<\/b>. <\/span><a href=\"http:\/\/miami.uni-muenster.de\/servlets\/DerivateServlet\/Derivate-5612\/diss_nogueira_teixeira.pdf\"><span style=\"font-size: 8.0pt;font-family: 'Tahoma','sans-serif'\">http:\/\/miami.uni-muenster.de\/servlets\/DerivateServlet\/Derivate-5612\/diss_nogueira_teixeira.pdf<\/span><\/a><\/p>\n<p class=\"MsoNormal\" style=\"margin-bottom: .0001pt;line-height: normal\"><span style=\"font-size: 8.0pt;font-family: 'Tahoma','sans-serif'\">\u00a0<\/span><\/p>\n<h2 style=\"margin: 0cm;margin-bottom: .0001pt;line-height: 13.2pt;background: white\"><span style=\"font-size: 8.0pt;font-family: 'Tahoma','sans-serif';letter-spacing: .45pt;border: none windowtext 1.0pt;padding: 0cm\">As rela\u00e7\u00f5es pol\u00edticas e as rela\u00e7\u00f5es de sociedade com a natureza<\/span><i><\/i><a href=\"http:\/\/www.tempopresente.org\/index.php?option=com_content&amp;view=article&amp;id=5402:as-relacoes-politicas-e-as-relacoes-da-sociedade-e-a-natureza&amp;catid=36&amp;Itemid=127\"><span style=\"font-size: 8.0pt;font-family: 'Tahoma','sans-serif'\">http:\/\/www.tempopresente.org\/index.php?option=com_content&amp;view=article&amp;id=5402:as-relacoes-politicas-e-as-relacoes-da-sociedade-e-a-natureza&amp;catid=36&amp;Itemid=127<\/span><\/a><i><\/i><\/h2>\n<p><!--[if gte mso 9]&gt;--><\/p>\n<p><!--[if gte mso 9]&gt;--><\/p>\n<p><!--[if gte mso 9]&gt;--><\/p>\n<p><!--[if gte mso 10]&gt;--><\/p>\n<p class=\"MsoNormal\" style=\"line-height: 150%\"><span style=\"font-size: 12.0pt;line-height: 150%;font-family: 'Times New Roman','serif'\"><strong>Demais Publica\u00e7\u00f5es<\/strong>\u00a0<strong><\/strong><\/span><\/p>\n<p>Repensando a seguran\u00e7a alimentar e Nutricional. Boletim tempo presente (UFRJ), v. 4, p. 36, 2009.<\/p>\n<p>O significante da fome no pensamento social e pol\u00edtico brasileiro. Apresenta\u00e7\u00e3o de trabalho\/ Simp\u00f3sio-F\u00f3rum Universit\u00e1rio Mercosul- FoMerco- UERJ, 2011.<\/p>\n<p><span style=\"line-height: 1.5em\"><strong>Sala<\/strong> 202<\/span><\/p>\n<p><strong style=\"line-height: 1.5em\">Tel. <\/strong><span style=\"line-height: 1.5em\">de contato: 27486173<br \/>\n<\/span><\/p>\n<p>&nbsp;<\/p>\n","protected":false},"excerpt":{"rendered":"<p>Professora Associada IV Doutora em Sociologia Pol\u00edtica pela Westf\u00e4llischen Wilhelms-Universit\u00e4t zu M\u00fcnster- Alemanha (2010) &#8220;Entre 1992 e 2009 vivi na&#8230;<\/p>\n","protected":false},"author":13,"featured_media":0,"parent":53,"menu_order":10,"comment_status":"closed","ping_status":"open","template":"","meta":{"footnotes":""},"class_list":["post-112","page","type-page","status-publish","hentry"],"_links":{"self":[{"href":"https:\/\/uenf.br\/cch\/leel\/wp-json\/wp\/v2\/pages\/112","targetHints":{"allow":["GET"]}}],"collection":[{"href":"https:\/\/uenf.br\/cch\/leel\/wp-json\/wp\/v2\/pages"}],"about":[{"href":"https:\/\/uenf.br\/cch\/leel\/wp-json\/wp\/v2\/types\/page"}],"author":[{"embeddable":true,"href":"https:\/\/uenf.br\/cch\/leel\/wp-json\/wp\/v2\/users\/13"}],"replies":[{"embeddable":true,"href":"https:\/\/uenf.br\/cch\/leel\/wp-json\/wp\/v2\/comments?post=112"}],"version-history":[{"count":0,"href":"https:\/\/uenf.br\/cch\/leel\/wp-json\/wp\/v2\/pages\/112\/revisions"}],"up":[{"embeddable":true,"href":"https:\/\/uenf.br\/cch\/leel\/wp-json\/wp\/v2\/pages\/53"}],"wp:attachment":[{"href":"https:\/\/uenf.br\/cch\/leel\/wp-json\/wp\/v2\/media?parent=112"}],"curies":[{"name":"wp","href":"https:\/\/api.w.org\/{rel}","templated":true}]}}