{"id":116,"date":"2013-02-28T00:16:06","date_gmt":"2013-02-28T00:16:06","guid":{"rendered":"http:\/\/uenf.br\/cch\/leel\/?page_id=116"},"modified":"2018-07-26T19:52:18","modified_gmt":"2018-07-26T19:52:18","slug":"profa-renata-maldonado-da-silva","status":"publish","type":"page","link":"https:\/\/uenf.br\/cch\/leel\/docentes-efetivos\/profa-renata-maldonado-da-silva\/","title":{"rendered":"Prof\u00aa Renata Maldonado da Silva"},"content":{"rendered":"<p>&nbsp;<\/p>\n<p>Professora Associada II<\/p>\n<p>Doutora em Educa\u00e7\u00e3o pela Universidade Federal Fluminense-UFF\/ 2010<\/p>\n<p><a href=\"http:\/\/buscatextual.cnpq.br\/buscatextual\/visualizacv.do?id=K4790688T7\">CV Lattes<\/a><\/p>\n<p><strong>e-mai<\/strong>l: r.maldonado@globo.com<\/p>\n<p><strong>\u00c1reas de interesse<\/strong>:<\/p>\n<p>Pol\u00edticas Educacional; Hist\u00f3ria da Educa\u00e7\u00e3o, Pol\u00edticas de comunica\u00e7\u00e3o e Educa\u00e7\u00e3o; Ensino Superior.<\/p>\n<p><strong>Disciplinas ministradas<\/strong>:<\/p>\n<p>Pol\u00edtica Educacional e Organiza\u00e7\u00e3o da Educa\u00e7\u00e3o e Organiza\u00e7\u00e3o da Educa\u00e7\u00e3o Brasileira<\/p>\n<p>Conte\u00fado e Metodologia do Ensino nos Anos Iniciais do Ensino Fundamental III<\/p>\n<p><strong>Sala<\/strong> 202<\/p>\n<p><strong>Tel. contato<\/strong>: 27397827<\/p>\n<p>&nbsp;<\/p>\n","protected":false},"excerpt":{"rendered":"<p>&nbsp; Professora Associada II Doutora em Educa\u00e7\u00e3o pela Universidade Federal Fluminense-UFF\/ 2010 CV Lattes e-mail: r.maldonado@globo.com \u00c1reas de interesse: Pol\u00edticas&#8230;<\/p>\n","protected":false},"author":13,"featured_media":0,"parent":53,"menu_order":11,"comment_status":"closed","ping_status":"open","template":"","meta":{"footnotes":""},"class_list":["post-116","page","type-page","status-publish","hentry"],"_links":{"self":[{"href":"https:\/\/uenf.br\/cch\/leel\/wp-json\/wp\/v2\/pages\/116","targetHints":{"allow":["GET"]}}],"collection":[{"href":"https:\/\/uenf.br\/cch\/leel\/wp-json\/wp\/v2\/pages"}],"about":[{"href":"https:\/\/uenf.br\/cch\/leel\/wp-json\/wp\/v2\/types\/page"}],"author":[{"embeddable":true,"href":"https:\/\/uenf.br\/cch\/leel\/wp-json\/wp\/v2\/users\/13"}],"replies":[{"embeddable":true,"href":"https:\/\/uenf.br\/cch\/leel\/wp-json\/wp\/v2\/comments?post=116"}],"version-history":[{"count":0,"href":"https:\/\/uenf.br\/cch\/leel\/wp-json\/wp\/v2\/pages\/116\/revisions"}],"up":[{"embeddable":true,"href":"https:\/\/uenf.br\/cch\/leel\/wp-json\/wp\/v2\/pages\/53"}],"wp:attachment":[{"href":"https:\/\/uenf.br\/cch\/leel\/wp-json\/wp\/v2\/media?parent=116"}],"curies":[{"name":"wp","href":"https:\/\/api.w.org\/{rel}","templated":true}]}}