{"id":129,"date":"2013-02-28T00:24:28","date_gmt":"2013-02-28T00:24:28","guid":{"rendered":"http:\/\/uenf.br\/cch\/leel\/?page_id=129"},"modified":"2014-07-11T21:18:13","modified_gmt":"2014-07-11T21:18:13","slug":"profa-silvia-alicia-martinez","status":"publish","type":"page","link":"https:\/\/uenf.br\/cch\/leel\/docentes-efetivos\/profa-silvia-alicia-martinez\/","title":{"rendered":"Prof\u00aa Silvia Alicia Mart\u00ednez"},"content":{"rendered":"<p align=\"justify\">Prof. Associado II<\/p>\n<p>P\u00f3s-Doutora\u00a0\u00a0em Educa\u00e7\u00e3o \/ Faculdade de Psicologia e Ci\u00eancias da Educa\u00e7\u00e3o da Universidade de Lisboa &#8211; Portugal\u00a0(2007)<\/p>\n<p align=\"justify\">Doutora\u00a0em Ci\u00eancias Humanas &#8211; Educa\u00e7\u00e3o \/ Pontif\u00edcia Universidade Cat\u00f3lica do Rio de<br \/>\nJaneiro &#8211; PUC-Rio (2000)<\/p>\n<p><a href=\"http:\/\/buscatextual.cnpq.br\/buscatextual\/visualizacv.do?id=K4721847U0\">CV Lattes<\/a><\/p>\n<p><strong>e-mail<\/strong>: <a href=\"mailto:silviam@uenf.br\">silviam@uenf.br<\/a><\/p>\n<p align=\"justify\"><strong>\u00c1reas de interesse<\/strong>:\u00a0Estudos do Curr\u00edculo;\u00a0Pol\u00edtica da Educa\u00e7\u00e3o; Hist\u00f3ria da Educa\u00e7\u00e3o; Forma\u00e7\u00e3o de professores e profiss\u00e3o docente; Emancipa\u00e7\u00e3o social; Mem\u00f3ria.<\/p>\n<p><strong>Projetos<\/strong>:<br \/>\n* Hist\u00f3ria da Profiss\u00e3o Docente no Norte Fluminense: A Escola Normal de Campos;<br \/>\n* Preserva\u00e7\u00e3o do patrim\u00f4nio hist\u00f3rico de institui\u00e7\u00f5es escolares no norte fluminense- o<br \/>\ncaso do Liceu de Humanidades de Campos;<br \/>\n*\u00a0 <a href=\"http:\/\/www.uenf.br\/Uenf\/Pages\/CCH\/UESI\/Ceramica\/\">Arte Educa\u00e7\u00e3o e Cidadania: Oficina de Cer\u00e2mica &#8220;Caminhos de Barro&#8221;.<\/a><\/p>\n<p><strong>Disciplinas Ministradas<\/strong>:<br \/>\n* Cursos de Licenciatura: Fundamentos da Educa\u00e7\u00e3o, Did\u00e1tica; Est\u00e1gio supervisionado.<br \/>\n* Curso de Ci\u00eancia da Educa\u00e7\u00e3o e Pedagogia: Curr\u00edculo, Organiza\u00e7\u00e3o do Trabalho Pedag\u00f3gico.<br \/>\n* Curso de Mestrado em Pol\u00edticas Sociais: Curr\u00edculo: Pol\u00edtica, Cultura e Conhecimento.<\/p>\n<p align=\"justify\">\u00c9 l\u00edder do Grupo de Pesquisa <strong>Educa\u00e7\u00e3o, Sociedade e Regi\u00e3o<\/strong>, grupo que mant\u00eam estudos e pesquisas em duas linhas:<\/p>\n<p>1) <strong>Hist\u00f3ria das Institui\u00e7\u00f5es escolares e das id\u00e9ias pedag\u00f3gicas no Norte Fluminense<\/strong>. Esta linha tem como objetivo fornecer elementos para indagar acerca da contribui\u00e7\u00e3o hist\u00f3rica das institui\u00e7\u00f5es educacionais para a difus\u00e3o do ensino elementar, secund\u00e1rio, superior e normal na regi\u00e3o do Norte Fluminense, a partir da segunda metade do s\u00e9culo XIX, chegando at\u00e9 a atualidade. Em forma articulada, analisa-se o ide\u00e1rio pedag\u00f3gico que deu suporte te\u00f3rico \u00e0s diferentes trajet\u00f3rias institucionais nos diversos momentos hist\u00f3ricos. O grupo de pesquisa tem conclu\u00eddo um trabalho que analisou a transi\u00e7\u00e3o da Escola Normal de Campos para constituir o Instituto de Educa\u00e7\u00e3o de Campos (1955). Desenvolve estudos em duas institui\u00e7\u00f5es escolares \u00edmpares na regi\u00e3o: O Liceu de Humanidades de Campos e a Escola Normal de Campos. As trajet\u00f3rias institucionais s\u00e3o analisadas vinculando-as \u00e0s pol\u00edticas educacionais mais amplas, de ordem estadual e nacional, e centra seu foco de an\u00e1lise na cultura escolar.<\/p>\n<p align=\"justify\">2) <strong>Novas formas de emancipa\u00e7\u00e3o social. Visa ao estudo de g\u00eanero, juventude, cidadania, arte e cultura<\/strong>. O Grupo vem desenvolvendo a pesquisa Arte Educa\u00e7\u00e3o e Cidadania: Oficina de Cer\u00e2mica &#8220;Caminhos de Barro&#8221;, desde 2000, implementada pelo prof. Marcelo Carlos Gantos (CCH-UENF).<\/p>\n<p><strong>Sala <\/strong>202<\/p>\n<p><strong>Tel<\/strong>:\u00a0 22 2739 7830<\/p>\n","protected":false},"excerpt":{"rendered":"<p>Prof. Associado II P\u00f3s-Doutora\u00a0\u00a0em Educa\u00e7\u00e3o \/ Faculdade de Psicologia e Ci\u00eancias da Educa\u00e7\u00e3o da Universidade de Lisboa &#8211; Portugal\u00a0(2007) Doutora\u00a0em&#8230;<\/p>\n","protected":false},"author":13,"featured_media":0,"parent":53,"menu_order":14,"comment_status":"closed","ping_status":"open","template":"","meta":{"footnotes":""},"class_list":["post-129","page","type-page","status-publish","hentry"],"_links":{"self":[{"href":"https:\/\/uenf.br\/cch\/leel\/wp-json\/wp\/v2\/pages\/129","targetHints":{"allow":["GET"]}}],"collection":[{"href":"https:\/\/uenf.br\/cch\/leel\/wp-json\/wp\/v2\/pages"}],"about":[{"href":"https:\/\/uenf.br\/cch\/leel\/wp-json\/wp\/v2\/types\/page"}],"author":[{"embeddable":true,"href":"https:\/\/uenf.br\/cch\/leel\/wp-json\/wp\/v2\/users\/13"}],"replies":[{"embeddable":true,"href":"https:\/\/uenf.br\/cch\/leel\/wp-json\/wp\/v2\/comments?post=129"}],"version-history":[{"count":0,"href":"https:\/\/uenf.br\/cch\/leel\/wp-json\/wp\/v2\/pages\/129\/revisions"}],"up":[{"embeddable":true,"href":"https:\/\/uenf.br\/cch\/leel\/wp-json\/wp\/v2\/pages\/53"}],"wp:attachment":[{"href":"https:\/\/uenf.br\/cch\/leel\/wp-json\/wp\/v2\/media?parent=129"}],"curies":[{"name":"wp","href":"https:\/\/api.w.org\/{rel}","templated":true}]}}