{"id":161,"date":"2013-02-28T19:45:34","date_gmt":"2013-02-28T19:45:34","guid":{"rendered":"http:\/\/uenf.br\/cch\/leel\/?page_id=161"},"modified":"2013-03-14T14:40:16","modified_gmt":"2013-03-14T14:40:16","slug":"wagner-de-oliveira-brandao","status":"publish","type":"page","link":"https:\/\/uenf.br\/cch\/leel\/tecnicos-de-ensino-pesquisa-e-extensao\/wagner-de-oliveira-brandao\/","title":{"rendered":"Wagner de Oliveira Brand\u00e3o"},"content":{"rendered":"<p><a href=\"https:\/\/uenf.br\/cch\/leel\/files\/2013\/02\/LEEL-Wagner.jpg\"><img loading=\"lazy\" decoding=\"async\" class=\"alignnone size-thumbnail wp-image-228\" alt=\"LEEL Wagner\" src=\"https:\/\/uenf.br\/cch\/leel\/files\/2013\/02\/LEEL-Wagner-150x150.jpg\" width=\"150\" height=\"150\" \/><\/a>Profissional de N\u00edvel Superior em L\u00ednguas instrumentais &#8211; Ingl\u00eas<\/p>\n<p>Licenciado\u00a0em\u00a0L\u00edngua e Literatura inglesa\/ Universidade\u00a0 do Amazonas-UA (1969)<\/p>\n<p><strong>e-mail<\/strong>: <a href=\"mailto:wbrandao@uenf.br\">wbrandao@uenf.br<\/a><\/p>\n<p><strong>Coordena\u00e7\u00e3o<\/strong> das disciplinas do\u00a0Ingl\u00eas Instrumental<\/p>\n<p>&nbsp;<\/p>\n<p><strong>Disciplinas Ministradas<\/strong>:<br \/>\nIngl\u00eas Instrumental I, II, III e IV.<\/p>\n<p><strong>Tel<\/strong>: 22 27486126<\/p>\n","protected":false},"excerpt":{"rendered":"<p>Profissional de N\u00edvel Superior em L\u00ednguas instrumentais &#8211; Ingl\u00eas Licenciado\u00a0em\u00a0L\u00edngua e Literatura inglesa\/ Universidade\u00a0 do Amazonas-UA (1969) e-mail: wbrandao@uenf.br Coordena\u00e7\u00e3o&#8230;<\/p>\n","protected":false},"author":13,"featured_media":0,"parent":70,"menu_order":4,"comment_status":"closed","ping_status":"open","template":"","meta":{"footnotes":""},"class_list":["post-161","page","type-page","status-publish","hentry"],"_links":{"self":[{"href":"https:\/\/uenf.br\/cch\/leel\/wp-json\/wp\/v2\/pages\/161","targetHints":{"allow":["GET"]}}],"collection":[{"href":"https:\/\/uenf.br\/cch\/leel\/wp-json\/wp\/v2\/pages"}],"about":[{"href":"https:\/\/uenf.br\/cch\/leel\/wp-json\/wp\/v2\/types\/page"}],"author":[{"embeddable":true,"href":"https:\/\/uenf.br\/cch\/leel\/wp-json\/wp\/v2\/users\/13"}],"replies":[{"embeddable":true,"href":"https:\/\/uenf.br\/cch\/leel\/wp-json\/wp\/v2\/comments?post=161"}],"version-history":[{"count":0,"href":"https:\/\/uenf.br\/cch\/leel\/wp-json\/wp\/v2\/pages\/161\/revisions"}],"up":[{"embeddable":true,"href":"https:\/\/uenf.br\/cch\/leel\/wp-json\/wp\/v2\/pages\/70"}],"wp:attachment":[{"href":"https:\/\/uenf.br\/cch\/leel\/wp-json\/wp\/v2\/media?parent=161"}],"curies":[{"name":"wp","href":"https:\/\/api.w.org\/{rel}","templated":true}]}}