{"id":182,"date":"2013-02-28T20:01:16","date_gmt":"2013-02-28T20:01:16","guid":{"rendered":"http:\/\/uenf.br\/cch\/leel\/?page_id=182"},"modified":"2014-07-10T19:44:44","modified_gmt":"2014-07-10T19:44:44","slug":"disciplinas-oferecidas-pelo-leel","status":"publish","type":"page","link":"https:\/\/uenf.br\/cch\/leel\/ensino\/disciplinas-oferecidas-pelo-leel\/","title":{"rendered":"Disciplinas oferecidas pelo LEEL"},"content":{"rendered":"<p><strong>LICENCIATURAS<\/strong><\/p>\n<p><a href=\"https:\/\/uenf.br\/cch\/leel\/ensino\/disciplinas-oferecidas-pelo-leel\/didatica\/\">Did\u00e1tica<\/a><\/p>\n<p><a href=\"http:\/\/www.uenf.br\/Uenf\/Pages\/CCH\/Leel\/\/\/?cod_pag=4681&amp;grupo=LEEL&amp;tabela=materias&amp;titulo=&amp;nm=&amp;id=1187975293\/LEEL\">Estrutura e Funcionamento do Ensino<\/a><\/p>\n<p><a href=\"http:\/\/www.uenf.br\/Uenf\/Pages\/CCH\/Leel\/\/\/?cod_pag=4681&amp;grupo=LEEL&amp;tabela=materias&amp;titulo=&amp;nm=&amp;id=1187969519\/LEEL\">Fundamentos da Educa\u00e7\u00e3o<\/a><\/p>\n<p>Libras<\/p>\n<p><a href=\"http:\/\/www.uenf.br\/Uenf\/Pages\/CCH\/Leel\/\/\/?cod_pag=4681&amp;grupo=LEEL&amp;tabela=materias&amp;titulo=&amp;nm=&amp;id=1187969518\/LEEL\">Psicologia da Educa\u00e7\u00e3o<\/a><\/p>\n<p><strong>PEDAGOGIA<\/strong><\/p>\n<p>em breve<\/p>\n<p><strong>L\u00cdNGUAS INSTRUMENTAIS<\/strong><\/p>\n<p>Ingl\u00eas T\u00e9cnico<br \/>\nIngl\u00eas Instrumental I, II, III e IV<br \/>\nPortugu\u00eas Instrumental I e II<\/p>\n","protected":false},"excerpt":{"rendered":"<p>LICENCIATURAS Did\u00e1tica Estrutura e Funcionamento do Ensino Fundamentos da Educa\u00e7\u00e3o Libras Psicologia da Educa\u00e7\u00e3o PEDAGOGIA em breve L\u00cdNGUAS INSTRUMENTAIS Ingl\u00eas&#8230;<\/p>\n","protected":false},"author":13,"featured_media":0,"parent":173,"menu_order":1,"comment_status":"closed","ping_status":"open","template":"","meta":{"footnotes":""},"class_list":["post-182","page","type-page","status-publish","hentry"],"_links":{"self":[{"href":"https:\/\/uenf.br\/cch\/leel\/wp-json\/wp\/v2\/pages\/182","targetHints":{"allow":["GET"]}}],"collection":[{"href":"https:\/\/uenf.br\/cch\/leel\/wp-json\/wp\/v2\/pages"}],"about":[{"href":"https:\/\/uenf.br\/cch\/leel\/wp-json\/wp\/v2\/types\/page"}],"author":[{"embeddable":true,"href":"https:\/\/uenf.br\/cch\/leel\/wp-json\/wp\/v2\/users\/13"}],"replies":[{"embeddable":true,"href":"https:\/\/uenf.br\/cch\/leel\/wp-json\/wp\/v2\/comments?post=182"}],"version-history":[{"count":0,"href":"https:\/\/uenf.br\/cch\/leel\/wp-json\/wp\/v2\/pages\/182\/revisions"}],"up":[{"embeddable":true,"href":"https:\/\/uenf.br\/cch\/leel\/wp-json\/wp\/v2\/pages\/173"}],"wp:attachment":[{"href":"https:\/\/uenf.br\/cch\/leel\/wp-json\/wp\/v2\/media?parent=182"}],"curies":[{"name":"wp","href":"https:\/\/api.w.org\/{rel}","templated":true}]}}