{"id":184,"date":"2013-02-28T20:03:16","date_gmt":"2013-02-28T20:03:16","guid":{"rendered":"http:\/\/uenf.br\/cch\/leel\/?page_id=184"},"modified":"2013-02-28T20:03:16","modified_gmt":"2013-02-28T20:03:16","slug":"didatica","status":"publish","type":"page","link":"https:\/\/uenf.br\/cch\/leel\/ensino\/disciplinas-oferecidas-pelo-leel\/didatica\/","title":{"rendered":"Did\u00e1tica"},"content":{"rendered":"<p>Ementa:<\/p>\n<p>A Did\u00e1tica no Brasil: evolu\u00e7\u00e3o e correntes. A Did\u00e1tica na perspectiva cr\u00edtica: tend\u00eancias e principais autores. Escola, sociedade e cultura(s). O saber escolar: conhecimento vivencial x conhecimento cient\u00edfico. Magist\u00e9rio: concep\u00e7\u00f5es, realidade e desafios. Dimens\u00f5es, processos e componentes do cotidiano escolar: a multidimensionalidade da pr\u00e1tica pedag\u00f3gica; curr\u00edculo expl\u00edcito e o curr\u00edculo oculto; a organiza\u00e7\u00e3o do trabalho pedag\u00f3gico; din\u00e2mica de sala de aula e intera\u00e7\u00e3o professor-aluno; a problem\u00e1tica da avalia\u00e7\u00e3o escolar; a quest\u00e3o do livro did\u00e1tico.<\/p>\n","protected":false},"excerpt":{"rendered":"<p>Ementa: A Did\u00e1tica no Brasil: evolu\u00e7\u00e3o e correntes. A Did\u00e1tica na perspectiva cr\u00edtica: tend\u00eancias e principais autores. Escola, sociedade e&#8230;<\/p>\n","protected":false},"author":13,"featured_media":0,"parent":182,"menu_order":2,"comment_status":"closed","ping_status":"open","template":"","meta":{"footnotes":""},"class_list":["post-184","page","type-page","status-publish","hentry"],"_links":{"self":[{"href":"https:\/\/uenf.br\/cch\/leel\/wp-json\/wp\/v2\/pages\/184","targetHints":{"allow":["GET"]}}],"collection":[{"href":"https:\/\/uenf.br\/cch\/leel\/wp-json\/wp\/v2\/pages"}],"about":[{"href":"https:\/\/uenf.br\/cch\/leel\/wp-json\/wp\/v2\/types\/page"}],"author":[{"embeddable":true,"href":"https:\/\/uenf.br\/cch\/leel\/wp-json\/wp\/v2\/users\/13"}],"replies":[{"embeddable":true,"href":"https:\/\/uenf.br\/cch\/leel\/wp-json\/wp\/v2\/comments?post=184"}],"version-history":[{"count":0,"href":"https:\/\/uenf.br\/cch\/leel\/wp-json\/wp\/v2\/pages\/184\/revisions"}],"up":[{"embeddable":true,"href":"https:\/\/uenf.br\/cch\/leel\/wp-json\/wp\/v2\/pages\/182"}],"wp:attachment":[{"href":"https:\/\/uenf.br\/cch\/leel\/wp-json\/wp\/v2\/media?parent=184"}],"curies":[{"name":"wp","href":"https:\/\/api.w.org\/{rel}","templated":true}]}}