{"id":187,"date":"2013-02-28T20:06:17","date_gmt":"2013-02-28T20:06:17","guid":{"rendered":"http:\/\/uenf.br\/cch\/leel\/?page_id=187"},"modified":"2013-02-28T20:06:17","modified_gmt":"2013-02-28T20:06:17","slug":"estrutura-e-funcionamento-do-ensino","status":"publish","type":"page","link":"https:\/\/uenf.br\/cch\/leel\/ensino\/disciplinas-oferecidas-pelo-leel\/estrutura-e-funcionamento-do-ensino\/","title":{"rendered":"Estrutura e Funcionamento do ensino"},"content":{"rendered":"<p>Ementa:<\/p>\n<p>Aspectos hist\u00f3ricos da organiza\u00e7\u00e3o escolar no Brasil: interrela\u00e7\u00f5es entre os sistemas educacional, pol\u00edtico e econ\u00f4mico. Reestrutura\u00e7\u00e3o do ensino brasileiro a partir dos anos 30 do s\u00e9culo XX. Organiza\u00e7\u00e3o e funcionamento do ensino no Brasil: responsabilidades e compet\u00eancias do poder p\u00fablico. Educa\u00e7\u00e3o e Trabalho.<\/p>\n","protected":false},"excerpt":{"rendered":"<p>Ementa: Aspectos hist\u00f3ricos da organiza\u00e7\u00e3o escolar no Brasil: interrela\u00e7\u00f5es entre os sistemas educacional, pol\u00edtico e econ\u00f4mico. Reestrutura\u00e7\u00e3o do ensino brasileiro&#8230;<\/p>\n","protected":false},"author":13,"featured_media":0,"parent":182,"menu_order":2,"comment_status":"closed","ping_status":"open","template":"","meta":{"footnotes":""},"class_list":["post-187","page","type-page","status-publish","hentry"],"_links":{"self":[{"href":"https:\/\/uenf.br\/cch\/leel\/wp-json\/wp\/v2\/pages\/187","targetHints":{"allow":["GET"]}}],"collection":[{"href":"https:\/\/uenf.br\/cch\/leel\/wp-json\/wp\/v2\/pages"}],"about":[{"href":"https:\/\/uenf.br\/cch\/leel\/wp-json\/wp\/v2\/types\/page"}],"author":[{"embeddable":true,"href":"https:\/\/uenf.br\/cch\/leel\/wp-json\/wp\/v2\/users\/13"}],"replies":[{"embeddable":true,"href":"https:\/\/uenf.br\/cch\/leel\/wp-json\/wp\/v2\/comments?post=187"}],"version-history":[{"count":0,"href":"https:\/\/uenf.br\/cch\/leel\/wp-json\/wp\/v2\/pages\/187\/revisions"}],"up":[{"embeddable":true,"href":"https:\/\/uenf.br\/cch\/leel\/wp-json\/wp\/v2\/pages\/182"}],"wp:attachment":[{"href":"https:\/\/uenf.br\/cch\/leel\/wp-json\/wp\/v2\/media?parent=187"}],"curies":[{"name":"wp","href":"https:\/\/api.w.org\/{rel}","templated":true}]}}