{"id":189,"date":"2013-02-28T20:07:57","date_gmt":"2013-02-28T20:07:57","guid":{"rendered":"http:\/\/uenf.br\/cch\/leel\/?page_id=189"},"modified":"2013-02-28T20:07:57","modified_gmt":"2013-02-28T20:07:57","slug":"fundamentos-da-educacao","status":"publish","type":"page","link":"https:\/\/uenf.br\/cch\/leel\/ensino\/disciplinas-oferecidas-pelo-leel\/fundamentos-da-educacao\/","title":{"rendered":"Fundamentos da Educa\u00e7\u00e3o"},"content":{"rendered":"<p>Ementa:<br \/>\nEduca\u00e7\u00e3o como campo de conhecimento e pr\u00e1tica social. Rela\u00e7\u00f5es entre educa\u00e7\u00e3o e os saberes ou ci\u00eancias-fontes (Antropologia, Economia, Filosofia, Hist\u00f3ria, Psicologia, Sociologia). Correntes que referenciam a pr\u00e1tica educativa. Educa\u00e7\u00e3o e valores.<\/p>\n","protected":false},"excerpt":{"rendered":"<p>Ementa: Educa\u00e7\u00e3o como campo de conhecimento e pr\u00e1tica social. Rela\u00e7\u00f5es entre educa\u00e7\u00e3o e os saberes ou ci\u00eancias-fontes (Antropologia, Economia, Filosofia,&#8230;<\/p>\n","protected":false},"author":13,"featured_media":0,"parent":182,"menu_order":3,"comment_status":"closed","ping_status":"open","template":"","meta":{"footnotes":""},"class_list":["post-189","page","type-page","status-publish","hentry"],"_links":{"self":[{"href":"https:\/\/uenf.br\/cch\/leel\/wp-json\/wp\/v2\/pages\/189","targetHints":{"allow":["GET"]}}],"collection":[{"href":"https:\/\/uenf.br\/cch\/leel\/wp-json\/wp\/v2\/pages"}],"about":[{"href":"https:\/\/uenf.br\/cch\/leel\/wp-json\/wp\/v2\/types\/page"}],"author":[{"embeddable":true,"href":"https:\/\/uenf.br\/cch\/leel\/wp-json\/wp\/v2\/users\/13"}],"replies":[{"embeddable":true,"href":"https:\/\/uenf.br\/cch\/leel\/wp-json\/wp\/v2\/comments?post=189"}],"version-history":[{"count":0,"href":"https:\/\/uenf.br\/cch\/leel\/wp-json\/wp\/v2\/pages\/189\/revisions"}],"up":[{"embeddable":true,"href":"https:\/\/uenf.br\/cch\/leel\/wp-json\/wp\/v2\/pages\/182"}],"wp:attachment":[{"href":"https:\/\/uenf.br\/cch\/leel\/wp-json\/wp\/v2\/media?parent=189"}],"curies":[{"name":"wp","href":"https:\/\/api.w.org\/{rel}","templated":true}]}}