{"id":193,"date":"2013-02-28T20:10:24","date_gmt":"2013-02-28T20:10:24","guid":{"rendered":"http:\/\/uenf.br\/cch\/leel\/?page_id=193"},"modified":"2013-02-28T20:10:24","modified_gmt":"2013-02-28T20:10:24","slug":"projetos-de-pesquisa-do-leel","status":"publish","type":"page","link":"https:\/\/uenf.br\/cch\/leel\/pesquisa\/projetos-de-pesquisa-do-leel\/","title":{"rendered":"Projetos de Pesquisa do LEEL"},"content":{"rendered":"<p>Prof\u00aa Maria Cristina dos Santos Peixoto<br \/>\n* Arte na Educa\u00e7\u00e3o<\/p>\n<p>Prof. S\u00e9rgio Arruda de Moura<br \/>\n* Linguagem e Intera\u00e7\u00f5es Sociocognitivas<\/p>\n<p>Prof\u00aa S\u00edlvia Martinez<br \/>\n* Hist\u00f3ria da Profiss\u00e3o Docente no Norte Fluminense: A Escola Normal de Campos;<br \/>\n* Preserva\u00e7\u00e3o do patrim\u00f4nio hist\u00f3rico de institui\u00e7\u00f5es escolares no norte fluminense- o<br \/>\ncaso do Liceu de Humanidades de Campos;<\/p>\n","protected":false},"excerpt":{"rendered":"<p>Prof\u00aa Maria Cristina dos Santos Peixoto * Arte na Educa\u00e7\u00e3o Prof. S\u00e9rgio Arruda de Moura * Linguagem e Intera\u00e7\u00f5es Sociocognitivas&#8230;<\/p>\n","protected":false},"author":13,"featured_media":0,"parent":176,"menu_order":1,"comment_status":"closed","ping_status":"open","template":"","meta":{"footnotes":""},"class_list":["post-193","page","type-page","status-publish","hentry"],"_links":{"self":[{"href":"https:\/\/uenf.br\/cch\/leel\/wp-json\/wp\/v2\/pages\/193","targetHints":{"allow":["GET"]}}],"collection":[{"href":"https:\/\/uenf.br\/cch\/leel\/wp-json\/wp\/v2\/pages"}],"about":[{"href":"https:\/\/uenf.br\/cch\/leel\/wp-json\/wp\/v2\/types\/page"}],"author":[{"embeddable":true,"href":"https:\/\/uenf.br\/cch\/leel\/wp-json\/wp\/v2\/users\/13"}],"replies":[{"embeddable":true,"href":"https:\/\/uenf.br\/cch\/leel\/wp-json\/wp\/v2\/comments?post=193"}],"version-history":[{"count":0,"href":"https:\/\/uenf.br\/cch\/leel\/wp-json\/wp\/v2\/pages\/193\/revisions"}],"up":[{"embeddable":true,"href":"https:\/\/uenf.br\/cch\/leel\/wp-json\/wp\/v2\/pages\/176"}],"wp:attachment":[{"href":"https:\/\/uenf.br\/cch\/leel\/wp-json\/wp\/v2\/media?parent=193"}],"curies":[{"name":"wp","href":"https:\/\/api.w.org\/{rel}","templated":true}]}}