{"id":195,"date":"2013-02-28T20:12:17","date_gmt":"2013-02-28T20:12:17","guid":{"rendered":"http:\/\/uenf.br\/cch\/leel\/?page_id=195"},"modified":"2013-02-28T20:25:06","modified_gmt":"2013-02-28T20:25:06","slug":"projetos-de-extensao","status":"publish","type":"page","link":"https:\/\/uenf.br\/cch\/leel\/extensao\/projetos-de-extensao\/","title":{"rendered":"Projetos de Extens\u00e3o"},"content":{"rendered":"<p>Arte Educa\u00e7\u00e3o e Cidadania: Oficina de Cer\u00e2mica &#8220;Caminhos de Barro&#8221;<\/p>\n<p><a href=\"https:\/\/uenf.br\/cch\/leel\/extensao\/projetos-de-extensao\/politicas-linguisticas-nas-escolas-da-rede-publica\/\">Pol\u00edticas Ling\u00fc\u00edsticas nas Escolas da Rede P\u00fablica<\/a><\/p>\n<p><a href=\"https:\/\/uenf.br\/cch\/leel\/extensao\/projetos-de-extensao\/preservacao-do-patrimonio-historico-de-instituicoes-escolares-no-norte-fluminense\/\">Preserva\u00e7\u00e3o do patrim\u00f4nio hist\u00f3rico de institui\u00e7\u00f5es escolares no norte fluminense- o<\/a><br \/>\n<a href=\"https:\/\/uenf.br\/cch\/leel\/extensao\/projetos-de-extensao\/preservacao-do-patrimonio-historico-de-instituicoes-escolares-no-norte-fluminense\/\"> caso do Liceu de Humanidades de Campos<\/a><\/p>\n","protected":false},"excerpt":{"rendered":"<p>Arte Educa\u00e7\u00e3o e Cidadania: Oficina de Cer\u00e2mica &#8220;Caminhos de Barro&#8221; Pol\u00edticas Ling\u00fc\u00edsticas nas Escolas da Rede P\u00fablica Preserva\u00e7\u00e3o do patrim\u00f4nio&#8230;<\/p>\n","protected":false},"author":13,"featured_media":0,"parent":178,"menu_order":1,"comment_status":"closed","ping_status":"open","template":"","meta":{"footnotes":""},"class_list":["post-195","page","type-page","status-publish","hentry"],"_links":{"self":[{"href":"https:\/\/uenf.br\/cch\/leel\/wp-json\/wp\/v2\/pages\/195","targetHints":{"allow":["GET"]}}],"collection":[{"href":"https:\/\/uenf.br\/cch\/leel\/wp-json\/wp\/v2\/pages"}],"about":[{"href":"https:\/\/uenf.br\/cch\/leel\/wp-json\/wp\/v2\/types\/page"}],"author":[{"embeddable":true,"href":"https:\/\/uenf.br\/cch\/leel\/wp-json\/wp\/v2\/users\/13"}],"replies":[{"embeddable":true,"href":"https:\/\/uenf.br\/cch\/leel\/wp-json\/wp\/v2\/comments?post=195"}],"version-history":[{"count":0,"href":"https:\/\/uenf.br\/cch\/leel\/wp-json\/wp\/v2\/pages\/195\/revisions"}],"up":[{"embeddable":true,"href":"https:\/\/uenf.br\/cch\/leel\/wp-json\/wp\/v2\/pages\/178"}],"wp:attachment":[{"href":"https:\/\/uenf.br\/cch\/leel\/wp-json\/wp\/v2\/media?parent=195"}],"curies":[{"name":"wp","href":"https:\/\/api.w.org\/{rel}","templated":true}]}}