{"id":199,"date":"2013-02-28T20:15:26","date_gmt":"2013-02-28T20:15:26","guid":{"rendered":"http:\/\/uenf.br\/cch\/leel\/?page_id=199"},"modified":"2013-02-28T20:18:10","modified_gmt":"2013-02-28T20:18:10","slug":"preservacao-do-patrimonio-historico-de-instituicoes-escolares-no-norte-fluminense","status":"publish","type":"page","link":"https:\/\/uenf.br\/cch\/leel\/extensao\/projetos-de-extensao\/preservacao-do-patrimonio-historico-de-instituicoes-escolares-no-norte-fluminense\/","title":{"rendered":"Preserva\u00e7\u00e3o do patrim\u00f4nio hist\u00f3rico de institui\u00e7\u00f5es escolares no norte fluminense"},"content":{"rendered":"<p>O caso do Liceu de Humanidades de Campos<\/p>\n<p>Este projeto&#8230;..<\/p>\n","protected":false},"excerpt":{"rendered":"<p>O caso do Liceu de Humanidades de Campos Este projeto&#8230;..<\/p>\n","protected":false},"author":13,"featured_media":0,"parent":195,"menu_order":2,"comment_status":"closed","ping_status":"open","template":"","meta":{"footnotes":""},"class_list":["post-199","page","type-page","status-publish","hentry"],"_links":{"self":[{"href":"https:\/\/uenf.br\/cch\/leel\/wp-json\/wp\/v2\/pages\/199","targetHints":{"allow":["GET"]}}],"collection":[{"href":"https:\/\/uenf.br\/cch\/leel\/wp-json\/wp\/v2\/pages"}],"about":[{"href":"https:\/\/uenf.br\/cch\/leel\/wp-json\/wp\/v2\/types\/page"}],"author":[{"embeddable":true,"href":"https:\/\/uenf.br\/cch\/leel\/wp-json\/wp\/v2\/users\/13"}],"replies":[{"embeddable":true,"href":"https:\/\/uenf.br\/cch\/leel\/wp-json\/wp\/v2\/comments?post=199"}],"version-history":[{"count":0,"href":"https:\/\/uenf.br\/cch\/leel\/wp-json\/wp\/v2\/pages\/199\/revisions"}],"up":[{"embeddable":true,"href":"https:\/\/uenf.br\/cch\/leel\/wp-json\/wp\/v2\/pages\/195"}],"wp:attachment":[{"href":"https:\/\/uenf.br\/cch\/leel\/wp-json\/wp\/v2\/media?parent=199"}],"curies":[{"name":"wp","href":"https:\/\/api.w.org\/{rel}","templated":true}]}}