{"id":2,"date":"2012-08-28T15:06:26","date_gmt":"2012-08-28T15:06:26","guid":{"rendered":"http:\/\/uenf.br\/cch\/leel\/?page_id=2"},"modified":"2018-05-21T21:57:48","modified_gmt":"2018-05-21T21:57:48","slug":"apresentacao","status":"publish","type":"page","link":"https:\/\/uenf.br\/cch\/leel\/","title":{"rendered":"Apresenta\u00e7\u00e3o"},"content":{"rendered":"<div id=\"tituloPrincipal\">O LEEL<\/div>\n<p>&nbsp;<\/p>\n<div id=\"materiaPrincipal\">\n<p align=\"justify\">O Laborat\u00f3rio de Estudos de Educa\u00e7\u00e3o e Linguagem &#8211; LEEL,\u00a0hoje, junto com os demais Laborat\u00f3rios do CCH, encarrega-se da gradua\u00e7\u00e3o em Pedagogia-Licenciatura, implantada em 2007, j\u00e1 obedecendo \u00e0 Resolu\u00e7\u00e3o n\u00ba 1\/2006 do Conselho Nacional de Educa\u00e7\u00e3o.\u00a0\u00a0Tamb\u00e9m est\u00e1 a cargo do LEEL a forma\u00e7\u00e3o pedag\u00f3gica dos alunos dos cursos de Licenciatura da Universidade (Qu\u00edmica, F\u00edsica, Matem\u00e1tica e Biologia). Al\u00e9m disso, nossos docentes participam dos tr\u00eas Programas de P\u00f3s-Gradua\u00e7\u00e3o do CCH, a saber: Cogni\u00e7\u00e3o e Linguagem, Pol\u00edticas Sociais e Sociologia Pol\u00edtica.<\/p>\n<p align=\"justify\">Como todo laborat\u00f3rio da UENF, seu corpo docente \u00e9 constitu\u00eddo inteiramente por doutores, aos quais juntam-se os chamados Profissionais de N\u00edvel Superior, ou T\u00e9cnicos de N\u00edvel Superior, que auxiliam e co-gerenciam os projetos de ensino, pesquisa e extens\u00e3o.<\/p>\n<p align=\"justify\">Fundado em 1999, o LEEL quer aglutinar na sua proposta -consolidada\u00a0nos princ\u00edpios de uma Universidade aberta e cooperativa como pensada por Darcy Ribeiro &#8211;\u00a0os m\u00e9ritos de uma educa\u00e7\u00e3o relacionada com o seu tempo e com as exig\u00eancias da forma\u00e7\u00e3o do profissional de educa\u00e7\u00e3o\u00a0&#8211; o pedagogo &#8211;\u00a0apto a atuar tanto em Educa\u00e7\u00e3o Infantil\u00a0quanto nos anos iniciais do Ensino Fundamental, al\u00e9m de cursos de Ensino M\u00e9dio (Modalidade Normal). Este profissional estar\u00e1 apto tamb\u00e9m em \u00e1reas em que estejam previstos conhecimentos pedag\u00f3gicos.<\/p>\n<\/div>\n","protected":false},"excerpt":{"rendered":"<p>O LEEL &nbsp; O Laborat\u00f3rio de Estudos de Educa\u00e7\u00e3o e Linguagem &#8211; LEEL,\u00a0hoje, junto com os demais Laborat\u00f3rios do CCH,&#8230;<\/p>\n","protected":false},"author":13,"featured_media":0,"parent":42,"menu_order":0,"comment_status":"closed","ping_status":"closed","template":"","meta":{"footnotes":""},"class_list":["post-2","page","type-page","status-publish","hentry"],"_links":{"self":[{"href":"https:\/\/uenf.br\/cch\/leel\/wp-json\/wp\/v2\/pages\/2","targetHints":{"allow":["GET"]}}],"collection":[{"href":"https:\/\/uenf.br\/cch\/leel\/wp-json\/wp\/v2\/pages"}],"about":[{"href":"https:\/\/uenf.br\/cch\/leel\/wp-json\/wp\/v2\/types\/page"}],"author":[{"embeddable":true,"href":"https:\/\/uenf.br\/cch\/leel\/wp-json\/wp\/v2\/users\/13"}],"replies":[{"embeddable":true,"href":"https:\/\/uenf.br\/cch\/leel\/wp-json\/wp\/v2\/comments?post=2"}],"version-history":[{"count":0,"href":"https:\/\/uenf.br\/cch\/leel\/wp-json\/wp\/v2\/pages\/2\/revisions"}],"up":[{"embeddable":true,"href":"https:\/\/uenf.br\/cch\/leel\/wp-json\/wp\/v2\/pages\/42"}],"wp:attachment":[{"href":"https:\/\/uenf.br\/cch\/leel\/wp-json\/wp\/v2\/media?parent=2"}],"curies":[{"name":"wp","href":"https:\/\/api.w.org\/{rel}","templated":true}]}}