{"id":7,"date":"2012-08-28T17:36:30","date_gmt":"2012-08-28T17:36:30","guid":{"rendered":"http:\/\/uenf.br\/cch\/leel\/?page_id=7"},"modified":"2014-07-10T19:40:59","modified_gmt":"2014-07-10T19:40:59","slug":"contato","status":"publish","type":"page","link":"https:\/\/uenf.br\/cch\/leel\/contato\/","title":{"rendered":"Contato"},"content":{"rendered":"<p>&nbsp;<\/p>\n<p>e-mail: leel@uenf.br<\/p>\n<p>Tel: 22 2739 7039<\/p>\n<p>&nbsp;<\/p>\n<p>Respons\u00e1vel pela edi\u00e7\u00e3o e atualiza\u00e7\u00e3o de dados do site:<\/p>\n<p>e.viana@uenf.br<\/p>\n<p>&nbsp;<\/p>\n","protected":false},"excerpt":{"rendered":"<p>&nbsp; e-mail: leel@uenf.br Tel: 22 2739 7039 &nbsp; Respons\u00e1vel pela edi\u00e7\u00e3o e atualiza\u00e7\u00e3o de dados do site: e.viana@uenf.br &nbsp;<\/p>\n","protected":false},"author":1,"featured_media":0,"parent":0,"menu_order":1000,"comment_status":"closed","ping_status":"open","template":"","meta":{"footnotes":""},"class_list":["post-7","page","type-page","status-publish","hentry"],"_links":{"self":[{"href":"https:\/\/uenf.br\/cch\/leel\/wp-json\/wp\/v2\/pages\/7","targetHints":{"allow":["GET"]}}],"collection":[{"href":"https:\/\/uenf.br\/cch\/leel\/wp-json\/wp\/v2\/pages"}],"about":[{"href":"https:\/\/uenf.br\/cch\/leel\/wp-json\/wp\/v2\/types\/page"}],"author":[{"embeddable":true,"href":"https:\/\/uenf.br\/cch\/leel\/wp-json\/wp\/v2\/users\/1"}],"replies":[{"embeddable":true,"href":"https:\/\/uenf.br\/cch\/leel\/wp-json\/wp\/v2\/comments?post=7"}],"version-history":[{"count":0,"href":"https:\/\/uenf.br\/cch\/leel\/wp-json\/wp\/v2\/pages\/7\/revisions"}],"wp:attachment":[{"href":"https:\/\/uenf.br\/cch\/leel\/wp-json\/wp\/v2\/media?parent=7"}],"curies":[{"name":"wp","href":"https:\/\/api.w.org\/{rel}","templated":true}]}}