{"id":75,"date":"2013-02-27T23:18:18","date_gmt":"2013-02-27T23:18:18","guid":{"rendered":"http:\/\/uenf.br\/cch\/leel\/?page_id=75"},"modified":"2014-09-22T18:51:15","modified_gmt":"2014-09-22T18:51:15","slug":"bianka-pires-andre","status":"publish","type":"page","link":"https:\/\/uenf.br\/cch\/leel\/docentes-efetivos\/bianka-pires-andre\/","title":{"rendered":"Prof\u00aa Bianka Pires Andr\u00e9"},"content":{"rendered":"<p><a href=\"https:\/\/uenf.br\/cch\/leel\/files\/2013\/02\/Bianka-Pires.jpg\"><img loading=\"lazy\" decoding=\"async\" class=\"alignnone size-thumbnail wp-image-289\" alt=\"Bianka Pires\" src=\"https:\/\/uenf.br\/cch\/leel\/files\/2013\/02\/Bianka-Pires-150x150.jpg\" width=\"150\" height=\"150\" \/><\/a>Prof\u00aa Associada IV<\/p>\n<p>Doutora em Educa\u00e7\u00e3o \/ Universidade de Barcelona &#8211; Espanha<\/p>\n<p><a href=\"http:\/\/buscatextual.cnpq.br\/buscatextual\/visualizacv.do?id=K4702521U1\">CV Lattes<\/a><\/p>\n<p><strong>e-mail<\/strong>: <a href=\"mailto:biankapires@gmail.com\">biankapires@gmail.com<\/a><\/p>\n<p><strong>\u00c1reas de interesse<\/strong>: Diversidade, inclus\u00e3o escolar, minorias \u00e9tnicas, discrimina\u00e7\u00e3o.<\/p>\n<p><strong>Projetos<\/strong> (pesquisa e\/ou extens\u00e3o): \u201cDiscrimina\u00e7\u00e3o e cotidiano escolar: o papel das emo\u00e7\u00f5es no processo de ensino e aprendizagem\u201d<\/p>\n<p><strong>Disciplinas ministradas<\/strong>:<\/p>\n<p>Gradua\u00e7\u00e3o de <strong>Pedagogia<\/strong>: Did\u00e1tica<\/p>\n<p><strong>Sala <\/strong>204<\/p>\n<p><strong>Tel<\/strong>. de contato: 22 2739 7301<\/p>\n","protected":false},"excerpt":{"rendered":"<p>Prof\u00aa Associada IV Doutora em Educa\u00e7\u00e3o \/ Universidade de Barcelona &#8211; Espanha CV Lattes e-mail: biankapires@gmail.com \u00c1reas de interesse: Diversidade,&#8230;<\/p>\n","protected":false},"author":13,"featured_media":0,"parent":53,"menu_order":1,"comment_status":"closed","ping_status":"open","template":"","meta":{"footnotes":""},"class_list":["post-75","page","type-page","status-publish","hentry"],"_links":{"self":[{"href":"https:\/\/uenf.br\/cch\/leel\/wp-json\/wp\/v2\/pages\/75","targetHints":{"allow":["GET"]}}],"collection":[{"href":"https:\/\/uenf.br\/cch\/leel\/wp-json\/wp\/v2\/pages"}],"about":[{"href":"https:\/\/uenf.br\/cch\/leel\/wp-json\/wp\/v2\/types\/page"}],"author":[{"embeddable":true,"href":"https:\/\/uenf.br\/cch\/leel\/wp-json\/wp\/v2\/users\/13"}],"replies":[{"embeddable":true,"href":"https:\/\/uenf.br\/cch\/leel\/wp-json\/wp\/v2\/comments?post=75"}],"version-history":[{"count":0,"href":"https:\/\/uenf.br\/cch\/leel\/wp-json\/wp\/v2\/pages\/75\/revisions"}],"up":[{"embeddable":true,"href":"https:\/\/uenf.br\/cch\/leel\/wp-json\/wp\/v2\/pages\/53"}],"wp:attachment":[{"href":"https:\/\/uenf.br\/cch\/leel\/wp-json\/wp\/v2\/media?parent=75"}],"curies":[{"name":"wp","href":"https:\/\/api.w.org\/{rel}","templated":true}]}}