{"id":81,"date":"2013-02-27T23:28:37","date_gmt":"2013-02-27T23:28:37","guid":{"rendered":"http:\/\/uenf.br\/cch\/leel\/?page_id=81"},"modified":"2014-07-11T20:55:27","modified_gmt":"2014-07-11T20:55:27","slug":"prof-carlos-henrique-medeiros-de-souza","status":"publish","type":"page","link":"https:\/\/uenf.br\/cch\/leel\/docentes-efetivos\/prof-carlos-henrique-medeiros-de-souza\/","title":{"rendered":"Prof. Carlos Henrique Medeiros de Souza"},"content":{"rendered":"<p align=\"justify\"><a href=\"https:\/\/uenf.br\/cch\/leel\/files\/2013\/02\/CH-Medeiros.jpg\"><img loading=\"lazy\" decoding=\"async\" class=\"alignnone size-full wp-image-291\" alt=\"CH Medeiros\" src=\"https:\/\/uenf.br\/cch\/leel\/files\/2013\/02\/CH-Medeiros.jpg\" width=\"135\" height=\"146\" \/><\/a>Prof. Associado\u00a0IV<\/p>\n<p align=\"justify\">Doutor em Comunica\u00e7\u00e3o e M\u00eddia\u00a0\/ Universidade federal do Rio de Janeiro-UFRJ (2001)<\/p>\n<p align=\"justify\"><a href=\"http:\/\/buscatextual.cnpq.br\/buscatextual\/visualizacv.do?id=K4700526E7\">CV Lattes<\/a><\/p>\n<p align=\"justify\"><strong>e-mail:<\/strong> <a href=\"mailto:chmsouza@uenf.br\">chmsouza@uenf.br<\/a>; <a href=\"mailto:chmsouza@gmail.com\">chmsouza@gmail.com<\/a><\/p>\n<p align=\"justify\"><strong>\u00e1reas de interesse<\/strong>: Pol\u00edticas educacionais, Novas tecnologias da informa\u00e7\u00e3o.<\/p>\n<p align=\"justify\"><strong>Projetos: <\/strong><\/p>\n<p align=\"justify\">1) Politicas Educacionais \/ Avalia\u00e7\u00e3o, onde desenvolve avalia\u00e7\u00e3o instiucional e de curso junto ao INEP\/MEC desde 2001 e CEE\/RJ desde 2006. Foi colaborador do projeto do SINAES , onde atualmente coordena algumas comiss\u00f5es de avalia\u00e7\u00e3o nas \u00e1reas da pedagogia e da dministra\u00e7\u00e3o de empresas.<\/p>\n<p align=\"justify\">2) As novas tecnologias da comunica\u00e7\u00e3o aplicadas aos diversos campos do conhecimento, entre eles, a educa\u00e7\u00e3o atrav\u00e9s da media\u00e7\u00e3o tecnol\u00f3gica, o ciberespa\u00e7o, a m\u00eddia enquanto ve\u00edculo de comunica\u00e7\u00e3o e a sociedade do conhecimento.<\/p>\n<p align=\"justify\"><strong>Disciplinas ministradas<\/strong>:<br \/>\nPeadagogia: Gest\u00e3o educacional<br \/>\nP\u00f3s-gradua\u00e7\u00e3o em Cogni\u00e7\u00e3o e Linguagem: Novas tecnologias da comunica\u00e7\u00e3o<\/p>\n<p>Atualmente \u00e9 <strong>coordenador do projeto de pesquisa GETIC<\/strong> &#8211; Grupo de Estudos da Educa\u00e7\u00e3o, Tecnologia da Comunica\u00e7\u00e3o e Informa\u00e7\u00e3o, devidamente cadastrado junto ao CNPq. Onde o objetivo \u00e9 investigar a linguagem na sua diversidade de refer\u00eancias sociocognitivas sob o ponto de vista da intera\u00e7\u00e3o entre os sujeitos envolvidos em formas de representa\u00e7\u00e3o, dos efeitos do social nas forma\u00e7\u00f5es discursivas, das redefini\u00e7\u00f5es s\u00edgnicas e contextuais envolvidas na aplica\u00e7\u00e3o das novas codifica\u00e7\u00f5es tecnol\u00f3gicas e nas aplica\u00e7\u00f5es sociais dos universos ling\u00fc\u00edsticos.<\/p>\n<p><strong>Sala <\/strong>203<\/p>\n<p><strong>Tel. contato<\/strong>:(22) 2739 7179<br \/>\nCel.: (22) 98111 4404<\/p>\n","protected":false},"excerpt":{"rendered":"<p>Prof. Associado\u00a0IV Doutor em Comunica\u00e7\u00e3o e M\u00eddia\u00a0\/ Universidade federal do Rio de Janeiro-UFRJ (2001) CV Lattes e-mail: chmsouza@uenf.br; chmsouza@gmail.com \u00e1reas&#8230;<\/p>\n","protected":false},"author":13,"featured_media":0,"parent":53,"menu_order":2,"comment_status":"closed","ping_status":"open","template":"","meta":{"footnotes":""},"class_list":["post-81","page","type-page","status-publish","hentry"],"_links":{"self":[{"href":"https:\/\/uenf.br\/cch\/leel\/wp-json\/wp\/v2\/pages\/81","targetHints":{"allow":["GET"]}}],"collection":[{"href":"https:\/\/uenf.br\/cch\/leel\/wp-json\/wp\/v2\/pages"}],"about":[{"href":"https:\/\/uenf.br\/cch\/leel\/wp-json\/wp\/v2\/types\/page"}],"author":[{"embeddable":true,"href":"https:\/\/uenf.br\/cch\/leel\/wp-json\/wp\/v2\/users\/13"}],"replies":[{"embeddable":true,"href":"https:\/\/uenf.br\/cch\/leel\/wp-json\/wp\/v2\/comments?post=81"}],"version-history":[{"count":0,"href":"https:\/\/uenf.br\/cch\/leel\/wp-json\/wp\/v2\/pages\/81\/revisions"}],"up":[{"embeddable":true,"href":"https:\/\/uenf.br\/cch\/leel\/wp-json\/wp\/v2\/pages\/53"}],"wp:attachment":[{"href":"https:\/\/uenf.br\/cch\/leel\/wp-json\/wp\/v2\/media?parent=81"}],"curies":[{"name":"wp","href":"https:\/\/api.w.org\/{rel}","templated":true}]}}