{"id":86,"date":"2013-02-27T23:36:46","date_gmt":"2013-02-27T23:36:46","guid":{"rendered":"http:\/\/uenf.br\/cch\/leel\/?page_id=86"},"modified":"2014-07-11T20:56:03","modified_gmt":"2014-07-11T20:56:03","slug":"profa-eliana-crispim-franca-luquetti","status":"publish","type":"page","link":"https:\/\/uenf.br\/cch\/leel\/docentes-efetivos\/profa-eliana-crispim-franca-luquetti\/","title":{"rendered":"Prof\u00aa Eliana Crispim Franca Luquetti"},"content":{"rendered":"<p><a href=\"https:\/\/uenf.br\/cch\/leel\/files\/2013\/02\/Eliana-Crispim.jpg\"><img loading=\"lazy\" decoding=\"async\" class=\"alignnone size-thumbnail wp-image-294\" alt=\"Eliana Crispim\" src=\"https:\/\/uenf.br\/cch\/leel\/files\/2013\/02\/Eliana-Crispim-150x150.jpg\" width=\"150\" height=\"150\" srcset=\"https:\/\/uenf.br\/cch\/leel\/files\/2013\/02\/Eliana-Crispim-150x150.jpg 150w, https:\/\/uenf.br\/cch\/leel\/files\/2013\/02\/Eliana-Crispim.jpg 174w\" sizes=\"auto, (max-width: 150px) 100vw, 150px\" \/><\/a>Prof\u00aa Associada IV<\/p>\n<p>Doutora em Lingu\u00edstica \/\u00a0\u00a0Universidade Federal do Rio de Janeiro -UFRJ (2008)<\/p>\n<p><a href=\"http:\/\/buscatextual.cnpq.br\/buscatextual\/visualizacv.do?id=K4761422J4\">CV Lattes<\/a><\/p>\n<p><strong>e-mail<\/strong>:\u00a0<a href=\"mailto:elinafff@gmail.com\">elinafff@gmail.com<\/a><\/p>\n<p><strong>\u00c1reas de interesse<\/strong>:\u00a0Educa\u00e7\u00e3o, linguagem, sociolingu\u00edstica, lingu\u00edstica centrada no uso, pol\u00edticas lingu\u00edsticas, pr\u00e1tica e forma\u00e7\u00e3o docente.<\/p>\n<p><strong>Disciplinas ministradas<\/strong>:<\/p>\n<ul>\n<li><strong>Licenciatura em Pedagogia<\/strong>: Conte\u00fado e metodologia do Ensino da Educa\u00e7\u00e3o Infantil; Leitura e Interpreta\u00e7\u00e3o de textos I, Did\u00e1tica.<\/li>\n<li><b>Programa de p\u00f3s-gradua\u00e7\u00e3o em Cogni\u00e7\u00e3o e Linguagem<\/b>: Lingu\u00edstica; Educa\u00e7\u00e3o e Linguagem;\u00a0T\u00f3picos Avan\u00e7ados em Lingu\u00edstica: Linguagem e Sociedade.<\/li>\n<li><strong>Coordenadora das Disciplinas<\/strong>: Conte\u00fado e Metodologia de Ensino dos Anos Iniciais do Ensino Fundamental I, Portugu\u00eas Instrumental I e II e Conte\u00fado e Metodologia do Ensino da Educa\u00e7\u00e3o Infantil.<\/li>\n<\/ul>\n<p><b>Projetos:<\/b><\/p>\n<ul>\n<li>\u201cA import\u00e2ncia da Lingu\u00edstica na forma\u00e7\u00e3o de professores dos anos iniciais do Ensino Fundamental e a Capacita\u00e7\u00e3o de Professores para a forma\u00e7\u00e3o de leitores na escola\u201d\/PROEX<\/li>\n<li>\u201cO processo de ensino e aprendizagem de leitura, escrita e oralidade e suas implicaturas na forma\u00e7\u00e3o e escolar e papel docente\u201d\/PIBIC.<\/li>\n<li><em id=\"__mceDel\">\u201cPol\u00edticas de l\u00edngua e de leitura: formando leitores na escola\u201d\/PIBID<\/em><\/li>\n<\/ul>\n<p><b>Grupo de pesquisa:<\/b><\/p>\n<p style=\"text-align: justify\"><strong>GETIC<\/strong> &#8211; Grupo de Estudos da Educa\u00e7\u00e3o, Tecnologia da Comunica\u00e7\u00e3o e Informa\u00e7\u00e3o &#8211; O objetivo do \u00a0projeto \u00e9 investigar a linguagem na sua diversidade de refer\u00eancias sociocognitivas sob o ponto de vista da intera\u00e7\u00e3o entre os sujeitos envolvidos em formas de representa\u00e7\u00e3o, dos efeitos do social nas forma\u00e7\u00f5es discursivas, das redefini\u00e7\u00f5es s\u00edgnicas e contextuais envolvidas na aplica\u00e7\u00e3o das novas codifica\u00e7\u00f5es tecnol\u00f3gicas e nas aplica\u00e7\u00f5es sociais dos universos lingu\u00edsticos.<\/p>\n<p><strong>Sala <\/strong>202<\/p>\n<p><strong>Tel<\/strong> <strong>de contato<\/strong>: 27397301<\/p>\n<p>&nbsp;<\/p>\n","protected":false},"excerpt":{"rendered":"<p>Prof\u00aa Associada IV Doutora em Lingu\u00edstica \/\u00a0\u00a0Universidade Federal do Rio de Janeiro -UFRJ (2008) CV Lattes e-mail:\u00a0elinafff@gmail.com \u00c1reas de interesse:\u00a0Educa\u00e7\u00e3o,&#8230;<\/p>\n","protected":false},"author":13,"featured_media":0,"parent":53,"menu_order":3,"comment_status":"closed","ping_status":"open","template":"","meta":{"footnotes":""},"class_list":["post-86","page","type-page","status-publish","hentry"],"_links":{"self":[{"href":"https:\/\/uenf.br\/cch\/leel\/wp-json\/wp\/v2\/pages\/86","targetHints":{"allow":["GET"]}}],"collection":[{"href":"https:\/\/uenf.br\/cch\/leel\/wp-json\/wp\/v2\/pages"}],"about":[{"href":"https:\/\/uenf.br\/cch\/leel\/wp-json\/wp\/v2\/types\/page"}],"author":[{"embeddable":true,"href":"https:\/\/uenf.br\/cch\/leel\/wp-json\/wp\/v2\/users\/13"}],"replies":[{"embeddable":true,"href":"https:\/\/uenf.br\/cch\/leel\/wp-json\/wp\/v2\/comments?post=86"}],"version-history":[{"count":0,"href":"https:\/\/uenf.br\/cch\/leel\/wp-json\/wp\/v2\/pages\/86\/revisions"}],"up":[{"embeddable":true,"href":"https:\/\/uenf.br\/cch\/leel\/wp-json\/wp\/v2\/pages\/53"}],"wp:attachment":[{"href":"https:\/\/uenf.br\/cch\/leel\/wp-json\/wp\/v2\/media?parent=86"}],"curies":[{"name":"wp","href":"https:\/\/api.w.org\/{rel}","templated":true}]}}