{"id":90,"date":"2013-02-27T23:41:28","date_gmt":"2013-02-27T23:41:28","guid":{"rendered":"http:\/\/uenf.br\/cch\/leel\/?page_id=90"},"modified":"2018-05-21T21:53:01","modified_gmt":"2018-05-21T21:53:01","slug":"prof-gerson-tavares-do-carmo","status":"publish","type":"page","link":"https:\/\/uenf.br\/cch\/leel\/docentes-efetivos\/prof-gerson-tavares-do-carmo\/","title":{"rendered":"Prof. Gerson Tavares do Carmo"},"content":{"rendered":"<p><a href=\"https:\/\/uenf.br\/cch\/leel\/files\/2013\/02\/Gerson-Tavares.jpg\"><img loading=\"lazy\" decoding=\"async\" class=\"alignnone size-thumbnail wp-image-296\" src=\"https:\/\/uenf.br\/cch\/leel\/files\/2013\/02\/Gerson-Tavares-150x150.jpg\" alt=\"Gerson Tavares\" width=\"150\" height=\"150\" srcset=\"https:\/\/uenf.br\/cch\/leel\/files\/2013\/02\/Gerson-Tavares-150x150.jpg 150w, https:\/\/uenf.br\/cch\/leel\/files\/2013\/02\/Gerson-Tavares.jpg 241w\" sizes=\"auto, (max-width: 150px) 100vw, 150px\" \/><\/a>Prof. Associado IV<\/p>\n<p>Doutor em Sociologia Pol\u00edtica- Universidade Estadual do Norte Fluminense Darci Ribeiro-UENF (2010)<\/p>\n<p><a href=\"http:\/\/buscatextual.cnpq.br\/buscatextual\/visualizacv.do?id=K4708351H5\">CV Lattes<\/a><\/p>\n<p style=\"font-weight: 400\"><strong>e-mail<\/strong>:\u00a0<a href=\"mailto:gtavares33@gmail.com.br\">gtavares33@gmail.com.br<\/a><\/p>\n<p style=\"font-weight: 400\"><strong>\u00c1reas de interesse<\/strong>: Educa\u00e7\u00e3o de Jovens e Adultos (EJA); Perman\u00eancia na Educa\u00e7\u00e3o; Escrita Autoral.<\/p>\n<p style=\"font-weight: 400\"><strong>Grupos de Pesquisa:<\/strong><\/p>\n<p style=\"font-weight: 400\">1)\u00a0\u00a0\u00a0N\u00facleo de Estudos sobre Acesso e Perman\u00eancia na Educa\u00e7\u00e3o \u2013 vice-l\u00edder<\/p>\n<p style=\"font-weight: 400\">2)\u00a0\u00a0Escrita: poder e subjetividades &#8211; l\u00edder<\/p>\n<p style=\"font-weight: 400\"><strong>\u00a0<\/strong><\/p>\n<p style=\"font-weight: 400\"><strong>Projeto<\/strong>:<\/p>\n<p style=\"font-weight: 400\">A inven\u00e7\u00e3o de um \u201cendosc\u00f3pio socioacad\u00eamico\u201d para navegar no cotidiano de uma sala de aula: uma experi\u00eancia coletiva de fei\u00e7\u00e3o pragm\u00e1tica, \u00e9 vi\u00e1vel?\u00a0\u00a0(UENF\/IFF)<\/p>\n<p style=\"font-weight: 400\">\n<p style=\"font-weight: 400\"><strong>Disciplinas ministradas<\/strong>:<\/p>\n<p style=\"font-weight: 400\">* Fundamentos da Alfabetiza\u00e7\u00e3o;<\/p>\n<p style=\"font-weight: 400\">* Alfabetiza\u00e7\u00e3o de Jovens e Adultos.<\/p>\n<p style=\"font-weight: 400\"><strong>\u00a0<\/strong><\/p>\n<p style=\"font-weight: 400\"><strong>Sala\u00a0<\/strong>203\u00a0\u00a0\u00a0<strong>Gabinete\u00a0<\/strong>5<\/p>\n<p style=\"font-weight: 400\"><strong><br \/>\nTel de contato<\/strong>: 22 2748 6460<\/p>\n<div><\/div>\n","protected":false},"excerpt":{"rendered":"<p>Prof. Associado IV Doutor em Sociologia Pol\u00edtica- Universidade Estadual do Norte Fluminense Darci Ribeiro-UENF (2010) CV Lattes e-mail:\u00a0gtavares33@gmail.com.br \u00c1reas de&#8230;<\/p>\n","protected":false},"author":13,"featured_media":0,"parent":53,"menu_order":4,"comment_status":"closed","ping_status":"open","template":"","meta":{"footnotes":""},"class_list":["post-90","page","type-page","status-publish","hentry"],"_links":{"self":[{"href":"https:\/\/uenf.br\/cch\/leel\/wp-json\/wp\/v2\/pages\/90","targetHints":{"allow":["GET"]}}],"collection":[{"href":"https:\/\/uenf.br\/cch\/leel\/wp-json\/wp\/v2\/pages"}],"about":[{"href":"https:\/\/uenf.br\/cch\/leel\/wp-json\/wp\/v2\/types\/page"}],"author":[{"embeddable":true,"href":"https:\/\/uenf.br\/cch\/leel\/wp-json\/wp\/v2\/users\/13"}],"replies":[{"embeddable":true,"href":"https:\/\/uenf.br\/cch\/leel\/wp-json\/wp\/v2\/comments?post=90"}],"version-history":[{"count":0,"href":"https:\/\/uenf.br\/cch\/leel\/wp-json\/wp\/v2\/pages\/90\/revisions"}],"up":[{"embeddable":true,"href":"https:\/\/uenf.br\/cch\/leel\/wp-json\/wp\/v2\/pages\/53"}],"wp:attachment":[{"href":"https:\/\/uenf.br\/cch\/leel\/wp-json\/wp\/v2\/media?parent=90"}],"curies":[{"name":"wp","href":"https:\/\/api.w.org\/{rel}","templated":true}]}}