{"id":94,"date":"2013-02-27T23:45:14","date_gmt":"2013-02-27T23:45:14","guid":{"rendered":"http:\/\/uenf.br\/cch\/leel\/?page_id=94"},"modified":"2014-07-11T20:57:17","modified_gmt":"2014-07-11T20:57:17","slug":"prof-giovane-do-nascimento","status":"publish","type":"page","link":"https:\/\/uenf.br\/cch\/leel\/docentes-efetivos\/prof-giovane-do-nascimento\/","title":{"rendered":"Prof. Giovane do Nascimento"},"content":{"rendered":"<p>Prof. Associado IV<\/p>\n<p>Doutor em Pol\u00edticas P\u00fablicas e Forma\u00e7\u00e3o Humana \/ UERJ\/PPFH<\/p>\n<p><a href=\"http:\/\/buscatextual.cnpq.br\/buscatextual\/visualizacv.do?id=K4797674J3\">CV lattes<\/a><\/p>\n<p><strong>e-mail<\/strong>: giovanedonascimento@gmail.com<\/p>\n<p><strong>\u00c1reas de<\/strong> <strong>interesse<\/strong>: Introdu\u00e7\u00e3o \u00e0 Filosofia, fundamentos da educa\u00e7\u00e3o e pol\u00edticas p\u00fablicas para a forma\u00e7\u00e3o humana.<\/p>\n<p><strong>Projetos<\/strong>:<\/p>\n<p><strong>Disciplinas ministradas<\/strong>:<\/p>\n<p>Programa de P\u00f3s-Gradua\u00e7\u00e3o em Cogni\u00e7\u00e3o e Linguagem<\/p>\n<p>Gradua\u00e7\u00e3o em Pedagogia e licenciaturas: Filosofia da educa\u00e7\u00e3o e Fundamentos da educa\u00e7\u00e3o.<\/p>\n<p><strong>Sala <\/strong>204<\/p>\n<p><strong>Tel de contato<\/strong>: 27486461<\/p>\n","protected":false},"excerpt":{"rendered":"<p>Prof. Associado IV Doutor em Pol\u00edticas P\u00fablicas e Forma\u00e7\u00e3o Humana \/ UERJ\/PPFH CV lattes e-mail: giovanedonascimento@gmail.com \u00c1reas de interesse: Introdu\u00e7\u00e3o&#8230;<\/p>\n","protected":false},"author":13,"featured_media":0,"parent":53,"menu_order":5,"comment_status":"closed","ping_status":"open","template":"","meta":{"footnotes":""},"class_list":["post-94","page","type-page","status-publish","hentry"],"_links":{"self":[{"href":"https:\/\/uenf.br\/cch\/leel\/wp-json\/wp\/v2\/pages\/94","targetHints":{"allow":["GET"]}}],"collection":[{"href":"https:\/\/uenf.br\/cch\/leel\/wp-json\/wp\/v2\/pages"}],"about":[{"href":"https:\/\/uenf.br\/cch\/leel\/wp-json\/wp\/v2\/types\/page"}],"author":[{"embeddable":true,"href":"https:\/\/uenf.br\/cch\/leel\/wp-json\/wp\/v2\/users\/13"}],"replies":[{"embeddable":true,"href":"https:\/\/uenf.br\/cch\/leel\/wp-json\/wp\/v2\/comments?post=94"}],"version-history":[{"count":0,"href":"https:\/\/uenf.br\/cch\/leel\/wp-json\/wp\/v2\/pages\/94\/revisions"}],"up":[{"embeddable":true,"href":"https:\/\/uenf.br\/cch\/leel\/wp-json\/wp\/v2\/pages\/53"}],"wp:attachment":[{"href":"https:\/\/uenf.br\/cch\/leel\/wp-json\/wp\/v2\/media?parent=94"}],"curies":[{"name":"wp","href":"https:\/\/api.w.org\/{rel}","templated":true}]}}