{"id":98,"date":"2013-02-27T23:47:26","date_gmt":"2013-02-27T23:47:26","guid":{"rendered":"http:\/\/uenf.br\/cch\/leel\/?page_id=98"},"modified":"2014-07-11T20:57:37","modified_gmt":"2014-07-11T20:57:37","slug":"prof-leandro-garcia-pinho","status":"publish","type":"page","link":"https:\/\/uenf.br\/cch\/leel\/docentes-efetivos\/prof-leandro-garcia-pinho\/","title":{"rendered":"Prof. Leandro Garcia Pinho"},"content":{"rendered":"<p><a href=\"https:\/\/uenf.br\/cch\/leel\/files\/2013\/02\/Leandro-Garcia-Pinho.jpg\"><img loading=\"lazy\" decoding=\"async\" class=\"alignnone size-thumbnail wp-image-298\" alt=\"Leandro Garcia Pinho\" src=\"https:\/\/uenf.br\/cch\/leel\/files\/2013\/02\/Leandro-Garcia-Pinho-150x150.jpg\" width=\"150\" height=\"150\" \/><\/a>Prof. Associado IV<\/p>\n<p>Doutor em Ci\u00eancia da Religi\u00e3o\/ Universidade Federal de Juiz de Fora-MG<\/p>\n<p><a href=\"http:\/\/buscatextual.cnpq.br\/buscatextual\/visualizacv.do?id=K4766241A3\">CV lattes<\/a><a href=\"http:\/\/buscatextual.cnpq.br\/buscatextual\/visualizacv.jsp?id=K4766241A3\"><br \/>\n<\/a><br \/>\n<strong>e-mail<\/strong>: <a href=\"mailto:leandropinho@uenf.br\">leandropinho@uenf.br<\/a>; <a href=\"mailto:leandrogarciapinho@yahoo.com.br\">leandrogarciapinho@yahoo.com.br<\/a><\/p>\n<p><strong>\u00c1reas de interesse<\/strong>: hist\u00f3ria da educa\u00e7\u00e3o, hist\u00f3ria das institui\u00e7\u00f5es escolares, hist\u00f3ria intelectual, hist\u00f3ria dos jesu\u00edtas.<\/p>\n<p><strong>Projetos<\/strong>:<\/p>\n<p><strong>Disciplinas ministradas<\/strong>:<\/p>\n<p>Programa de P\u00f3s-Gradua\u00e7\u00e3o em Pol\u00edticas Sociais:<\/p>\n<p>Gradua\u00e7\u00e3o em Pedagogia e licenciaturas: Hist\u00f3ria da Educa\u00e7\u00e3o\u00a0e Fundamentos da Educa\u00e7\u00e3o<\/p>\n<p><strong>Sala <\/strong>204<\/p>\n<p><strong>Tel de contato<\/strong>: 27397183<\/p>\n","protected":false},"excerpt":{"rendered":"<p>Prof. Associado IV Doutor em Ci\u00eancia da Religi\u00e3o\/ Universidade Federal de Juiz de Fora-MG CV lattes e-mail: leandropinho@uenf.br; leandrogarciapinho@yahoo.com.br \u00c1reas&#8230;<\/p>\n","protected":false},"author":13,"featured_media":0,"parent":53,"menu_order":6,"comment_status":"closed","ping_status":"open","template":"","meta":{"footnotes":""},"class_list":["post-98","page","type-page","status-publish","hentry"],"_links":{"self":[{"href":"https:\/\/uenf.br\/cch\/leel\/wp-json\/wp\/v2\/pages\/98","targetHints":{"allow":["GET"]}}],"collection":[{"href":"https:\/\/uenf.br\/cch\/leel\/wp-json\/wp\/v2\/pages"}],"about":[{"href":"https:\/\/uenf.br\/cch\/leel\/wp-json\/wp\/v2\/types\/page"}],"author":[{"embeddable":true,"href":"https:\/\/uenf.br\/cch\/leel\/wp-json\/wp\/v2\/users\/13"}],"replies":[{"embeddable":true,"href":"https:\/\/uenf.br\/cch\/leel\/wp-json\/wp\/v2\/comments?post=98"}],"version-history":[{"count":0,"href":"https:\/\/uenf.br\/cch\/leel\/wp-json\/wp\/v2\/pages\/98\/revisions"}],"up":[{"embeddable":true,"href":"https:\/\/uenf.br\/cch\/leel\/wp-json\/wp\/v2\/pages\/53"}],"wp:attachment":[{"href":"https:\/\/uenf.br\/cch\/leel\/wp-json\/wp\/v2\/media?parent=98"}],"curies":[{"name":"wp","href":"https:\/\/api.w.org\/{rel}","templated":true}]}}