{"id":106,"date":"2013-03-25T12:44:37","date_gmt":"2013-03-25T12:44:37","guid":{"rendered":"http:\/\/uenf.br\/cch\/lesce\/?page_id=106"},"modified":"2026-03-12T22:37:15","modified_gmt":"2026-03-12T22:37:15","slug":"enderecos","status":"publish","type":"page","link":"https:\/\/uenf.br\/cch\/lesce\/administracao-2\/enderecos\/","title":{"rendered":"Lista telef\u00f4nica"},"content":{"rendered":"<p><a href=\"https:\/\/lista.uenf.br\/\">Acesse aqui a rela\u00e7\u00e3o de endere\u00e7os e telefones da UENF.<\/a><\/p>\n<table style=\"height: 902px\" width=\"439\">\n<tbody>\n<tr>\n<td><strong>Nome<\/strong><\/td>\n<td><strong>Telefone<\/strong><\/td>\n<\/tr>\n<tr>\n<td><\/td>\n<td><\/td>\n<\/tr>\n<tr>\n<td><em>Gustavo Batista Sales <\/em><\/td>\n<td>(22) 2739-7040<\/td>\n<\/tr>\n<tr>\n<td><em>Hamilton Garcia de lima <\/em><\/td>\n<td>(22) 2739-7387<\/td>\n<\/tr>\n<tr>\n<td><em>Hugo Alberto Borsani Cardozo <\/em><\/td>\n<td>(22) 2739-7395<\/td>\n<\/tr>\n<tr>\n<td><em>Lacir Jorge Soares <\/em><\/td>\n<td>(22) 2739-7392<\/td>\n<\/tr>\n<tr>\n<td><em>Luciane Soares da Silva <\/em><\/td>\n<td>(22) 2739-7321<\/td>\n<\/tr>\n<tr>\n<td><em>Marinete dos Santos Silva <\/em><\/td>\n<td>(22) 2739-7393<\/td>\n<\/tr>\n<tr>\n<td><em>Paulo S\u00e9rgio Belchior Mesquita <\/em><\/td>\n<td>(22) 2739-7120<\/td>\n<\/tr>\n<tr>\n<td><em>Vitor de Moraes Peixoto <\/em><\/td>\n<td>(22) 2739-7394<\/td>\n<\/tr>\n<tr>\n<td><em>Wania Am\u00e9lia Belchior Mesquita <\/em><\/td>\n<td><\/td>\n<\/tr>\n<\/tbody>\n<\/table>\n","protected":false},"excerpt":{"rendered":"<p>Acesse aqui a rela\u00e7\u00e3o de endere\u00e7os e telefones da UENF. Nome Telefone Gustavo Batista Sales (22) 2739-7040 Hamilton Garcia de&#8230;<\/p>\n","protected":false},"author":17,"featured_media":0,"parent":97,"menu_order":3,"comment_status":"open","ping_status":"open","template":"","meta":{"footnotes":""},"class_list":["post-106","page","type-page","status-publish","hentry"],"_links":{"self":[{"href":"https:\/\/uenf.br\/cch\/lesce\/wp-json\/wp\/v2\/pages\/106","targetHints":{"allow":["GET"]}}],"collection":[{"href":"https:\/\/uenf.br\/cch\/lesce\/wp-json\/wp\/v2\/pages"}],"about":[{"href":"https:\/\/uenf.br\/cch\/lesce\/wp-json\/wp\/v2\/types\/page"}],"author":[{"embeddable":true,"href":"https:\/\/uenf.br\/cch\/lesce\/wp-json\/wp\/v2\/users\/17"}],"replies":[{"embeddable":true,"href":"https:\/\/uenf.br\/cch\/lesce\/wp-json\/wp\/v2\/comments?post=106"}],"version-history":[{"count":0,"href":"https:\/\/uenf.br\/cch\/lesce\/wp-json\/wp\/v2\/pages\/106\/revisions"}],"up":[{"embeddable":true,"href":"https:\/\/uenf.br\/cch\/lesce\/wp-json\/wp\/v2\/pages\/97"}],"wp:attachment":[{"href":"https:\/\/uenf.br\/cch\/lesce\/wp-json\/wp\/v2\/media?parent=106"}],"curies":[{"name":"wp","href":"https:\/\/api.w.org\/{rel}","templated":true}]}}