{"id":2,"date":"2013-03-19T13:07:13","date_gmt":"2013-03-19T13:07:13","guid":{"rendered":"http:\/\/uenf.br\/cch\/lesce\/?page_id=2"},"modified":"2016-10-19T15:45:49","modified_gmt":"2016-10-19T15:45:49","slug":"apresentacao","status":"publish","type":"page","link":"https:\/\/uenf.br\/cch\/lesce\/","title":{"rendered":"Apresenta\u00e7\u00e3o"},"content":{"rendered":"<p style=\"text-align: justify\">O LESCE dedica-se \u00e0 an\u00e1lise dos processos de consolida\u00e7\u00e3o e transforma\u00e7\u00e3o das estruturas sociais, pol\u00edticas e econ\u00f4micas com \u00eanfase na realidade do Norte Fluminense, mas n\u00e3o exclusivamente.<\/p>\n<p style=\"text-align: justify\">Incluem-se entre os seus objetivos a produ\u00e7\u00e3o de conhecimentos para a cr\u00edtica e formula\u00e7\u00e3o de pol\u00edticas p\u00fablicas e gera\u00e7\u00e3o de dados de interesse para pesquisas no \u00e2mbito local, regional, estadual e nacional.<\/p>\n<p style=\"text-align: justify\">Sua equipe multidisciplinar \u00e9 respons\u00e1vel pela oferta de disciplinas nas \u00e1reas de Sociologia, Ci\u00eancia Pol\u00edtica, Antropologia, Hist\u00f3ria e Estat\u00edstica no curso de gradua\u00e7\u00e3o de ci\u00eancias sociais do Centro de Ci\u00eancias do Homem (CCH), al\u00e9m de atender demandas dos demais centros.<\/p>\n<p style=\"text-align: justify\">\u00a0Alguns professores do LESCE integram o corpo docente do <a href=\"http:\/\/uenf.br\/pos-graduacao\/sociologia-politica\/\">Programa de P\u00f3s-Gradua\u00e7\u00e3o em Sociologia Politica<\/a>\u00a0da UENF.<\/p>\n","protected":false},"excerpt":{"rendered":"<p>O LESCE dedica-se \u00e0 an\u00e1lise dos processos de consolida\u00e7\u00e3o e transforma\u00e7\u00e3o das estruturas sociais, pol\u00edticas e econ\u00f4micas com \u00eanfase na&#8230;<\/p>\n","protected":false},"author":15,"featured_media":0,"parent":0,"menu_order":0,"comment_status":"open","ping_status":"closed","template":"","meta":{"footnotes":""},"class_list":["post-2","page","type-page","status-publish","hentry"],"_links":{"self":[{"href":"https:\/\/uenf.br\/cch\/lesce\/wp-json\/wp\/v2\/pages\/2","targetHints":{"allow":["GET"]}}],"collection":[{"href":"https:\/\/uenf.br\/cch\/lesce\/wp-json\/wp\/v2\/pages"}],"about":[{"href":"https:\/\/uenf.br\/cch\/lesce\/wp-json\/wp\/v2\/types\/page"}],"author":[{"embeddable":true,"href":"https:\/\/uenf.br\/cch\/lesce\/wp-json\/wp\/v2\/users\/15"}],"replies":[{"embeddable":true,"href":"https:\/\/uenf.br\/cch\/lesce\/wp-json\/wp\/v2\/comments?post=2"}],"version-history":[{"count":0,"href":"https:\/\/uenf.br\/cch\/lesce\/wp-json\/wp\/v2\/pages\/2\/revisions"}],"wp:attachment":[{"href":"https:\/\/uenf.br\/cch\/lesce\/wp-json\/wp\/v2\/media?parent=2"}],"curies":[{"name":"wp","href":"https:\/\/api.w.org\/{rel}","templated":true}]}}