{"id":20,"date":"2013-03-22T19:23:00","date_gmt":"2013-03-22T19:23:00","guid":{"rendered":"http:\/\/uenf.br\/cch\/lesce\/?page_id=20"},"modified":"2024-03-25T16:16:02","modified_gmt":"2024-03-25T16:16:02","slug":"ensino","status":"publish","type":"page","link":"https:\/\/uenf.br\/cch\/lesce\/ensino\/","title":{"rendered":"Ensino"},"content":{"rendered":"<p><a href=\"https:\/\/uenf.br\/graduacao\/ciencias-sociais\/sobre-o-curso\/\"><span style=\"text-decoration: underline\"><em><strong>GRADUA\u00c7\u00c3O EM CI\u00caNCIAS SOCIAIS<\/strong><\/em><\/span><\/a><\/p>\n<p>&nbsp;<\/p>\n<p><a href=\"https:\/\/uenf.br\/posgraduacao\/sociologia-politica\/\"><span style=\"text-decoration: underline\"><em><strong>PROGRAMA DE P\u00d3S-GRADUA\u00c7\u00c3O EM SOCIOLOGIA POL\u00cdTICA<\/strong><\/em><\/span><\/a><\/p>\n<p>&nbsp;<\/p>\n<p>&nbsp;<\/p>\n<p>&nbsp;<\/p>\n<p>&nbsp;<\/p>\n","protected":false},"excerpt":{"rendered":"<p>GRADUA\u00c7\u00c3O EM CI\u00caNCIAS SOCIAIS &nbsp; PROGRAMA DE P\u00d3S-GRADUA\u00c7\u00c3O EM SOCIOLOGIA POL\u00cdTICA &nbsp; &nbsp; &nbsp; &nbsp;<\/p>\n","protected":false},"author":17,"featured_media":0,"parent":0,"menu_order":4,"comment_status":"open","ping_status":"open","template":"","meta":{"footnotes":""},"class_list":["post-20","page","type-page","status-publish","hentry"],"_links":{"self":[{"href":"https:\/\/uenf.br\/cch\/lesce\/wp-json\/wp\/v2\/pages\/20","targetHints":{"allow":["GET"]}}],"collection":[{"href":"https:\/\/uenf.br\/cch\/lesce\/wp-json\/wp\/v2\/pages"}],"about":[{"href":"https:\/\/uenf.br\/cch\/lesce\/wp-json\/wp\/v2\/types\/page"}],"author":[{"embeddable":true,"href":"https:\/\/uenf.br\/cch\/lesce\/wp-json\/wp\/v2\/users\/17"}],"replies":[{"embeddable":true,"href":"https:\/\/uenf.br\/cch\/lesce\/wp-json\/wp\/v2\/comments?post=20"}],"version-history":[{"count":0,"href":"https:\/\/uenf.br\/cch\/lesce\/wp-json\/wp\/v2\/pages\/20\/revisions"}],"wp:attachment":[{"href":"https:\/\/uenf.br\/cch\/lesce\/wp-json\/wp\/v2\/media?parent=20"}],"curies":[{"name":"wp","href":"https:\/\/api.w.org\/{rel}","templated":true}]}}