{"id":268,"date":"2013-05-27T16:59:36","date_gmt":"2013-05-27T16:59:36","guid":{"rendered":"http:\/\/uenf.br\/cch\/lesce\/?page_id=268"},"modified":"2013-10-04T15:37:29","modified_gmt":"2013-10-04T15:37:29","slug":"indicadores-sociais","status":"publish","type":"page","link":"https:\/\/uenf.br\/cch\/lesce\/indicadores-sociais\/","title":{"rendered":"Indicadores Socioecon\u00f4micos"},"content":{"rendered":"<p>Indicador social \u00e9 uma medida em geral quantitativa dotada de significado social substantivo, usado para substituir, quantificar ou operacionalizar um conceito social abstrato, de interesse te\u00f3rico (para pesquisa acad\u00eamica) ou program\u00e1tico (para formula\u00e7\u00e3o de pol\u00edticas).<\/p>\n<p><em>Paulo de Martino Jannuzzi<\/em><\/p>\n","protected":false},"excerpt":{"rendered":"<p>Indicador social \u00e9 uma medida em geral quantitativa dotada de significado social substantivo, usado para substituir, quantificar ou operacionalizar um&#8230;<\/p>\n","protected":false},"author":17,"featured_media":0,"parent":0,"menu_order":5,"comment_status":"open","ping_status":"open","template":"","meta":{"footnotes":""},"class_list":["post-268","page","type-page","status-publish","hentry"],"_links":{"self":[{"href":"https:\/\/uenf.br\/cch\/lesce\/wp-json\/wp\/v2\/pages\/268","targetHints":{"allow":["GET"]}}],"collection":[{"href":"https:\/\/uenf.br\/cch\/lesce\/wp-json\/wp\/v2\/pages"}],"about":[{"href":"https:\/\/uenf.br\/cch\/lesce\/wp-json\/wp\/v2\/types\/page"}],"author":[{"embeddable":true,"href":"https:\/\/uenf.br\/cch\/lesce\/wp-json\/wp\/v2\/users\/17"}],"replies":[{"embeddable":true,"href":"https:\/\/uenf.br\/cch\/lesce\/wp-json\/wp\/v2\/comments?post=268"}],"version-history":[{"count":0,"href":"https:\/\/uenf.br\/cch\/lesce\/wp-json\/wp\/v2\/pages\/268\/revisions"}],"wp:attachment":[{"href":"https:\/\/uenf.br\/cch\/lesce\/wp-json\/wp\/v2\/media?parent=268"}],"curies":[{"name":"wp","href":"https:\/\/api.w.org\/{rel}","templated":true}]}}